{"id":5,"date":"2023-01-10T12:26:09","date_gmt":"2023-01-10T11:26:09","guid":{"rendered":"http:\/\/dev.parcs-eoliens-enertrag.fr\/testy\/?page_id=5"},"modified":"2025-04-28T11:19:30","modified_gmt":"2025-04-28T09:19:30","slug":"attente","status":"publish","type":"page","link":"https:\/\/www.enertrag.fr\/sandillon\/","title":{"rendered":"Accueil"},"content":{"rendered":"\t\t<div data-elementor-type=\"wp-page\" data-elementor-id=\"5\" class=\"elementor elementor-5\" data-elementor-settings=\"{&quot;ha_cmc_init_switcher&quot;:&quot;no&quot;}\" data-elementor-post-type=\"page\">\n\t\t\t\t\t\t<section class=\"elementor-section elementor-top-section elementor-element elementor-element-11af55b elementor-section-full_width elementor-section-height-full elementor-section-height-default elementor-section-items-middle\" data-id=\"11af55b\" data-element_type=\"section\" data-e-type=\"section\" data-settings=\"{&quot;background_background&quot;:&quot;classic&quot;,&quot;_ha_eqh_enable&quot;:false}\">\n\t\t\t\t\t\t<div class=\"elementor-container elementor-column-gap-default\">\n\t\t\t\t\t<div class=\"elementor-column elementor-col-100 elementor-top-column elementor-element elementor-element-fa42153\" data-id=\"fa42153\" data-element_type=\"column\" data-e-type=\"column\" data-settings=\"{&quot;animation&quot;:&quot;none&quot;}\">\n\t\t\t<div class=\"elementor-widget-wrap elementor-element-populated\">\n\t\t\t\t\t\t<div class=\"elementor-element elementor-element-2363a02 elementor-invisible elementor-widget elementor-widget-heading\" data-id=\"2363a02\" data-element_type=\"widget\" data-e-type=\"widget\" data-settings=\"{&quot;_animation&quot;:&quot;fadeInUp&quot;}\" data-widget_type=\"heading.default\">\n\t\t\t\t<div class=\"elementor-widget-container\">\n\t\t\t\t\t<h1 class=\"elementor-heading-title elementor-size-default\">Projet agrivolta\u00efque <br>de Sandillon<\/h1>\t\t\t\t<\/div>\n\t\t\t\t<\/div>\n\t\t\t\t\t<\/div>\n\t\t<\/div>\n\t\t\t\t\t<\/div>\n\t\t<\/section>\n\t\t\t\t<section class=\"elementor-section elementor-top-section elementor-element elementor-element-c97c833 elementor-section-boxed elementor-section-height-default elementor-section-height-default\" data-id=\"c97c833\" data-element_type=\"section\" data-e-type=\"section\" data-settings=\"{&quot;background_background&quot;:&quot;classic&quot;,&quot;_ha_eqh_enable&quot;:false}\">\n\t\t\t\t\t\t<div class=\"elementor-container elementor-column-gap-default\">\n\t\t\t\t\t<div class=\"elementor-column elementor-col-100 elementor-top-column elementor-element elementor-element-3f0f230\" data-id=\"3f0f230\" data-element_type=\"column\" data-e-type=\"column\">\n\t\t\t<div class=\"elementor-widget-wrap elementor-element-populated\">\n\t\t\t\t\t\t<div class=\"elementor-element elementor-element-4d66b2a elementor-widget elementor-widget-text-editor\" data-id=\"4d66b2a\" data-element_type=\"widget\" data-e-type=\"widget\" data-widget_type=\"text-editor.default\">\n\t\t\t\t<div class=\"elementor-widget-container\">\n\t\t\t\t\t\t\t\t\t<p>Depuis le premier trimestre 2022, ENERTRAG \u00e9tudie la possibilit\u00e9 d\u2019implanter une centrale agrivolta\u00efque pour produire de l\u2019\u00e9lectricit\u00e9 renouvelable sur votre commune. Les \u00e9tudes r\u00e9alis\u00e9es l\u2019ann\u00e9e derni\u00e8re et les \u00e9changes avec les services de l\u2019\u00e9tat nous permettent de vous pr\u00e9senter les premiers \u00e9l\u00e9ments du projet.<\/p><p>\u00a0<\/p>\t\t\t\t\t\t\t\t<\/div>\n\t\t\t\t<\/div>\n\t\t\t\t<div class=\"elementor-element elementor-element-ad352ab elementor-align-right btn_blanc elementor-tablet-align-center elementor-widget elementor-widget-button\" data-id=\"ad352ab\" data-element_type=\"widget\" data-e-type=\"widget\" data-widget_type=\"button.default\">\n\t\t\t\t<div class=\"elementor-widget-container\">\n\t\t\t\t\t\t\t\t\t<div class=\"elementor-button-wrapper\">\n\t\t\t\t\t<a class=\"elementor-button elementor-button-link elementor-size-sm\" href=\"http:\/\/www.enertrag.fr\/sandillon\/le-projet\">\n\t\t\t\t\t\t<span class=\"elementor-button-content-wrapper\">\n\t\t\t\t\t\t<span class=\"elementor-button-icon\">\n\t\t\t\t<i aria-hidden=\"true\" class=\"hm hm-arrow-right\"><\/i>\t\t\t<\/span>\n\t\t\t\t\t\t\t\t\t<span class=\"elementor-button-text\">D\u00e9couvrir le projet<\/span>\n\t\t\t\t\t<\/span>\n\t\t\t\t\t<\/a>\n\t\t\t\t<\/div>\n\t\t\t\t\t\t\t\t<\/div>\n\t\t\t\t<\/div>\n\t\t\t\t\t<\/div>\n\t\t<\/div>\n\t\t\t\t\t<\/div>\n\t\t<\/section>\n\t\t\t\t<\/div>\n\t\t","protected":false},"excerpt":{"rendered":"<p>Projet agrivolta\u00efque de Sandillon Depuis le premier trimestre 2022, ENERTRAG \u00e9tudie la possibilit\u00e9 d\u2019implanter une centrale agrivolta\u00efque pour produire de l\u2019\u00e9lectricit\u00e9 renouvelable sur votre commune. Les \u00e9tudes r\u00e9alis\u00e9es l\u2019ann\u00e9e derni\u00e8re et les \u00e9changes avec les services de l\u2019\u00e9tat nous permettent de vous pr\u00e9senter les premiers \u00e9l\u00e9ments du projet. \u00a0 D\u00e9couvrir le projet<\/p>\n","protected":false},"author":1,"featured_media":0,"parent":0,"menu_order":0,"comment_status":"closed","ping_status":"closed","template":"","meta":{"_acf_changed":false,"footnotes":""},"class_list":["post-5","page","type-page","status-publish","hentry"],"acf":[],"yoast_head":"<!-- This site is optimized with the Yoast SEO plugin v27.4 - https:\/\/yoast.com\/product\/yoast-seo-wordpress\/ -->\n<title>Accueil - Projet photovolta\u00efque de Sandillon<\/title>\n<meta name=\"robots\" content=\"index, follow, max-snippet:-1, max-image-preview:large, max-video-preview:-1\" \/>\n<link rel=\"canonical\" href=\"https:\/\/www.enertrag.fr\/sandillon\/\" \/>\n<meta property=\"og:locale\" content=\"fr_FR\" \/>\n<meta property=\"og:type\" content=\"article\" \/>\n<meta property=\"og:title\" content=\"Accueil - Projet photovolta\u00efque de Sandillon\" \/>\n<meta property=\"og:description\" content=\"Projet agrivolta\u00efque de Sandillon Depuis le premier trimestre 2022, ENERTRAG \u00e9tudie la possibilit\u00e9 d\u2019implanter une centrale agrivolta\u00efque pour produire de l\u2019\u00e9lectricit\u00e9 renouvelable sur votre commune. Les \u00e9tudes r\u00e9alis\u00e9es l\u2019ann\u00e9e derni\u00e8re et les \u00e9changes avec les services de l\u2019\u00e9tat nous permettent de vous pr\u00e9senter les premiers \u00e9l\u00e9ments du projet. \u00a0 D\u00e9couvrir le projet\" \/>\n<meta property=\"og:url\" content=\"https:\/\/www.enertrag.fr\/sandillon\/\" \/>\n<meta property=\"og:site_name\" content=\"Projet photovolta\u00efque de Sandillon\" \/>\n<meta property=\"article:modified_time\" content=\"2025-04-28T09:19:30+00:00\" \/>\n<meta name=\"twitter:card\" content=\"summary_large_image\" \/>\n<meta name=\"twitter:label1\" content=\"Dur\u00e9e de lecture estim\u00e9e\" \/>\n\t<meta name=\"twitter:data1\" content=\"1 minute\" \/>\n<script type=\"application\/ld+json\" class=\"yoast-schema-graph\">{\"@context\":\"https:\\\/\\\/schema.org\",\"@graph\":[{\"@type\":\"WebPage\",\"@id\":\"https:\\\/\\\/www.enertrag.fr\\\/sandillon\\\/\",\"url\":\"https:\\\/\\\/www.enertrag.fr\\\/sandillon\\\/\",\"name\":\"Accueil - Projet photovolta\u00efque de Sandillon\",\"isPartOf\":{\"@id\":\"https:\\\/\\\/www.enertrag.fr\\\/sandillon\\\/#website\"},\"datePublished\":\"2023-01-10T11:26:09+00:00\",\"dateModified\":\"2025-04-28T09:19:30+00:00\",\"breadcrumb\":{\"@id\":\"https:\\\/\\\/www.enertrag.fr\\\/sandillon\\\/#breadcrumb\"},\"inLanguage\":\"fr-FR\",\"potentialAction\":[{\"@type\":\"ReadAction\",\"target\":[\"https:\\\/\\\/www.enertrag.fr\\\/sandillon\\\/\"]}]},{\"@type\":\"BreadcrumbList\",\"@id\":\"https:\\\/\\\/www.enertrag.fr\\\/sandillon\\\/#breadcrumb\",\"itemListElement\":[{\"@type\":\"ListItem\",\"position\":1,\"name\":\"Accueil\",\"item\":\"https:\\\/\\\/www.enertrag.fr\\\/sandillon\\\/\"},{\"@type\":\"ListItem\",\"position\":2,\"name\":\"Accueil\"}]},{\"@type\":\"WebSite\",\"@id\":\"https:\\\/\\\/www.enertrag.fr\\\/sandillon\\\/#website\",\"url\":\"https:\\\/\\\/www.enertrag.fr\\\/sandillon\\\/\",\"name\":\"Projet photovolta\u00efque de Sandillon\",\"description\":\"\",\"publisher\":{\"@id\":\"https:\\\/\\\/www.enertrag.fr\\\/sandillon\\\/#organization\"},\"potentialAction\":[{\"@type\":\"SearchAction\",\"target\":{\"@type\":\"EntryPoint\",\"urlTemplate\":\"https:\\\/\\\/www.enertrag.fr\\\/sandillon\\\/?s={search_term_string}\"},\"query-input\":{\"@type\":\"PropertyValueSpecification\",\"valueRequired\":true,\"valueName\":\"search_term_string\"}}],\"inLanguage\":\"fr-FR\"},{\"@type\":\"Organization\",\"@id\":\"https:\\\/\\\/www.enertrag.fr\\\/sandillon\\\/#organization\",\"name\":\"Projet photovolta\u00efque de Sandillon\",\"url\":\"https:\\\/\\\/www.enertrag.fr\\\/sandillon\\\/\",\"logo\":{\"@type\":\"ImageObject\",\"inLanguage\":\"fr-FR\",\"@id\":\"https:\\\/\\\/www.enertrag.fr\\\/sandillon\\\/#\\\/schema\\\/logo\\\/image\\\/\",\"url\":\"https:\\\/\\\/www.enertrag.fr\\\/sandillon\\\/wp-content\\\/uploads\\\/sites\\\/51\\\/2024\\\/06\\\/logo_enertrag_blanc@4x.png\",\"contentUrl\":\"https:\\\/\\\/www.enertrag.fr\\\/sandillon\\\/wp-content\\\/uploads\\\/sites\\\/51\\\/2024\\\/06\\\/logo_enertrag_blanc@4x.png\",\"width\":3065,\"height\":801,\"caption\":\"Projet photovolta\u00efque de Sandillon\"},\"image\":{\"@id\":\"https:\\\/\\\/www.enertrag.fr\\\/sandillon\\\/#\\\/schema\\\/logo\\\/image\\\/\"}}]}<\/script>\n<!-- \/ Yoast SEO plugin. -->","yoast_head_json":{"title":"Accueil - Projet photovolta\u00efque de Sandillon","robots":{"index":"index","follow":"follow","max-snippet":"max-snippet:-1","max-image-preview":"max-image-preview:large","max-video-preview":"max-video-preview:-1"},"canonical":"https:\/\/www.enertrag.fr\/sandillon\/","og_locale":"fr_FR","og_type":"article","og_title":"Accueil - Projet photovolta\u00efque de Sandillon","og_description":"Projet agrivolta\u00efque de Sandillon Depuis le premier trimestre 2022, ENERTRAG \u00e9tudie la possibilit\u00e9 d\u2019implanter une centrale agrivolta\u00efque pour produire de l\u2019\u00e9lectricit\u00e9 renouvelable sur votre commune. Les \u00e9tudes r\u00e9alis\u00e9es l\u2019ann\u00e9e derni\u00e8re et les \u00e9changes avec les services de l\u2019\u00e9tat nous permettent de vous pr\u00e9senter les premiers \u00e9l\u00e9ments du projet. \u00a0 D\u00e9couvrir le projet","og_url":"https:\/\/www.enertrag.fr\/sandillon\/","og_site_name":"Projet photovolta\u00efque de Sandillon","article_modified_time":"2025-04-28T09:19:30+00:00","twitter_card":"summary_large_image","twitter_misc":{"Dur\u00e9e de lecture estim\u00e9e":"1 minute"},"schema":{"@context":"https:\/\/schema.org","@graph":[{"@type":"WebPage","@id":"https:\/\/www.enertrag.fr\/sandillon\/","url":"https:\/\/www.enertrag.fr\/sandillon\/","name":"Accueil - Projet photovolta\u00efque de Sandillon","isPartOf":{"@id":"https:\/\/www.enertrag.fr\/sandillon\/#website"},"datePublished":"2023-01-10T11:26:09+00:00","dateModified":"2025-04-28T09:19:30+00:00","breadcrumb":{"@id":"https:\/\/www.enertrag.fr\/sandillon\/#breadcrumb"},"inLanguage":"fr-FR","potentialAction":[{"@type":"ReadAction","target":["https:\/\/www.enertrag.fr\/sandillon\/"]}]},{"@type":"BreadcrumbList","@id":"https:\/\/www.enertrag.fr\/sandillon\/#breadcrumb","itemListElement":[{"@type":"ListItem","position":1,"name":"Accueil","item":"https:\/\/www.enertrag.fr\/sandillon\/"},{"@type":"ListItem","position":2,"name":"Accueil"}]},{"@type":"WebSite","@id":"https:\/\/www.enertrag.fr\/sandillon\/#website","url":"https:\/\/www.enertrag.fr\/sandillon\/","name":"Projet photovolta\u00efque de Sandillon","description":"","publisher":{"@id":"https:\/\/www.enertrag.fr\/sandillon\/#organization"},"potentialAction":[{"@type":"SearchAction","target":{"@type":"EntryPoint","urlTemplate":"https:\/\/www.enertrag.fr\/sandillon\/?s={search_term_string}"},"query-input":{"@type":"PropertyValueSpecification","valueRequired":true,"valueName":"search_term_string"}}],"inLanguage":"fr-FR"},{"@type":"Organization","@id":"https:\/\/www.enertrag.fr\/sandillon\/#organization","name":"Projet photovolta\u00efque de Sandillon","url":"https:\/\/www.enertrag.fr\/sandillon\/","logo":{"@type":"ImageObject","inLanguage":"fr-FR","@id":"https:\/\/www.enertrag.fr\/sandillon\/#\/schema\/logo\/image\/","url":"https:\/\/www.enertrag.fr\/sandillon\/wp-content\/uploads\/sites\/51\/2024\/06\/logo_enertrag_blanc@4x.png","contentUrl":"https:\/\/www.enertrag.fr\/sandillon\/wp-content\/uploads\/sites\/51\/2024\/06\/logo_enertrag_blanc@4x.png","width":3065,"height":801,"caption":"Projet photovolta\u00efque de Sandillon"},"image":{"@id":"https:\/\/www.enertrag.fr\/sandillon\/#\/schema\/logo\/image\/"}}]}},"_links":{"self":[{"href":"https:\/\/www.enertrag.fr\/sandillon\/wp-json\/wp\/v2\/pages\/5","targetHints":{"allow":["GET"]}}],"collection":[{"href":"https:\/\/www.enertrag.fr\/sandillon\/wp-json\/wp\/v2\/pages"}],"about":[{"href":"https:\/\/www.enertrag.fr\/sandillon\/wp-json\/wp\/v2\/types\/page"}],"author":[{"embeddable":true,"href":"https:\/\/www.enertrag.fr\/sandillon\/wp-json\/wp\/v2\/users\/1"}],"replies":[{"embeddable":true,"href":"https:\/\/www.enertrag.fr\/sandillon\/wp-json\/wp\/v2\/comments?post=5"}],"version-history":[{"count":0,"href":"https:\/\/www.enertrag.fr\/sandillon\/wp-json\/wp\/v2\/pages\/5\/revisions"}],"wp:attachment":[{"href":"https:\/\/www.enertrag.fr\/sandillon\/wp-json\/wp\/v2\/media?parent=5"}],"curies":[{"name":"wp","href":"https:\/\/api.w.org\/{rel}","templated":true}]}}