{"id":69,"date":"2023-01-12T16:23:03","date_gmt":"2023-01-12T15:23:03","guid":{"rendered":"http:\/\/dev.parcs-eoliens-enertrag.fr\/les-setiers\/?page_id=69"},"modified":"2023-01-13T09:24:42","modified_gmt":"2023-01-13T08:24:42","slug":"actualites","status":"publish","type":"page","link":"https:\/\/www.enertrag.fr\/les-setiers\/actualites\/","title":{"rendered":"Actualit\u00e9s"},"content":{"rendered":"\t\t<div data-elementor-type=\"wp-page\" data-elementor-id=\"69\" class=\"elementor elementor-69\" data-elementor-settings=\"{&quot;ha_cmc_init_switcher&quot;:&quot;no&quot;}\" data-elementor-post-type=\"page\">\n\t\t\t\t\t\t<section class=\"elementor-section elementor-top-section elementor-element elementor-element-b094415 elementor-section-boxed elementor-section-height-default elementor-section-height-default\" data-id=\"b094415\" data-element_type=\"section\" data-e-type=\"section\" data-settings=\"{&quot;_ha_eqh_enable&quot;:false}\">\n\t\t\t\t\t\t<div class=\"elementor-container elementor-column-gap-default\">\n\t\t\t\t\t<div class=\"elementor-column elementor-col-100 elementor-top-column elementor-element elementor-element-d458a0a\" data-id=\"d458a0a\" data-element_type=\"column\" data-e-type=\"column\">\n\t\t\t<div class=\"elementor-widget-wrap elementor-element-populated\">\n\t\t\t\t\t\t<div class=\"elementor-element elementor-element-20ce6d3 elementor-grid-3 elementor-grid-tablet-2 elementor-grid-mobile-1 elementor-posts--thumbnail-top elementor-widget elementor-widget-posts\" data-id=\"20ce6d3\" data-element_type=\"widget\" data-e-type=\"widget\" data-settings=\"{&quot;pagination_type&quot;:&quot;prev_next&quot;,&quot;classic_columns&quot;:&quot;3&quot;,&quot;classic_columns_tablet&quot;:&quot;2&quot;,&quot;classic_columns_mobile&quot;:&quot;1&quot;,&quot;classic_row_gap&quot;:{&quot;unit&quot;:&quot;px&quot;,&quot;size&quot;:35,&quot;sizes&quot;:[]},&quot;classic_row_gap_tablet&quot;:{&quot;unit&quot;:&quot;px&quot;,&quot;size&quot;:&quot;&quot;,&quot;sizes&quot;:[]},&quot;classic_row_gap_mobile&quot;:{&quot;unit&quot;:&quot;px&quot;,&quot;size&quot;:&quot;&quot;,&quot;sizes&quot;:[]}}\" data-widget_type=\"posts.classic\">\n\t\t\t\t<div class=\"elementor-widget-container\">\n\t\t\t\t\t\t\t<div class=\"elementor-posts-container elementor-posts elementor-posts--skin-classic elementor-grid\" role=\"list\">\n\t\t\t\t<article class=\"elementor-post elementor-grid-item post-74 post type-post status-publish format-standard hentry category-non-classe\" role=\"listitem\">\n\t\t\t\t<div class=\"elementor-post__text\">\n\t\t\t\t<h3 class=\"elementor-post__title\">\n\t\t\t<a href=\"https:\/\/www.enertrag.fr\/les-setiers\/blog\/2023\/01\/12\/etudes-environnementales\/\" >\n\t\t\t\tEtudes environnementales\t\t\t<\/a>\n\t\t<\/h3>\n\t\t\t\t<div class=\"elementor-post__excerpt\">\n\t\t\t<p>Les \u00e9tudes environnementales du projet de parc \u00e9olien des S\u00e9tiers se sont termin\u00e9es fin 2019 avec les donn\u00e9es sur les chauves-souris en altitude.<\/p>\n\t\t<\/div>\n\t\t\t\t\t<div class=\"elementor-post__read-more-wrapper\">\n\t\t\n\t\t<a class=\"elementor-post__read-more\" href=\"https:\/\/www.enertrag.fr\/les-setiers\/blog\/2023\/01\/12\/etudes-environnementales\/\" aria-label=\"En savoir plus sur Etudes environnementales\" tabindex=\"-1\" >\n\t\t\tLire la suite \t\t<\/a>\n\n\t\t\t\t\t<\/div>\n\t\t\t\t<\/div>\n\t\t\t\t<\/article>\n\t\t\t\t<article class=\"elementor-post elementor-grid-item post-72 post type-post status-publish format-standard hentry category-non-classe\" role=\"listitem\">\n\t\t\t\t<div class=\"elementor-post__text\">\n\t\t\t\t<h3 class=\"elementor-post__title\">\n\t\t\t<a href=\"https:\/\/www.enertrag.fr\/les-setiers\/blog\/2023\/01\/12\/dossier-de-demande-dautorisation-environnementale\/\" >\n\t\t\t\tDossier de demande d\u2019autorisation environnementale\t\t\t<\/a>\n\t\t<\/h3>\n\t\t\t\t<div class=\"elementor-post__excerpt\">\n\t\t\t<p>Le dossier de demande d\u2019autorisation environnementale a \u00e9t\u00e9 d\u00e9pos\u00e9 en septembre 2020.<\/p>\n\t\t<\/div>\n\t\t\t\t\t<div class=\"elementor-post__read-more-wrapper\">\n\t\t\n\t\t<a class=\"elementor-post__read-more\" href=\"https:\/\/www.enertrag.fr\/les-setiers\/blog\/2023\/01\/12\/dossier-de-demande-dautorisation-environnementale\/\" aria-label=\"En savoir plus sur Dossier de demande d\u2019autorisation environnementale\" tabindex=\"-1\" >\n\t\t\tLire la suite \t\t<\/a>\n\n\t\t\t\t\t<\/div>\n\t\t\t\t<\/div>\n\t\t\t\t<\/article>\n\t\t\t\t<article class=\"elementor-post elementor-grid-item post-1 post type-post status-publish format-standard hentry category-non-classe\" role=\"listitem\">\n\t\t\t\t<div class=\"elementor-post__text\">\n\t\t\t\t<h3 class=\"elementor-post__title\">\n\t\t\t<a href=\"https:\/\/www.enertrag.fr\/les-setiers\/blog\/2023\/01\/10\/des-complements-concernant-la-faune-volante\/\" >\n\t\t\t\tDes compl\u00e9ments concernant la faune volante\t\t\t<\/a>\n\t\t<\/h3>\n\t\t\t\t<div class=\"elementor-post__excerpt\">\n\t\t\t<p>Des compl\u00e9ments concernant la faune volante sont en cours d\u2019\u00e9tude cette ann\u00e9e, raison pour laquelle nous avons install\u00e9 un m\u00e2t de mesure en janvier.<\/p>\n\t\t<\/div>\n\t\t\t\t\t<div class=\"elementor-post__read-more-wrapper\">\n\t\t\n\t\t<a class=\"elementor-post__read-more\" href=\"https:\/\/www.enertrag.fr\/les-setiers\/blog\/2023\/01\/10\/des-complements-concernant-la-faune-volante\/\" aria-label=\"En savoir plus sur Des compl\u00e9ments concernant la faune volante\" tabindex=\"-1\" >\n\t\t\tLire la suite \t\t<\/a>\n\n\t\t\t\t\t<\/div>\n\t\t\t\t<\/div>\n\t\t\t\t<\/article>\n\t\t\t\t<\/div>\n\t\t\n\t\t\t\t\t\t<\/div>\n\t\t\t\t<\/div>\n\t\t\t\t\t<\/div>\n\t\t<\/div>\n\t\t\t\t\t<\/div>\n\t\t<\/section>\n\t\t\t\t<\/div>\n\t\t","protected":false},"excerpt":{"rendered":"","protected":false},"author":1,"featured_media":0,"parent":0,"menu_order":0,"comment_status":"closed","ping_status":"closed","template":"","meta":{"_acf_changed":false,"footnotes":""},"class_list":["post-69","page","type-page","status-publish","hentry"],"acf":[],"yoast_head":"<!-- This site is optimized with the Yoast SEO plugin v27.4 - https:\/\/yoast.com\/product\/yoast-seo-wordpress\/ -->\n<title>Actualit\u00e9s - les-setiers<\/title>\n<meta name=\"robots\" content=\"index, follow, max-snippet:-1, max-image-preview:large, max-video-preview:-1\" \/>\n<link rel=\"canonical\" href=\"https:\/\/www.enertrag.fr\/les-setiers\/actualites\/\" \/>\n<meta property=\"og:locale\" content=\"fr_FR\" \/>\n<meta property=\"og:type\" content=\"article\" \/>\n<meta property=\"og:title\" content=\"Actualit\u00e9s - les-setiers\" \/>\n<meta property=\"og:url\" content=\"https:\/\/www.enertrag.fr\/les-setiers\/actualites\/\" \/>\n<meta property=\"og:site_name\" content=\"les-setiers\" \/>\n<meta property=\"article:modified_time\" content=\"2023-01-13T08:24:42+00:00\" \/>\n<meta name=\"twitter:card\" content=\"summary_large_image\" \/>\n<meta name=\"twitter:label1\" content=\"Dur\u00e9e de lecture estim\u00e9e\" \/>\n\t<meta name=\"twitter:data1\" content=\"1 minute\" \/>\n<script type=\"application\/ld+json\" class=\"yoast-schema-graph\">{\"@context\":\"https:\\\/\\\/schema.org\",\"@graph\":[{\"@type\":\"WebPage\",\"@id\":\"https:\\\/\\\/www.enertrag.fr\\\/les-setiers\\\/actualites\\\/\",\"url\":\"https:\\\/\\\/www.enertrag.fr\\\/les-setiers\\\/actualites\\\/\",\"name\":\"Actualit\u00e9s - les-setiers\",\"isPartOf\":{\"@id\":\"https:\\\/\\\/www.enertrag.fr\\\/les-setiers\\\/#website\"},\"datePublished\":\"2023-01-12T15:23:03+00:00\",\"dateModified\":\"2023-01-13T08:24:42+00:00\",\"breadcrumb\":{\"@id\":\"https:\\\/\\\/www.enertrag.fr\\\/les-setiers\\\/actualites\\\/#breadcrumb\"},\"inLanguage\":\"fr-FR\",\"potentialAction\":[{\"@type\":\"ReadAction\",\"target\":[\"https:\\\/\\\/www.enertrag.fr\\\/les-setiers\\\/actualites\\\/\"]}]},{\"@type\":\"BreadcrumbList\",\"@id\":\"https:\\\/\\\/www.enertrag.fr\\\/les-setiers\\\/actualites\\\/#breadcrumb\",\"itemListElement\":[{\"@type\":\"ListItem\",\"position\":1,\"name\":\"Accueil\",\"item\":\"https:\\\/\\\/www.enertrag.fr\\\/les-setiers\\\/\"},{\"@type\":\"ListItem\",\"position\":2,\"name\":\"Actualit\u00e9s\"}]},{\"@type\":\"WebSite\",\"@id\":\"https:\\\/\\\/www.enertrag.fr\\\/les-setiers\\\/#website\",\"url\":\"https:\\\/\\\/www.enertrag.fr\\\/les-setiers\\\/\",\"name\":\"les-setiers\",\"description\":\"\",\"publisher\":{\"@id\":\"https:\\\/\\\/www.enertrag.fr\\\/les-setiers\\\/#organization\"},\"potentialAction\":[{\"@type\":\"SearchAction\",\"target\":{\"@type\":\"EntryPoint\",\"urlTemplate\":\"https:\\\/\\\/www.enertrag.fr\\\/les-setiers\\\/?s={search_term_string}\"},\"query-input\":{\"@type\":\"PropertyValueSpecification\",\"valueRequired\":true,\"valueName\":\"search_term_string\"}}],\"inLanguage\":\"fr-FR\"},{\"@type\":\"Organization\",\"@id\":\"https:\\\/\\\/www.enertrag.fr\\\/les-setiers\\\/#organization\",\"name\":\"les-setiers\",\"url\":\"https:\\\/\\\/www.enertrag.fr\\\/les-setiers\\\/\",\"logo\":{\"@type\":\"ImageObject\",\"inLanguage\":\"fr-FR\",\"@id\":\"https:\\\/\\\/www.enertrag.fr\\\/les-setiers\\\/#\\\/schema\\\/logo\\\/image\\\/\",\"url\":\"https:\\\/\\\/www.enertrag.fr\\\/les-setiers\\\/wp-content\\\/uploads\\\/sites\\\/6\\\/2023\\\/01\\\/ENERTRAG_Logo.png\",\"contentUrl\":\"https:\\\/\\\/www.enertrag.fr\\\/les-setiers\\\/wp-content\\\/uploads\\\/sites\\\/6\\\/2023\\\/01\\\/ENERTRAG_Logo.png\",\"width\":500,\"height\":161,\"caption\":\"les-setiers\"},\"image\":{\"@id\":\"https:\\\/\\\/www.enertrag.fr\\\/les-setiers\\\/#\\\/schema\\\/logo\\\/image\\\/\"}}]}<\/script>\n<!-- \/ Yoast SEO plugin. -->","yoast_head_json":{"title":"Actualit\u00e9s - les-setiers","robots":{"index":"index","follow":"follow","max-snippet":"max-snippet:-1","max-image-preview":"max-image-preview:large","max-video-preview":"max-video-preview:-1"},"canonical":"https:\/\/www.enertrag.fr\/les-setiers\/actualites\/","og_locale":"fr_FR","og_type":"article","og_title":"Actualit\u00e9s - les-setiers","og_url":"https:\/\/www.enertrag.fr\/les-setiers\/actualites\/","og_site_name":"les-setiers","article_modified_time":"2023-01-13T08:24:42+00:00","twitter_card":"summary_large_image","twitter_misc":{"Dur\u00e9e de lecture estim\u00e9e":"1 minute"},"schema":{"@context":"https:\/\/schema.org","@graph":[{"@type":"WebPage","@id":"https:\/\/www.enertrag.fr\/les-setiers\/actualites\/","url":"https:\/\/www.enertrag.fr\/les-setiers\/actualites\/","name":"Actualit\u00e9s - les-setiers","isPartOf":{"@id":"https:\/\/www.enertrag.fr\/les-setiers\/#website"},"datePublished":"2023-01-12T15:23:03+00:00","dateModified":"2023-01-13T08:24:42+00:00","breadcrumb":{"@id":"https:\/\/www.enertrag.fr\/les-setiers\/actualites\/#breadcrumb"},"inLanguage":"fr-FR","potentialAction":[{"@type":"ReadAction","target":["https:\/\/www.enertrag.fr\/les-setiers\/actualites\/"]}]},{"@type":"BreadcrumbList","@id":"https:\/\/www.enertrag.fr\/les-setiers\/actualites\/#breadcrumb","itemListElement":[{"@type":"ListItem","position":1,"name":"Accueil","item":"https:\/\/www.enertrag.fr\/les-setiers\/"},{"@type":"ListItem","position":2,"name":"Actualit\u00e9s"}]},{"@type":"WebSite","@id":"https:\/\/www.enertrag.fr\/les-setiers\/#website","url":"https:\/\/www.enertrag.fr\/les-setiers\/","name":"les-setiers","description":"","publisher":{"@id":"https:\/\/www.enertrag.fr\/les-setiers\/#organization"},"potentialAction":[{"@type":"SearchAction","target":{"@type":"EntryPoint","urlTemplate":"https:\/\/www.enertrag.fr\/les-setiers\/?s={search_term_string}"},"query-input":{"@type":"PropertyValueSpecification","valueRequired":true,"valueName":"search_term_string"}}],"inLanguage":"fr-FR"},{"@type":"Organization","@id":"https:\/\/www.enertrag.fr\/les-setiers\/#organization","name":"les-setiers","url":"https:\/\/www.enertrag.fr\/les-setiers\/","logo":{"@type":"ImageObject","inLanguage":"fr-FR","@id":"https:\/\/www.enertrag.fr\/les-setiers\/#\/schema\/logo\/image\/","url":"https:\/\/www.enertrag.fr\/les-setiers\/wp-content\/uploads\/sites\/6\/2023\/01\/ENERTRAG_Logo.png","contentUrl":"https:\/\/www.enertrag.fr\/les-setiers\/wp-content\/uploads\/sites\/6\/2023\/01\/ENERTRAG_Logo.png","width":500,"height":161,"caption":"les-setiers"},"image":{"@id":"https:\/\/www.enertrag.fr\/les-setiers\/#\/schema\/logo\/image\/"}}]}},"_links":{"self":[{"href":"https:\/\/www.enertrag.fr\/les-setiers\/wp-json\/wp\/v2\/pages\/69","targetHints":{"allow":["GET"]}}],"collection":[{"href":"https:\/\/www.enertrag.fr\/les-setiers\/wp-json\/wp\/v2\/pages"}],"about":[{"href":"https:\/\/www.enertrag.fr\/les-setiers\/wp-json\/wp\/v2\/types\/page"}],"author":[{"embeddable":true,"href":"https:\/\/www.enertrag.fr\/les-setiers\/wp-json\/wp\/v2\/users\/1"}],"replies":[{"embeddable":true,"href":"https:\/\/www.enertrag.fr\/les-setiers\/wp-json\/wp\/v2\/comments?post=69"}],"version-history":[{"count":0,"href":"https:\/\/www.enertrag.fr\/les-setiers\/wp-json\/wp\/v2\/pages\/69\/revisions"}],"wp:attachment":[{"href":"https:\/\/www.enertrag.fr\/les-setiers\/wp-json\/wp\/v2\/media?parent=69"}],"curies":[{"name":"wp","href":"https:\/\/api.w.org\/{rel}","templated":true}]}}