{"id":64,"date":"2023-01-12T16:19:59","date_gmt":"2023-01-12T15:19:59","guid":{"rendered":"http:\/\/dev.parcs-eoliens-enertrag.fr\/les-setiers\/?page_id=64"},"modified":"2023-07-05T11:36:58","modified_gmt":"2023-07-05T09:36:58","slug":"la-concertation","status":"publish","type":"page","link":"https:\/\/www.enertrag.fr\/les-setiers\/la-concertation\/","title":{"rendered":"La concertation"},"content":{"rendered":"\t\t<div data-elementor-type=\"wp-page\" data-elementor-id=\"64\" class=\"elementor elementor-64\" data-elementor-settings=\"{&quot;ha_cmc_init_switcher&quot;:&quot;no&quot;}\" data-elementor-post-type=\"page\">\n\t\t\t\t\t\t<section class=\"elementor-section elementor-top-section elementor-element elementor-element-52803b0 elementor-section-boxed elementor-section-height-default elementor-section-height-default\" data-id=\"52803b0\" data-element_type=\"section\" data-e-type=\"section\" data-settings=\"{&quot;_ha_eqh_enable&quot;:false}\">\n\t\t\t\t\t\t<div class=\"elementor-container elementor-column-gap-default\">\n\t\t\t\t\t<div class=\"elementor-column elementor-col-100 elementor-top-column elementor-element elementor-element-db6abf0\" data-id=\"db6abf0\" data-element_type=\"column\" data-e-type=\"column\">\n\t\t\t<div class=\"elementor-widget-wrap elementor-element-populated\">\n\t\t\t\t\t\t<div class=\"elementor-element elementor-element-df713a9 elementor-widget elementor-widget-heading\" data-id=\"df713a9\" data-element_type=\"widget\" data-e-type=\"widget\" data-widget_type=\"heading.default\">\n\t\t\t\t<div class=\"elementor-widget-container\">\n\t\t\t\t\t<h1 class=\"elementor-heading-title elementor-size-default\">La concertation\n<\/h1>\t\t\t\t<\/div>\n\t\t\t\t<\/div>\n\t\t\t\t<div class=\"elementor-element elementor-element-0d539ac elementor-widget elementor-widget-text-editor\" data-id=\"0d539ac\" data-element_type=\"widget\" data-e-type=\"widget\" data-widget_type=\"text-editor.default\">\n\t\t\t\t<div class=\"elementor-widget-container\">\n\t\t\t\t\t\t\t\t\t<h2 style=\"text-align: center;\">Information et participation du public<\/h2>\t\t\t\t\t\t\t\t<\/div>\n\t\t\t\t<\/div>\n\t\t\t\t\t<\/div>\n\t\t<\/div>\n\t\t\t\t\t<\/div>\n\t\t<\/section>\n\t\t\t\t<section class=\"elementor-section elementor-top-section elementor-element elementor-element-33d7e41 elementor-section-boxed elementor-section-height-default elementor-section-height-default\" data-id=\"33d7e41\" data-element_type=\"section\" data-e-type=\"section\" data-settings=\"{&quot;_ha_eqh_enable&quot;:false}\">\n\t\t\t\t\t\t<div class=\"elementor-container elementor-column-gap-default\">\n\t\t\t\t\t<div class=\"elementor-column elementor-col-100 elementor-top-column elementor-element elementor-element-f431698\" data-id=\"f431698\" data-element_type=\"column\" data-e-type=\"column\">\n\t\t\t<div class=\"elementor-widget-wrap elementor-element-populated\">\n\t\t\t\t\t\t<div class=\"elementor-element elementor-element-8a063db elementor-widget elementor-widget-image\" data-id=\"8a063db\" data-element_type=\"widget\" data-e-type=\"widget\" data-widget_type=\"image.default\">\n\t\t\t\t<div class=\"elementor-widget-container\">\n\t\t\t\t\t\t\t\t\t\t\t\t\t\t\t<img fetchpriority=\"high\" decoding=\"async\" width=\"763\" height=\"403\" src=\"https:\/\/www.enertrag.fr\/les-setiers\/wp-content\/uploads\/sites\/6\/2023\/01\/bandeau-header-concertation.png\" class=\"attachment-full size-full wp-image-323\" alt=\"\" srcset=\"https:\/\/www.enertrag.fr\/les-setiers\/wp-content\/uploads\/sites\/6\/2023\/01\/bandeau-header-concertation.png 763w, https:\/\/www.enertrag.fr\/les-setiers\/wp-content\/uploads\/sites\/6\/2023\/01\/bandeau-header-concertation-300x158.png 300w\" sizes=\"(max-width: 763px) 100vw, 763px\" \/>\t\t\t\t\t\t\t\t\t\t\t\t\t\t\t<\/div>\n\t\t\t\t<\/div>\n\t\t\t\t\t<\/div>\n\t\t<\/div>\n\t\t\t\t\t<\/div>\n\t\t<\/section>\n\t\t\t\t<section class=\"elementor-section elementor-top-section elementor-element elementor-element-bf4c09f elementor-section-boxed elementor-section-height-default elementor-section-height-default\" data-id=\"bf4c09f\" data-element_type=\"section\" data-e-type=\"section\" data-settings=\"{&quot;_ha_eqh_enable&quot;:false}\">\n\t\t\t\t\t\t<div class=\"elementor-container elementor-column-gap-default\">\n\t\t\t\t\t<div class=\"elementor-column elementor-col-100 elementor-top-column elementor-element elementor-element-571863d\" data-id=\"571863d\" data-element_type=\"column\" data-e-type=\"column\">\n\t\t\t<div class=\"elementor-widget-wrap elementor-element-populated\">\n\t\t\t\t\t\t<div class=\"elementor-element elementor-element-39c8c2c elementor-widget elementor-widget-menu-anchor\" data-id=\"39c8c2c\" data-element_type=\"widget\" data-e-type=\"widget\" data-widget_type=\"menu-anchor.default\">\n\t\t\t\t<div class=\"elementor-widget-container\">\n\t\t\t\t\t\t\t<div class=\"elementor-menu-anchor\" id=\"objectifs\"><\/div>\n\t\t\t\t\t\t<\/div>\n\t\t\t\t<\/div>\n\t\t\t\t<div class=\"elementor-element elementor-element-aaf6fd5 elementor-widget elementor-widget-text-editor\" data-id=\"aaf6fd5\" data-element_type=\"widget\" data-e-type=\"widget\" data-widget_type=\"text-editor.default\">\n\t\t\t\t<div class=\"elementor-widget-container\">\n\t\t\t\t\t\t\t\t\t<h2>L\u2019Enqu\u00eate publique du projet de parc \u00e9olien des S\u00e9tiers<\/h2>\n<p>Au titre du Code de l\u2019environnement, la participation du public est tr\u00e8s encadr\u00e9e. Dans le cadre du d\u00e9veloppement d\u2019un projet de parc \u00e9olien qui a le statut ICPE (Installation Class\u00e9e pour la Protection de l\u2019Environnement), le public peut participer et en \u00e9mettant son avis durant la phase obligatoire d\u2019enqu\u00eate publique.<br>A l\u2019issue de cette enqu\u00eate, le porteur de projet doit r\u00e9pondre aux questions et avis \u00e9mis par le public \u00e0 travers un document bilan. Le commissaire enqu\u00eateur, apr\u00e8s avoir pris connaissance des avis et des r\u00e9ponses apport\u00e9es par le porteur de projet, \u00e9met un avis favorable ou d\u00e9favorable au projet que le pr\u00e9fet appr\u00e9ciera.<br>Dans le cadre du projet de parc \u00e9olien des S\u00e9tiers, l\u2019enqu\u00eate publique se d\u00e9roulera mi-2023.<\/p>\n<h4>DEMARCHE D\u2019INFORMATION DES RIVERAINS<\/h4>\n<p>Dans le cadre du projet de parc \u00e9olien des S\u00e9tiers , ENERTRAG a choisi d\u2019aller plus loin dans le processus de participation du public, en menant en plus de l\u2019enqu\u00eate publique,&nbsp;un <b>processus d\u2019information<\/b>, avant le d\u00e9p\u00f4t de son dossier de demande d\u2019autorisation et durant le d\u00e9but de l\u2019instruction.<\/p>\n<h4>PERMANENCES PUBLIQUES<\/h4>\n<p>Le public a \u00e9t\u00e9 invit\u00e9, avant le d\u00e9p\u00f4t du dossier de demande d\u2019autorisation administrative, \u00e0 prendre connaissance du projet, de ses enjeux et \u00e0 faire part de son avis ou de ses suggestions lors de quatre permanences publiques. Qui ont \u00e9t\u00e9 tenues les 18 et 19 avril 2019 \u00e0 Monceau-l\u00e8s-Leups, et 25 et 26 juin 2019 \u00e0 Versigny auxquelles les habitants de Courbes \u00e9taient convi\u00e9s.<\/p>\n<p>Afin d\u2019informer les riverains de ce processus de consultation du public. ENERTRAG a mis en place :<\/p>\n<p>\u2022 Des affiches au format A3 appos\u00e9es sur les panneaux d\u2019affichages l\u00e9gaux des mairies&nbsp;ou des arr\u00eats de bus.<br>\u2022 La distribution de Flyers dans les bo\u00eetes aux lettres des habitants par des agents de mairie. 210 sur la commune de Monceau-l\u00e8s-Leups, 220 \u00e0 Versigny et une quinzaine \u00e0 Courbes.<\/p>\n<h4>D\u00c9ROULEMENT<\/h4>\n<p><strong>1. les 18 et 19 avril 2019, le public a \u00e9t\u00e9 invit\u00e9 \u00e0 venir s\u2019informer sur le projet en mairie de Monceau-l\u00e8s-Leups.<\/strong><\/p>\n<p style=\"padding-left: 40px;\">\u2022 Le jeudi 18 avril de 17h \u00e0 21h<br>\u2022 le vendredi 19 avril de 9h \u00e0 12h<\/p>\n<p><strong>2. Les 25 et 26 juin 2019, le public a \u00e9t\u00e9 invit\u00e9 \u00e0 venir s\u2019informer sur le projet en mairie de Versigny.<\/strong><\/p>\n<p style=\"padding-left: 40px;\">\u2022 Le mardi 25&nbsp; juin de 15h \u00e0 20h en mairie<br>\u2022 le mercredi 26 juin de 9h \u00e0 12h en mairie de Versigny<\/p>\n<h4>BILAN DE PARTICIPATION DU PUBLIC<\/h4>\n<p>Malgr\u00e9 la bonne diffusion de l\u2019information par voie d\u2019affichage et la distribution de flyers aux habitants des 3 communes, le dispositif de permanences publiques mis en place par ENERTRAG a mobilis\u00e9 seulement 11 personnes<\/p>\t\t\t\t\t\t\t\t<\/div>\n\t\t\t\t<\/div>\n\t\t\t\t\t<\/div>\n\t\t<\/div>\n\t\t\t\t\t<\/div>\n\t\t<\/section>\n\t\t\t\t<section class=\"elementor-section elementor-top-section elementor-element elementor-element-39c2769 elementor-section-boxed elementor-section-height-default elementor-section-height-default\" data-id=\"39c2769\" data-element_type=\"section\" data-e-type=\"section\" data-settings=\"{&quot;_ha_eqh_enable&quot;:false}\">\n\t\t\t\t\t\t<div class=\"elementor-container elementor-column-gap-default\">\n\t\t\t\t\t<div class=\"elementor-column elementor-col-100 elementor-top-column elementor-element elementor-element-094b952\" data-id=\"094b952\" data-element_type=\"column\" data-e-type=\"column\">\n\t\t\t<div class=\"elementor-widget-wrap elementor-element-populated\">\n\t\t\t\t\t\t<div class=\"elementor-element elementor-element-19b5ede elementor-widget elementor-widget-menu-anchor\" data-id=\"19b5ede\" data-element_type=\"widget\" data-e-type=\"widget\" data-widget_type=\"menu-anchor.default\">\n\t\t\t\t<div class=\"elementor-widget-container\">\n\t\t\t\t\t\t\t<div class=\"elementor-menu-anchor\" id=\"documents\"><\/div>\n\t\t\t\t\t\t<\/div>\n\t\t\t\t<\/div>\n\t\t\t\t<div class=\"elementor-element elementor-element-628cc92 elementor-widget elementor-widget-heading\" data-id=\"628cc92\" data-element_type=\"widget\" data-e-type=\"widget\" data-widget_type=\"heading.default\">\n\t\t\t\t<div class=\"elementor-widget-container\">\n\t\t\t\t\t<h2 class=\"elementor-heading-title elementor-size-default\">Les documents de la concertation<\/h2>\t\t\t\t<\/div>\n\t\t\t\t<\/div>\n\t\t\t\t\t<\/div>\n\t\t<\/div>\n\t\t\t\t\t<\/div>\n\t\t<\/section>\n\t\t\t\t<section class=\"elementor-section elementor-top-section elementor-element elementor-element-a617a57 elementor-section-boxed elementor-section-height-default elementor-section-height-default\" data-id=\"a617a57\" data-element_type=\"section\" data-e-type=\"section\" data-settings=\"{&quot;_ha_eqh_enable&quot;:false}\">\n\t\t\t\t\t\t<div class=\"elementor-container elementor-column-gap-default\">\n\t\t\t\t\t<div class=\"elementor-column elementor-col-100 elementor-top-column elementor-element elementor-element-444a73e\" data-id=\"444a73e\" data-element_type=\"column\" data-e-type=\"column\">\n\t\t\t<div class=\"elementor-widget-wrap elementor-element-populated\">\n\t\t\t\t\t\t<div class=\"elementor-element elementor-element-4b3da4b elementor-widget elementor-widget-accordion\" data-id=\"4b3da4b\" data-element_type=\"widget\" data-e-type=\"widget\" data-widget_type=\"accordion.default\">\n\t\t\t\t<div class=\"elementor-widget-container\">\n\t\t\t\t\t\t\t<div class=\"elementor-accordion\">\n\t\t\t\t\t\t\t<div class=\"elementor-accordion-item\">\n\t\t\t\t\t<div id=\"elementor-tab-title-7881\" class=\"elementor-tab-title\" data-tab=\"1\" role=\"button\" aria-controls=\"elementor-tab-content-7881\" aria-expanded=\"false\">\n\t\t\t\t\t\t\t\t\t\t\t\t\t<span class=\"elementor-accordion-icon elementor-accordion-icon-left\" aria-hidden=\"true\">\n\t\t\t\t\t\t\t\t\t\t\t\t\t\t\t<span class=\"elementor-accordion-icon-closed\"><i class=\"fas fa-plus\"><\/i><\/span>\n\t\t\t\t\t\t\t\t<span class=\"elementor-accordion-icon-opened\"><i class=\"fas fa-minus\"><\/i><\/span>\n\t\t\t\t\t\t\t\t\t\t\t\t\t\t<\/span>\n\t\t\t\t\t\t\t\t\t\t\t\t<a class=\"elementor-accordion-title\" tabindex=\"0\">Bulletins d'information<\/a>\n\t\t\t\t\t<\/div>\n\t\t\t\t\t<div id=\"elementor-tab-content-7881\" class=\"elementor-tab-content elementor-clearfix\" data-tab=\"1\" role=\"region\" aria-labelledby=\"elementor-tab-title-7881\"><p><a href=\"http:\/\/dev.parcs-eoliens-enertrag.fr\/les-setiers\/wp-content\/uploads\/sites\/6\/2023\/02\/bulletin_info_Setiers-Mat-de-mesure-V7-MD.pdf\">Bulletin d&rsquo;information N\u00b02<\/a> (d\u00e9cembre 2021)<\/p><\/div>\n\t\t\t\t<\/div>\n\t\t\t\t\t\t\t\t<\/div>\n\t\t\t\t\t\t<\/div>\n\t\t\t\t<\/div>\n\t\t\t\t\t<\/div>\n\t\t<\/div>\n\t\t\t\t\t<\/div>\n\t\t<\/section>\n\t\t\t\t<\/div>\n\t\t","protected":false},"excerpt":{"rendered":"<p>La concertation Information et participation du public L\u2019Enqu\u00eate publique du projet de parc \u00e9olien des S\u00e9tiers Au titre du Code de l\u2019environnement, la participation du public est tr\u00e8s encadr\u00e9e. Dans le cadre du d\u00e9veloppement d\u2019un projet de parc \u00e9olien qui a le statut ICPE (Installation Class\u00e9e pour la Protection de l\u2019Environnement), le public peut participer [&hellip;]<\/p>\n","protected":false},"author":1,"featured_media":0,"parent":0,"menu_order":0,"comment_status":"closed","ping_status":"closed","template":"","meta":{"_acf_changed":false,"footnotes":""},"class_list":["post-64","page","type-page","status-publish","hentry"],"acf":[],"yoast_head":"<!-- This site is optimized with the Yoast SEO plugin v27.4 - https:\/\/yoast.com\/product\/yoast-seo-wordpress\/ -->\n<title>La concertation - les-setiers<\/title>\n<meta name=\"description\" content=\"4 permanences publiques ont \u00e9t\u00e9 organis\u00e9es en 2019.2 bulletins d\u2019information ont \u00e9t\u00e9 distribu\u00e9s.\" \/>\n<meta name=\"robots\" content=\"index, follow, max-snippet:-1, max-image-preview:large, max-video-preview:-1\" \/>\n<link rel=\"canonical\" href=\"https:\/\/www.enertrag.fr\/les-setiers\/la-concertation\/\" \/>\n<meta property=\"og:locale\" content=\"fr_FR\" \/>\n<meta property=\"og:type\" content=\"article\" \/>\n<meta property=\"og:title\" content=\"La concertation - les-setiers\" \/>\n<meta property=\"og:description\" content=\"4 permanences publiques ont \u00e9t\u00e9 organis\u00e9es en 2019.2 bulletins d\u2019information ont \u00e9t\u00e9 distribu\u00e9s.\" \/>\n<meta property=\"og:url\" content=\"https:\/\/www.enertrag.fr\/les-setiers\/la-concertation\/\" \/>\n<meta property=\"og:site_name\" content=\"les-setiers\" \/>\n<meta property=\"article:modified_time\" content=\"2023-07-05T09:36:58+00:00\" \/>\n<meta property=\"og:image\" content=\"http:\/\/dev.parcs-eoliens-enertrag.fr\/les-setiers\/wp-content\/uploads\/sites\/6\/2023\/01\/bandeau-header-concertation.png\" \/>\n<meta name=\"twitter:card\" content=\"summary_large_image\" \/>\n<meta name=\"twitter:label1\" content=\"Dur\u00e9e de lecture estim\u00e9e\" \/>\n\t<meta name=\"twitter:data1\" content=\"3 minutes\" \/>\n<script type=\"application\/ld+json\" class=\"yoast-schema-graph\">{\"@context\":\"https:\\\/\\\/schema.org\",\"@graph\":[{\"@type\":\"WebPage\",\"@id\":\"https:\\\/\\\/www.enertrag.fr\\\/les-setiers\\\/la-concertation\\\/\",\"url\":\"https:\\\/\\\/www.enertrag.fr\\\/les-setiers\\\/la-concertation\\\/\",\"name\":\"La concertation - les-setiers\",\"isPartOf\":{\"@id\":\"https:\\\/\\\/www.enertrag.fr\\\/les-setiers\\\/#website\"},\"primaryImageOfPage\":{\"@id\":\"https:\\\/\\\/www.enertrag.fr\\\/les-setiers\\\/la-concertation\\\/#primaryimage\"},\"image\":{\"@id\":\"https:\\\/\\\/www.enertrag.fr\\\/les-setiers\\\/la-concertation\\\/#primaryimage\"},\"thumbnailUrl\":\"http:\\\/\\\/dev.parcs-eoliens-enertrag.fr\\\/les-setiers\\\/wp-content\\\/uploads\\\/sites\\\/6\\\/2023\\\/01\\\/bandeau-header-concertation.png\",\"datePublished\":\"2023-01-12T15:19:59+00:00\",\"dateModified\":\"2023-07-05T09:36:58+00:00\",\"description\":\"4 permanences publiques ont \u00e9t\u00e9 organis\u00e9es en 2019.2 bulletins d\u2019information ont \u00e9t\u00e9 distribu\u00e9s.\",\"breadcrumb\":{\"@id\":\"https:\\\/\\\/www.enertrag.fr\\\/les-setiers\\\/la-concertation\\\/#breadcrumb\"},\"inLanguage\":\"fr-FR\",\"potentialAction\":[{\"@type\":\"ReadAction\",\"target\":[\"https:\\\/\\\/www.enertrag.fr\\\/les-setiers\\\/la-concertation\\\/\"]}]},{\"@type\":\"ImageObject\",\"inLanguage\":\"fr-FR\",\"@id\":\"https:\\\/\\\/www.enertrag.fr\\\/les-setiers\\\/la-concertation\\\/#primaryimage\",\"url\":\"http:\\\/\\\/dev.parcs-eoliens-enertrag.fr\\\/les-setiers\\\/wp-content\\\/uploads\\\/sites\\\/6\\\/2023\\\/01\\\/bandeau-header-concertation.png\",\"contentUrl\":\"http:\\\/\\\/dev.parcs-eoliens-enertrag.fr\\\/les-setiers\\\/wp-content\\\/uploads\\\/sites\\\/6\\\/2023\\\/01\\\/bandeau-header-concertation.png\"},{\"@type\":\"BreadcrumbList\",\"@id\":\"https:\\\/\\\/www.enertrag.fr\\\/les-setiers\\\/la-concertation\\\/#breadcrumb\",\"itemListElement\":[{\"@type\":\"ListItem\",\"position\":1,\"name\":\"Accueil\",\"item\":\"https:\\\/\\\/www.enertrag.fr\\\/les-setiers\\\/\"},{\"@type\":\"ListItem\",\"position\":2,\"name\":\"La concertation\"}]},{\"@type\":\"WebSite\",\"@id\":\"https:\\\/\\\/www.enertrag.fr\\\/les-setiers\\\/#website\",\"url\":\"https:\\\/\\\/www.enertrag.fr\\\/les-setiers\\\/\",\"name\":\"les-setiers\",\"description\":\"\",\"publisher\":{\"@id\":\"https:\\\/\\\/www.enertrag.fr\\\/les-setiers\\\/#organization\"},\"potentialAction\":[{\"@type\":\"SearchAction\",\"target\":{\"@type\":\"EntryPoint\",\"urlTemplate\":\"https:\\\/\\\/www.enertrag.fr\\\/les-setiers\\\/?s={search_term_string}\"},\"query-input\":{\"@type\":\"PropertyValueSpecification\",\"valueRequired\":true,\"valueName\":\"search_term_string\"}}],\"inLanguage\":\"fr-FR\"},{\"@type\":\"Organization\",\"@id\":\"https:\\\/\\\/www.enertrag.fr\\\/les-setiers\\\/#organization\",\"name\":\"les-setiers\",\"url\":\"https:\\\/\\\/www.enertrag.fr\\\/les-setiers\\\/\",\"logo\":{\"@type\":\"ImageObject\",\"inLanguage\":\"fr-FR\",\"@id\":\"https:\\\/\\\/www.enertrag.fr\\\/les-setiers\\\/#\\\/schema\\\/logo\\\/image\\\/\",\"url\":\"https:\\\/\\\/www.enertrag.fr\\\/les-setiers\\\/wp-content\\\/uploads\\\/sites\\\/6\\\/2023\\\/01\\\/ENERTRAG_Logo.png\",\"contentUrl\":\"https:\\\/\\\/www.enertrag.fr\\\/les-setiers\\\/wp-content\\\/uploads\\\/sites\\\/6\\\/2023\\\/01\\\/ENERTRAG_Logo.png\",\"width\":500,\"height\":161,\"caption\":\"les-setiers\"},\"image\":{\"@id\":\"https:\\\/\\\/www.enertrag.fr\\\/les-setiers\\\/#\\\/schema\\\/logo\\\/image\\\/\"}}]}<\/script>\n<!-- \/ Yoast SEO plugin. -->","yoast_head_json":{"title":"La concertation - les-setiers","description":"4 permanences publiques ont \u00e9t\u00e9 organis\u00e9es en 2019.2 bulletins d\u2019information ont \u00e9t\u00e9 distribu\u00e9s.","robots":{"index":"index","follow":"follow","max-snippet":"max-snippet:-1","max-image-preview":"max-image-preview:large","max-video-preview":"max-video-preview:-1"},"canonical":"https:\/\/www.enertrag.fr\/les-setiers\/la-concertation\/","og_locale":"fr_FR","og_type":"article","og_title":"La concertation - les-setiers","og_description":"4 permanences publiques ont \u00e9t\u00e9 organis\u00e9es en 2019.2 bulletins d\u2019information ont \u00e9t\u00e9 distribu\u00e9s.","og_url":"https:\/\/www.enertrag.fr\/les-setiers\/la-concertation\/","og_site_name":"les-setiers","article_modified_time":"2023-07-05T09:36:58+00:00","og_image":[{"url":"http:\/\/dev.parcs-eoliens-enertrag.fr\/les-setiers\/wp-content\/uploads\/sites\/6\/2023\/01\/bandeau-header-concertation.png","type":"","width":"","height":""}],"twitter_card":"summary_large_image","twitter_misc":{"Dur\u00e9e de lecture estim\u00e9e":"3 minutes"},"schema":{"@context":"https:\/\/schema.org","@graph":[{"@type":"WebPage","@id":"https:\/\/www.enertrag.fr\/les-setiers\/la-concertation\/","url":"https:\/\/www.enertrag.fr\/les-setiers\/la-concertation\/","name":"La concertation - les-setiers","isPartOf":{"@id":"https:\/\/www.enertrag.fr\/les-setiers\/#website"},"primaryImageOfPage":{"@id":"https:\/\/www.enertrag.fr\/les-setiers\/la-concertation\/#primaryimage"},"image":{"@id":"https:\/\/www.enertrag.fr\/les-setiers\/la-concertation\/#primaryimage"},"thumbnailUrl":"http:\/\/dev.parcs-eoliens-enertrag.fr\/les-setiers\/wp-content\/uploads\/sites\/6\/2023\/01\/bandeau-header-concertation.png","datePublished":"2023-01-12T15:19:59+00:00","dateModified":"2023-07-05T09:36:58+00:00","description":"4 permanences publiques ont \u00e9t\u00e9 organis\u00e9es en 2019.2 bulletins d\u2019information ont \u00e9t\u00e9 distribu\u00e9s.","breadcrumb":{"@id":"https:\/\/www.enertrag.fr\/les-setiers\/la-concertation\/#breadcrumb"},"inLanguage":"fr-FR","potentialAction":[{"@type":"ReadAction","target":["https:\/\/www.enertrag.fr\/les-setiers\/la-concertation\/"]}]},{"@type":"ImageObject","inLanguage":"fr-FR","@id":"https:\/\/www.enertrag.fr\/les-setiers\/la-concertation\/#primaryimage","url":"http:\/\/dev.parcs-eoliens-enertrag.fr\/les-setiers\/wp-content\/uploads\/sites\/6\/2023\/01\/bandeau-header-concertation.png","contentUrl":"http:\/\/dev.parcs-eoliens-enertrag.fr\/les-setiers\/wp-content\/uploads\/sites\/6\/2023\/01\/bandeau-header-concertation.png"},{"@type":"BreadcrumbList","@id":"https:\/\/www.enertrag.fr\/les-setiers\/la-concertation\/#breadcrumb","itemListElement":[{"@type":"ListItem","position":1,"name":"Accueil","item":"https:\/\/www.enertrag.fr\/les-setiers\/"},{"@type":"ListItem","position":2,"name":"La concertation"}]},{"@type":"WebSite","@id":"https:\/\/www.enertrag.fr\/les-setiers\/#website","url":"https:\/\/www.enertrag.fr\/les-setiers\/","name":"les-setiers","description":"","publisher":{"@id":"https:\/\/www.enertrag.fr\/les-setiers\/#organization"},"potentialAction":[{"@type":"SearchAction","target":{"@type":"EntryPoint","urlTemplate":"https:\/\/www.enertrag.fr\/les-setiers\/?s={search_term_string}"},"query-input":{"@type":"PropertyValueSpecification","valueRequired":true,"valueName":"search_term_string"}}],"inLanguage":"fr-FR"},{"@type":"Organization","@id":"https:\/\/www.enertrag.fr\/les-setiers\/#organization","name":"les-setiers","url":"https:\/\/www.enertrag.fr\/les-setiers\/","logo":{"@type":"ImageObject","inLanguage":"fr-FR","@id":"https:\/\/www.enertrag.fr\/les-setiers\/#\/schema\/logo\/image\/","url":"https:\/\/www.enertrag.fr\/les-setiers\/wp-content\/uploads\/sites\/6\/2023\/01\/ENERTRAG_Logo.png","contentUrl":"https:\/\/www.enertrag.fr\/les-setiers\/wp-content\/uploads\/sites\/6\/2023\/01\/ENERTRAG_Logo.png","width":500,"height":161,"caption":"les-setiers"},"image":{"@id":"https:\/\/www.enertrag.fr\/les-setiers\/#\/schema\/logo\/image\/"}}]}},"_links":{"self":[{"href":"https:\/\/www.enertrag.fr\/les-setiers\/wp-json\/wp\/v2\/pages\/64","targetHints":{"allow":["GET"]}}],"collection":[{"href":"https:\/\/www.enertrag.fr\/les-setiers\/wp-json\/wp\/v2\/pages"}],"about":[{"href":"https:\/\/www.enertrag.fr\/les-setiers\/wp-json\/wp\/v2\/types\/page"}],"author":[{"embeddable":true,"href":"https:\/\/www.enertrag.fr\/les-setiers\/wp-json\/wp\/v2\/users\/1"}],"replies":[{"embeddable":true,"href":"https:\/\/www.enertrag.fr\/les-setiers\/wp-json\/wp\/v2\/comments?post=64"}],"version-history":[{"count":0,"href":"https:\/\/www.enertrag.fr\/les-setiers\/wp-json\/wp\/v2\/pages\/64\/revisions"}],"wp:attachment":[{"href":"https:\/\/www.enertrag.fr\/les-setiers\/wp-json\/wp\/v2\/media?parent=64"}],"curies":[{"name":"wp","href":"https:\/\/api.w.org\/{rel}","templated":true}]}}