{"id":69,"date":"2023-01-12T16:23:03","date_gmt":"2023-01-12T15:23:03","guid":{"rendered":"http:\/\/dev.parcs-eoliens-enertrag.fr\/les-setiers\/?page_id=69"},"modified":"2023-07-12T15:53:54","modified_gmt":"2023-07-12T13:53:54","slug":"actualites","status":"publish","type":"page","link":"https:\/\/www.enertrag.fr\/la-croisee-de-chabanne\/actualites\/","title":{"rendered":"Actualit\u00e9s"},"content":{"rendered":"\t\t<div data-elementor-type=\"wp-page\" data-elementor-id=\"69\" class=\"elementor elementor-69\" data-elementor-settings=\"{&quot;ha_cmc_init_switcher&quot;:&quot;no&quot;}\" data-elementor-post-type=\"page\">\n\t\t\t\t\t\t<section class=\"elementor-section elementor-top-section elementor-element elementor-element-b094415 elementor-section-boxed elementor-section-height-default elementor-section-height-default\" data-id=\"b094415\" data-element_type=\"section\" data-e-type=\"section\" data-settings=\"{&quot;_ha_eqh_enable&quot;:false}\">\n\t\t\t\t\t\t<div class=\"elementor-container elementor-column-gap-default\">\n\t\t\t\t\t<div class=\"elementor-column elementor-col-100 elementor-top-column elementor-element elementor-element-d458a0a\" data-id=\"d458a0a\" data-element_type=\"column\" data-e-type=\"column\">\n\t\t\t<div class=\"elementor-widget-wrap elementor-element-populated\">\n\t\t\t\t\t\t<div class=\"elementor-element elementor-element-20ce6d3 elementor-grid-3 elementor-grid-tablet-2 elementor-grid-mobile-1 elementor-posts--thumbnail-top elementor-widget elementor-widget-posts\" data-id=\"20ce6d3\" data-element_type=\"widget\" data-e-type=\"widget\" data-settings=\"{&quot;pagination_type&quot;:&quot;prev_next&quot;,&quot;classic_columns&quot;:&quot;3&quot;,&quot;classic_columns_tablet&quot;:&quot;2&quot;,&quot;classic_columns_mobile&quot;:&quot;1&quot;,&quot;classic_row_gap&quot;:{&quot;unit&quot;:&quot;px&quot;,&quot;size&quot;:35,&quot;sizes&quot;:[]},&quot;classic_row_gap_tablet&quot;:{&quot;unit&quot;:&quot;px&quot;,&quot;size&quot;:&quot;&quot;,&quot;sizes&quot;:[]},&quot;classic_row_gap_mobile&quot;:{&quot;unit&quot;:&quot;px&quot;,&quot;size&quot;:&quot;&quot;,&quot;sizes&quot;:[]}}\" data-widget_type=\"posts.classic\">\n\t\t\t\t<div class=\"elementor-widget-container\">\n\t\t\t\t\t\t\t<div class=\"elementor-posts-container elementor-posts elementor-posts--skin-classic elementor-grid\" role=\"list\">\n\t\t\t\t<article class=\"elementor-post elementor-grid-item post-918 post type-post status-publish format-standard has-post-thumbnail hentry category-non-classe\" role=\"listitem\">\n\t\t\t\t<a class=\"elementor-post__thumbnail__link\" href=\"https:\/\/www.enertrag.fr\/la-croisee-de-chabanne\/blog\/2023\/12\/29\/autorisation-du-parc-eolien-de-la-croisee-de-chabanne\/\" tabindex=\"-1\" >\n\t\t\t<div class=\"elementor-post__thumbnail\"><img decoding=\"async\" width=\"300\" height=\"65\" src=\"https:\/\/www.enertrag.fr\/la-croisee-de-chabanne\/wp-content\/uploads\/sites\/19\/2023\/12\/Actualite_autorisation-300x65.jpg\" class=\"attachment-medium size-medium wp-image-921\" alt=\"\" srcset=\"https:\/\/www.enertrag.fr\/la-croisee-de-chabanne\/wp-content\/uploads\/sites\/19\/2023\/12\/Actualite_autorisation-300x65.jpg 300w, https:\/\/www.enertrag.fr\/la-croisee-de-chabanne\/wp-content\/uploads\/sites\/19\/2023\/12\/Actualite_autorisation-1024x221.jpg 1024w, https:\/\/www.enertrag.fr\/la-croisee-de-chabanne\/wp-content\/uploads\/sites\/19\/2023\/12\/Actualite_autorisation-768x166.jpg 768w, https:\/\/www.enertrag.fr\/la-croisee-de-chabanne\/wp-content\/uploads\/sites\/19\/2023\/12\/Actualite_autorisation-1536x332.jpg 1536w, https:\/\/www.enertrag.fr\/la-croisee-de-chabanne\/wp-content\/uploads\/sites\/19\/2023\/12\/Actualite_autorisation.jpg 1850w\" sizes=\"(max-width: 300px) 100vw, 300px\" \/><\/div>\n\t\t<\/a>\n\t\t\t\t<div class=\"elementor-post__text\">\n\t\t\t\t<h3 class=\"elementor-post__title\">\n\t\t\t<a href=\"https:\/\/www.enertrag.fr\/la-croisee-de-chabanne\/blog\/2023\/12\/29\/autorisation-du-parc-eolien-de-la-croisee-de-chabanne\/\" >\n\t\t\t\tAutorisation du parc \u00e9olien de la Crois\u00e9e de Chabanne !\t\t\t<\/a>\n\t\t<\/h3>\n\t\t\t\t<div class=\"elementor-post__excerpt\">\n\t\t\t<p>En ce d\u00e9but d\u2019ann\u00e9e, je suis tr\u00e8s heureuse de vous annoncer l\u2019autorisation du parc \u00e9olien de la Crois\u00e9e de Chabanne qui viendra compl\u00e9ter le parc<\/p>\n\t\t<\/div>\n\t\t\t\t\t<div class=\"elementor-post__read-more-wrapper\">\n\t\t\n\t\t<a class=\"elementor-post__read-more\" href=\"https:\/\/www.enertrag.fr\/la-croisee-de-chabanne\/blog\/2023\/12\/29\/autorisation-du-parc-eolien-de-la-croisee-de-chabanne\/\" aria-label=\"En savoir plus sur Autorisation du parc \u00e9olien de la Crois\u00e9e de Chabanne !\" tabindex=\"-1\" >\n\t\t\tLire la suite \t\t<\/a>\n\n\t\t\t\t\t<\/div>\n\t\t\t\t<\/div>\n\t\t\t\t<\/article>\n\t\t\t\t<article class=\"elementor-post elementor-grid-item post-898 post type-post status-publish format-standard has-post-thumbnail hentry category-non-classe\" role=\"listitem\">\n\t\t\t\t<a class=\"elementor-post__thumbnail__link\" href=\"https:\/\/www.enertrag.fr\/la-croisee-de-chabanne\/blog\/2023\/07\/12\/decision-favorable-par-le-commissaire-enqueteur-cloned-776\/\" tabindex=\"-1\" >\n\t\t\t<div class=\"elementor-post__thumbnail\"><img fetchpriority=\"high\" decoding=\"async\" width=\"300\" height=\"194\" src=\"https:\/\/www.enertrag.fr\/la-croisee-de-chabanne\/wp-content\/uploads\/sites\/19\/2023\/07\/actualite-300x194.jpg\" class=\"attachment-medium size-medium wp-image-907\" alt=\"\" srcset=\"https:\/\/www.enertrag.fr\/la-croisee-de-chabanne\/wp-content\/uploads\/sites\/19\/2023\/07\/actualite-300x194.jpg 300w, https:\/\/www.enertrag.fr\/la-croisee-de-chabanne\/wp-content\/uploads\/sites\/19\/2023\/07\/actualite-1024x663.jpg 1024w, https:\/\/www.enertrag.fr\/la-croisee-de-chabanne\/wp-content\/uploads\/sites\/19\/2023\/07\/actualite-768x497.jpg 768w, https:\/\/www.enertrag.fr\/la-croisee-de-chabanne\/wp-content\/uploads\/sites\/19\/2023\/07\/actualite-1536x994.jpg 1536w, https:\/\/www.enertrag.fr\/la-croisee-de-chabanne\/wp-content\/uploads\/sites\/19\/2023\/07\/actualite.jpg 1771w\" sizes=\"(max-width: 300px) 100vw, 300px\" \/><\/div>\n\t\t<\/a>\n\t\t\t\t<div class=\"elementor-post__text\">\n\t\t\t\t<h3 class=\"elementor-post__title\">\n\t\t\t<a href=\"https:\/\/www.enertrag.fr\/la-croisee-de-chabanne\/blog\/2023\/07\/12\/decision-favorable-par-le-commissaire-enqueteur-cloned-776\/\" >\n\t\t\t\tDes panneaux p\u00e9dagogique \u00e0 Ch\u00e2teau-Garnier !\t\t\t<\/a>\n\t\t<\/h3>\n\t\t\t\t<div class=\"elementor-post__excerpt\">\n\t\t\t<p>Pour le parc \u00e9olien des Quatre Vents, des panneaux p\u00e9dagogiques ont \u00e9t\u00e9 install\u00e9 sur la commune de Ch\u00e2teau-Garnier Ces panneaux r\u00e9alis\u00e9s par ENERTRAG en collaboration<\/p>\n\t\t<\/div>\n\t\t\t\t\t<div class=\"elementor-post__read-more-wrapper\">\n\t\t\n\t\t<a class=\"elementor-post__read-more\" href=\"https:\/\/www.enertrag.fr\/la-croisee-de-chabanne\/blog\/2023\/07\/12\/decision-favorable-par-le-commissaire-enqueteur-cloned-776\/\" aria-label=\"En savoir plus sur Des panneaux p\u00e9dagogique \u00e0 Ch\u00e2teau-Garnier !\" tabindex=\"-1\" >\n\t\t\tLire la suite \t\t<\/a>\n\n\t\t\t\t\t<\/div>\n\t\t\t\t<\/div>\n\t\t\t\t<\/article>\n\t\t\t\t<article class=\"elementor-post elementor-grid-item post-776 post type-post status-publish format-standard has-post-thumbnail hentry category-non-classe\" role=\"listitem\">\n\t\t\t\t<a class=\"elementor-post__thumbnail__link\" href=\"https:\/\/www.enertrag.fr\/la-croisee-de-chabanne\/blog\/2023\/04\/28\/le-commissaire-enqueteur-sest-prononce-favorablement-au-projet\/\" tabindex=\"-1\" >\n\t\t\t<div class=\"elementor-post__thumbnail\"><img decoding=\"async\" width=\"300\" height=\"194\" src=\"https:\/\/www.enertrag.fr\/la-croisee-de-chabanne\/wp-content\/uploads\/sites\/19\/2023\/04\/Actualite_prefet-300x194.jpg\" class=\"attachment-medium size-medium wp-image-891\" alt=\"\" srcset=\"https:\/\/www.enertrag.fr\/la-croisee-de-chabanne\/wp-content\/uploads\/sites\/19\/2023\/04\/Actualite_prefet-300x194.jpg 300w, https:\/\/www.enertrag.fr\/la-croisee-de-chabanne\/wp-content\/uploads\/sites\/19\/2023\/04\/Actualite_prefet-1024x663.jpg 1024w, https:\/\/www.enertrag.fr\/la-croisee-de-chabanne\/wp-content\/uploads\/sites\/19\/2023\/04\/Actualite_prefet-768x497.jpg 768w, https:\/\/www.enertrag.fr\/la-croisee-de-chabanne\/wp-content\/uploads\/sites\/19\/2023\/04\/Actualite_prefet-1536x994.jpg 1536w, https:\/\/www.enertrag.fr\/la-croisee-de-chabanne\/wp-content\/uploads\/sites\/19\/2023\/04\/Actualite_prefet.jpg 1771w\" sizes=\"(max-width: 300px) 100vw, 300px\" \/><\/div>\n\t\t<\/a>\n\t\t\t\t<div class=\"elementor-post__text\">\n\t\t\t\t<h3 class=\"elementor-post__title\">\n\t\t\t<a href=\"https:\/\/www.enertrag.fr\/la-croisee-de-chabanne\/blog\/2023\/04\/28\/le-commissaire-enqueteur-sest-prononce-favorablement-au-projet\/\" >\n\t\t\t\tD\u00e9cision favorable par le commissaire enqu\u00eateur\t\t\t<\/a>\n\t\t<\/h3>\n\t\t\t\t<div class=\"elementor-post__excerpt\">\n\t\t\t<p>Apr\u00e8s une ann\u00e9e et demi d&rsquo;instruction par les services de la Pr\u00e9fecture, le projet \u00e9olien est pass\u00e9 en enqu\u00eate publique \u00e0 la rentr\u00e9e de septembre.<\/p>\n\t\t<\/div>\n\t\t\t\t\t<div class=\"elementor-post__read-more-wrapper\">\n\t\t\n\t\t<a class=\"elementor-post__read-more\" href=\"https:\/\/www.enertrag.fr\/la-croisee-de-chabanne\/blog\/2023\/04\/28\/le-commissaire-enqueteur-sest-prononce-favorablement-au-projet\/\" aria-label=\"En savoir plus sur D\u00e9cision favorable par le commissaire enqu\u00eateur\" tabindex=\"-1\" >\n\t\t\tLire la suite \t\t<\/a>\n\n\t\t\t\t\t<\/div>\n\t\t\t\t<\/div>\n\t\t\t\t<\/article>\n\t\t\t\t<\/div>\n\t\t\n\t\t\t\t\t\t<\/div>\n\t\t\t\t<\/div>\n\t\t\t\t\t<\/div>\n\t\t<\/div>\n\t\t\t\t\t<\/div>\n\t\t<\/section>\n\t\t\t\t<\/div>\n\t\t","protected":false},"excerpt":{"rendered":"","protected":false},"author":1,"featured_media":0,"parent":0,"menu_order":0,"comment_status":"closed","ping_status":"closed","template":"","meta":{"_acf_changed":false,"footnotes":""},"class_list":["post-69","page","type-page","status-publish","hentry"],"acf":[],"yoast_head":"<!-- This site is optimized with the Yoast SEO plugin v27.3 - https:\/\/yoast.com\/product\/yoast-seo-wordpress\/ -->\n<title>Actualit\u00e9s - La Crois\u00e9e de Chabanne<\/title>\n<meta name=\"description\" content=\"Les actualit\u00e9s du projet \u00e9olien de La Crois\u00e9e de Chabanne sur les communes de Ch\u00e2teau-Garnier et La Chapelle Baton.\" \/>\n<meta name=\"robots\" content=\"index, follow, max-snippet:-1, max-image-preview:large, max-video-preview:-1\" \/>\n<link rel=\"canonical\" href=\"https:\/\/www.enertrag.fr\/la-croisee-de-chabanne\/actualites\/\" \/>\n<meta property=\"og:locale\" content=\"fr_FR\" \/>\n<meta property=\"og:type\" content=\"article\" \/>\n<meta property=\"og:title\" content=\"Actualit\u00e9s - La Crois\u00e9e de Chabanne\" \/>\n<meta property=\"og:description\" content=\"Les actualit\u00e9s du projet \u00e9olien de La Crois\u00e9e de Chabanne sur les communes de Ch\u00e2teau-Garnier et La Chapelle Baton.\" \/>\n<meta property=\"og:url\" content=\"https:\/\/www.enertrag.fr\/la-croisee-de-chabanne\/actualites\/\" \/>\n<meta property=\"og:site_name\" content=\"La Crois\u00e9e de Chabanne\" \/>\n<meta property=\"article:modified_time\" content=\"2023-07-12T13:53:54+00:00\" \/>\n<meta name=\"twitter:card\" content=\"summary_large_image\" \/>\n<script type=\"application\/ld+json\" class=\"yoast-schema-graph\">{\"@context\":\"https:\\\/\\\/schema.org\",\"@graph\":[{\"@type\":\"WebPage\",\"@id\":\"https:\\\/\\\/www.enertrag.fr\\\/la-croisee-de-chabanne\\\/actualites\\\/\",\"url\":\"https:\\\/\\\/www.enertrag.fr\\\/la-croisee-de-chabanne\\\/actualites\\\/\",\"name\":\"Actualit\u00e9s - La Crois\u00e9e de Chabanne\",\"isPartOf\":{\"@id\":\"https:\\\/\\\/www.enertrag.fr\\\/la-croisee-de-chabanne\\\/#website\"},\"datePublished\":\"2023-01-12T15:23:03+00:00\",\"dateModified\":\"2023-07-12T13:53:54+00:00\",\"description\":\"Les actualit\u00e9s du projet \u00e9olien de La Crois\u00e9e de Chabanne sur les communes de Ch\u00e2teau-Garnier et La Chapelle Baton.\",\"breadcrumb\":{\"@id\":\"https:\\\/\\\/www.enertrag.fr\\\/la-croisee-de-chabanne\\\/actualites\\\/#breadcrumb\"},\"inLanguage\":\"fr-FR\",\"potentialAction\":[{\"@type\":\"ReadAction\",\"target\":[\"https:\\\/\\\/www.enertrag.fr\\\/la-croisee-de-chabanne\\\/actualites\\\/\"]}]},{\"@type\":\"BreadcrumbList\",\"@id\":\"https:\\\/\\\/www.enertrag.fr\\\/la-croisee-de-chabanne\\\/actualites\\\/#breadcrumb\",\"itemListElement\":[{\"@type\":\"ListItem\",\"position\":1,\"name\":\"Accueil\",\"item\":\"https:\\\/\\\/www.enertrag.fr\\\/la-croisee-de-chabanne\\\/\"},{\"@type\":\"ListItem\",\"position\":2,\"name\":\"Actualit\u00e9s\"}]},{\"@type\":\"WebSite\",\"@id\":\"https:\\\/\\\/www.enertrag.fr\\\/la-croisee-de-chabanne\\\/#website\",\"url\":\"https:\\\/\\\/www.enertrag.fr\\\/la-croisee-de-chabanne\\\/\",\"name\":\"La Crois\u00e9e de Chabanne\",\"description\":\"\",\"publisher\":{\"@id\":\"https:\\\/\\\/www.enertrag.fr\\\/la-croisee-de-chabanne\\\/#organization\"},\"potentialAction\":[{\"@type\":\"SearchAction\",\"target\":{\"@type\":\"EntryPoint\",\"urlTemplate\":\"https:\\\/\\\/www.enertrag.fr\\\/la-croisee-de-chabanne\\\/?s={search_term_string}\"},\"query-input\":{\"@type\":\"PropertyValueSpecification\",\"valueRequired\":true,\"valueName\":\"search_term_string\"}}],\"inLanguage\":\"fr-FR\"},{\"@type\":\"Organization\",\"@id\":\"https:\\\/\\\/www.enertrag.fr\\\/la-croisee-de-chabanne\\\/#organization\",\"name\":\"La Crois\u00e9e de Chabanne\",\"url\":\"https:\\\/\\\/www.enertrag.fr\\\/la-croisee-de-chabanne\\\/\",\"logo\":{\"@type\":\"ImageObject\",\"inLanguage\":\"fr-FR\",\"@id\":\"https:\\\/\\\/www.enertrag.fr\\\/la-croisee-de-chabanne\\\/#\\\/schema\\\/logo\\\/image\\\/\",\"url\":\"https:\\\/\\\/www.enertrag.fr\\\/la-croisee-de-chabanne\\\/wp-content\\\/uploads\\\/sites\\\/19\\\/2023\\\/01\\\/ENERTRAG_Logo.png\",\"contentUrl\":\"https:\\\/\\\/www.enertrag.fr\\\/la-croisee-de-chabanne\\\/wp-content\\\/uploads\\\/sites\\\/19\\\/2023\\\/01\\\/ENERTRAG_Logo.png\",\"width\":500,\"height\":161,\"caption\":\"La Crois\u00e9e de Chabanne\"},\"image\":{\"@id\":\"https:\\\/\\\/www.enertrag.fr\\\/la-croisee-de-chabanne\\\/#\\\/schema\\\/logo\\\/image\\\/\"}}]}<\/script>\n<!-- \/ Yoast SEO plugin. -->","yoast_head_json":{"title":"Actualit\u00e9s - La Crois\u00e9e de Chabanne","description":"Les actualit\u00e9s du projet \u00e9olien de La Crois\u00e9e de Chabanne sur les communes de Ch\u00e2teau-Garnier et La Chapelle Baton.","robots":{"index":"index","follow":"follow","max-snippet":"max-snippet:-1","max-image-preview":"max-image-preview:large","max-video-preview":"max-video-preview:-1"},"canonical":"https:\/\/www.enertrag.fr\/la-croisee-de-chabanne\/actualites\/","og_locale":"fr_FR","og_type":"article","og_title":"Actualit\u00e9s - La Crois\u00e9e de Chabanne","og_description":"Les actualit\u00e9s du projet \u00e9olien de La Crois\u00e9e de Chabanne sur les communes de Ch\u00e2teau-Garnier et La Chapelle Baton.","og_url":"https:\/\/www.enertrag.fr\/la-croisee-de-chabanne\/actualites\/","og_site_name":"La Crois\u00e9e de Chabanne","article_modified_time":"2023-07-12T13:53:54+00:00","twitter_card":"summary_large_image","schema":{"@context":"https:\/\/schema.org","@graph":[{"@type":"WebPage","@id":"https:\/\/www.enertrag.fr\/la-croisee-de-chabanne\/actualites\/","url":"https:\/\/www.enertrag.fr\/la-croisee-de-chabanne\/actualites\/","name":"Actualit\u00e9s - La Crois\u00e9e de Chabanne","isPartOf":{"@id":"https:\/\/www.enertrag.fr\/la-croisee-de-chabanne\/#website"},"datePublished":"2023-01-12T15:23:03+00:00","dateModified":"2023-07-12T13:53:54+00:00","description":"Les actualit\u00e9s du projet \u00e9olien de La Crois\u00e9e de Chabanne sur les communes de Ch\u00e2teau-Garnier et La Chapelle Baton.","breadcrumb":{"@id":"https:\/\/www.enertrag.fr\/la-croisee-de-chabanne\/actualites\/#breadcrumb"},"inLanguage":"fr-FR","potentialAction":[{"@type":"ReadAction","target":["https:\/\/www.enertrag.fr\/la-croisee-de-chabanne\/actualites\/"]}]},{"@type":"BreadcrumbList","@id":"https:\/\/www.enertrag.fr\/la-croisee-de-chabanne\/actualites\/#breadcrumb","itemListElement":[{"@type":"ListItem","position":1,"name":"Accueil","item":"https:\/\/www.enertrag.fr\/la-croisee-de-chabanne\/"},{"@type":"ListItem","position":2,"name":"Actualit\u00e9s"}]},{"@type":"WebSite","@id":"https:\/\/www.enertrag.fr\/la-croisee-de-chabanne\/#website","url":"https:\/\/www.enertrag.fr\/la-croisee-de-chabanne\/","name":"La Crois\u00e9e de Chabanne","description":"","publisher":{"@id":"https:\/\/www.enertrag.fr\/la-croisee-de-chabanne\/#organization"},"potentialAction":[{"@type":"SearchAction","target":{"@type":"EntryPoint","urlTemplate":"https:\/\/www.enertrag.fr\/la-croisee-de-chabanne\/?s={search_term_string}"},"query-input":{"@type":"PropertyValueSpecification","valueRequired":true,"valueName":"search_term_string"}}],"inLanguage":"fr-FR"},{"@type":"Organization","@id":"https:\/\/www.enertrag.fr\/la-croisee-de-chabanne\/#organization","name":"La Crois\u00e9e de Chabanne","url":"https:\/\/www.enertrag.fr\/la-croisee-de-chabanne\/","logo":{"@type":"ImageObject","inLanguage":"fr-FR","@id":"https:\/\/www.enertrag.fr\/la-croisee-de-chabanne\/#\/schema\/logo\/image\/","url":"https:\/\/www.enertrag.fr\/la-croisee-de-chabanne\/wp-content\/uploads\/sites\/19\/2023\/01\/ENERTRAG_Logo.png","contentUrl":"https:\/\/www.enertrag.fr\/la-croisee-de-chabanne\/wp-content\/uploads\/sites\/19\/2023\/01\/ENERTRAG_Logo.png","width":500,"height":161,"caption":"La Crois\u00e9e de Chabanne"},"image":{"@id":"https:\/\/www.enertrag.fr\/la-croisee-de-chabanne\/#\/schema\/logo\/image\/"}}]}},"_links":{"self":[{"href":"https:\/\/www.enertrag.fr\/la-croisee-de-chabanne\/wp-json\/wp\/v2\/pages\/69","targetHints":{"allow":["GET"]}}],"collection":[{"href":"https:\/\/www.enertrag.fr\/la-croisee-de-chabanne\/wp-json\/wp\/v2\/pages"}],"about":[{"href":"https:\/\/www.enertrag.fr\/la-croisee-de-chabanne\/wp-json\/wp\/v2\/types\/page"}],"author":[{"embeddable":true,"href":"https:\/\/www.enertrag.fr\/la-croisee-de-chabanne\/wp-json\/wp\/v2\/users\/1"}],"replies":[{"embeddable":true,"href":"https:\/\/www.enertrag.fr\/la-croisee-de-chabanne\/wp-json\/wp\/v2\/comments?post=69"}],"version-history":[{"count":0,"href":"https:\/\/www.enertrag.fr\/la-croisee-de-chabanne\/wp-json\/wp\/v2\/pages\/69\/revisions"}],"wp:attachment":[{"href":"https:\/\/www.enertrag.fr\/la-croisee-de-chabanne\/wp-json\/wp\/v2\/media?parent=69"}],"curies":[{"name":"wp","href":"https:\/\/api.w.org\/{rel}","templated":true}]}}