{"id":66,"date":"2023-01-12T16:20:22","date_gmt":"2023-01-12T15:20:22","guid":{"rendered":"http:\/\/dev.parcs-eoliens-enertrag.fr\/les-setiers\/?page_id=66"},"modified":"2023-07-12T16:01:57","modified_gmt":"2023-07-12T14:01:57","slug":"qui-sommes-nous","status":"publish","type":"page","link":"https:\/\/www.enertrag.fr\/la-croisee-de-chabanne\/qui-sommes-nous\/","title":{"rendered":"Qui sommes nous ?"},"content":{"rendered":"\t\t<div data-elementor-type=\"wp-page\" data-elementor-id=\"66\" class=\"elementor elementor-66\" data-elementor-settings=\"{&quot;ha_cmc_init_switcher&quot;:&quot;no&quot;}\" data-elementor-post-type=\"page\">\n\t\t\t\t\t\t<section class=\"elementor-section elementor-top-section elementor-element elementor-element-b0e5e39 elementor-section-boxed elementor-section-height-default elementor-section-height-default\" data-id=\"b0e5e39\" data-element_type=\"section\" data-e-type=\"section\" data-settings=\"{&quot;_ha_eqh_enable&quot;:false}\">\n\t\t\t\t\t\t<div class=\"elementor-container elementor-column-gap-default\">\n\t\t\t\t\t<div class=\"elementor-column elementor-col-100 elementor-top-column elementor-element elementor-element-4dd6d7c\" data-id=\"4dd6d7c\" data-element_type=\"column\" data-e-type=\"column\">\n\t\t\t<div class=\"elementor-widget-wrap elementor-element-populated\">\n\t\t\t\t\t\t<div class=\"elementor-element elementor-element-1bbc81a elementor-widget elementor-widget-heading\" data-id=\"1bbc81a\" data-element_type=\"widget\" data-e-type=\"widget\" data-widget_type=\"heading.default\">\n\t\t\t\t<div class=\"elementor-widget-container\">\n\t\t\t\t\t<h1 class=\"elementor-heading-title elementor-size-default\">Qui sommes-nous ?<\/h1>\t\t\t\t<\/div>\n\t\t\t\t<\/div>\n\t\t\t\t\t<\/div>\n\t\t<\/div>\n\t\t\t\t\t<\/div>\n\t\t<\/section>\n\t\t\t\t<section class=\"elementor-section elementor-top-section elementor-element elementor-element-46d39a0 elementor-section-boxed elementor-section-height-default elementor-section-height-default\" data-id=\"46d39a0\" data-element_type=\"section\" data-e-type=\"section\" data-settings=\"{&quot;_ha_eqh_enable&quot;:false}\">\n\t\t\t\t\t\t<div class=\"elementor-container elementor-column-gap-default\">\n\t\t\t\t\t<div class=\"elementor-column elementor-col-100 elementor-top-column elementor-element elementor-element-837e1c6\" data-id=\"837e1c6\" data-element_type=\"column\" data-e-type=\"column\">\n\t\t\t<div class=\"elementor-widget-wrap elementor-element-populated\">\n\t\t\t\t\t\t<div class=\"elementor-element elementor-element-19abcdb elementor-widget elementor-widget-text-editor\" data-id=\"19abcdb\" data-element_type=\"widget\" data-e-type=\"widget\" data-widget_type=\"text-editor.default\">\n\t\t\t\t<div class=\"elementor-widget-container\">\n\t\t\t\t\t\t\t\t\t<h2>ENERTRAG, une \u00e9nergie d\u2018avance<\/h2>\t\t\t\t\t\t\t\t<\/div>\n\t\t\t\t<\/div>\n\t\t\t\t\t<\/div>\n\t\t<\/div>\n\t\t\t\t\t<\/div>\n\t\t<\/section>\n\t\t\t\t<section class=\"elementor-section elementor-top-section elementor-element elementor-element-4f2496a elementor-section-boxed elementor-section-height-default elementor-section-height-default\" data-id=\"4f2496a\" data-element_type=\"section\" data-e-type=\"section\" data-settings=\"{&quot;_ha_eqh_enable&quot;:false}\">\n\t\t\t\t\t\t<div class=\"elementor-container elementor-column-gap-default\">\n\t\t\t\t\t<div class=\"elementor-column elementor-col-50 elementor-top-column elementor-element elementor-element-1a7f976\" data-id=\"1a7f976\" data-element_type=\"column\" data-e-type=\"column\">\n\t\t\t<div class=\"elementor-widget-wrap elementor-element-populated\">\n\t\t\t\t\t\t<div class=\"elementor-element elementor-element-4842792 elementor-widget elementor-widget-text-editor\" data-id=\"4842792\" data-element_type=\"widget\" data-e-type=\"widget\" data-widget_type=\"text-editor.default\">\n\t\t\t\t<div class=\"elementor-widget-container\">\n\t\t\t\t\t\t\t\t\t<h3>La soci\u00e9t\u00e9<\/h3><p>Fond\u00e9 en 1992 en Allemagne, ENERTRAG est l\u2019un des principaux producteurs d\u2019\u00e9nergies renouvelables en Europe.<br \/>En France ENERTRAG emploie pr\u00e8s de 100 personnes, dont des \u00e9quipes d\u00e9di\u00e9es qui sillonnent les territoires fran\u00e7ais.<br \/>L\u2019entreprise innove et d\u00e9veloppe des solutions d\u2019\u00e9nergies \u00e9olienne, photovolta\u00efque et d\u2019hydrog\u00e8ne. De la naissance d\u2019un projet \u00e0 la production d\u2019\u00e9lectricit\u00e9 d\u2019origine renouvelable et jusqu\u2019au d\u00e9mant\u00e8lement, ENERTRAG couvre chacune des \u00e9tapes de la cha\u00eene de production de l\u2019\u00e9nergie. ENERTRAG d\u00e9veloppe et commercialise \u00e9galement des technologies et des produits qui permettent de rendre ses installations encore plus intelligentes.<br \/>Gr\u00e2ce \u00e0 son exp\u00e9rience, ENERTRAG contribue \u00e0 la transition \u00e9nerg\u00e9tique des territoires.<\/p>\t\t\t\t\t\t\t\t<\/div>\n\t\t\t\t<\/div>\n\t\t\t\t\t<\/div>\n\t\t<\/div>\n\t\t\t\t<div class=\"elementor-column elementor-col-50 elementor-top-column elementor-element elementor-element-730dd0a\" data-id=\"730dd0a\" data-element_type=\"column\" data-e-type=\"column\">\n\t\t\t<div class=\"elementor-widget-wrap elementor-element-populated\">\n\t\t\t\t\t\t<div class=\"elementor-element elementor-element-4e639c1 elementor-widget elementor-widget-image\" data-id=\"4e639c1\" data-element_type=\"widget\" data-e-type=\"widget\" data-widget_type=\"image.default\">\n\t\t\t\t<div class=\"elementor-widget-container\">\n\t\t\t\t\t\t\t\t\t\t\t\t\t\t\t<img fetchpriority=\"high\" decoding=\"async\" width=\"2560\" height=\"1565\" src=\"https:\/\/www.enertrag.fr\/la-croisee-de-chabanne\/wp-content\/uploads\/sites\/19\/2023\/07\/Image-2-tiers-de-page-scaled.jpg\" class=\"attachment-full size-full wp-image-880\" alt=\"\" srcset=\"https:\/\/www.enertrag.fr\/la-croisee-de-chabanne\/wp-content\/uploads\/sites\/19\/2023\/07\/Image-2-tiers-de-page-scaled.jpg 2560w, https:\/\/www.enertrag.fr\/la-croisee-de-chabanne\/wp-content\/uploads\/sites\/19\/2023\/07\/Image-2-tiers-de-page-300x183.jpg 300w, https:\/\/www.enertrag.fr\/la-croisee-de-chabanne\/wp-content\/uploads\/sites\/19\/2023\/07\/Image-2-tiers-de-page-1024x626.jpg 1024w, https:\/\/www.enertrag.fr\/la-croisee-de-chabanne\/wp-content\/uploads\/sites\/19\/2023\/07\/Image-2-tiers-de-page-768x469.jpg 768w, https:\/\/www.enertrag.fr\/la-croisee-de-chabanne\/wp-content\/uploads\/sites\/19\/2023\/07\/Image-2-tiers-de-page-1536x939.jpg 1536w, https:\/\/www.enertrag.fr\/la-croisee-de-chabanne\/wp-content\/uploads\/sites\/19\/2023\/07\/Image-2-tiers-de-page-2048x1252.jpg 2048w\" sizes=\"(max-width: 2560px) 100vw, 2560px\" \/>\t\t\t\t\t\t\t\t\t\t\t\t\t\t\t<\/div>\n\t\t\t\t<\/div>\n\t\t\t\t\t<\/div>\n\t\t<\/div>\n\t\t\t\t\t<\/div>\n\t\t<\/section>\n\t\t\t\t<section class=\"elementor-section elementor-top-section elementor-element elementor-element-5a48527 elementor-section-boxed elementor-section-height-default elementor-section-height-default\" data-id=\"5a48527\" data-element_type=\"section\" data-e-type=\"section\" data-settings=\"{&quot;_ha_eqh_enable&quot;:false}\">\n\t\t\t\t\t\t<div class=\"elementor-container elementor-column-gap-default\">\n\t\t\t\t\t<div class=\"elementor-column elementor-col-100 elementor-top-column elementor-element elementor-element-06543fc\" data-id=\"06543fc\" data-element_type=\"column\" data-e-type=\"column\">\n\t\t\t<div class=\"elementor-widget-wrap elementor-element-populated\">\n\t\t\t\t\t\t<div class=\"elementor-element elementor-element-111cebf elementor-widget elementor-widget-spacer\" data-id=\"111cebf\" data-element_type=\"widget\" data-e-type=\"widget\" data-widget_type=\"spacer.default\">\n\t\t\t\t<div class=\"elementor-widget-container\">\n\t\t\t\t\t\t\t<div class=\"elementor-spacer\">\n\t\t\t<div class=\"elementor-spacer-inner\"><\/div>\n\t\t<\/div>\n\t\t\t\t\t\t<\/div>\n\t\t\t\t<\/div>\n\t\t\t\t\t<\/div>\n\t\t<\/div>\n\t\t\t\t\t<\/div>\n\t\t<\/section>\n\t\t\t\t<section class=\"elementor-section elementor-top-section elementor-element elementor-element-3da6c97 elementor-section-boxed elementor-section-height-default elementor-section-height-default\" data-id=\"3da6c97\" data-element_type=\"section\" data-e-type=\"section\" data-settings=\"{&quot;_ha_eqh_enable&quot;:false}\">\n\t\t\t\t\t\t<div class=\"elementor-container elementor-column-gap-default\">\n\t\t\t\t\t<div class=\"elementor-column elementor-col-33 elementor-top-column elementor-element elementor-element-1958fb0\" data-id=\"1958fb0\" data-element_type=\"column\" data-e-type=\"column\">\n\t\t\t<div class=\"elementor-widget-wrap\">\n\t\t\t\t\t\t\t<\/div>\n\t\t<\/div>\n\t\t\t\t<div class=\"elementor-column elementor-col-33 elementor-top-column elementor-element elementor-element-5c22b25\" data-id=\"5c22b25\" data-element_type=\"column\" data-e-type=\"column\">\n\t\t\t<div class=\"elementor-widget-wrap elementor-element-populated\">\n\t\t\t\t\t\t<div class=\"elementor-element elementor-element-9cdfe01 elementor-widget elementor-widget-heading\" data-id=\"9cdfe01\" data-element_type=\"widget\" data-e-type=\"widget\" data-widget_type=\"heading.default\">\n\t\t\t\t<div class=\"elementor-widget-container\">\n\t\t\t\t\t<h2 class=\"elementor-heading-title elementor-size-default\">Cheffe de projet d\u00e9di\u00e9e<\/h2>\t\t\t\t<\/div>\n\t\t\t\t<\/div>\n\t\t\t\t\t<\/div>\n\t\t<\/div>\n\t\t\t\t<div class=\"elementor-column elementor-col-33 elementor-top-column elementor-element elementor-element-dfcafa3\" data-id=\"dfcafa3\" data-element_type=\"column\" data-e-type=\"column\">\n\t\t\t<div class=\"elementor-widget-wrap\">\n\t\t\t\t\t\t\t<\/div>\n\t\t<\/div>\n\t\t\t\t\t<\/div>\n\t\t<\/section>\n\t\t\t\t<section class=\"elementor-section elementor-top-section elementor-element elementor-element-b6249cc elementor-section-boxed elementor-section-height-default elementor-section-height-default\" data-id=\"b6249cc\" data-element_type=\"section\" data-e-type=\"section\" data-settings=\"{&quot;_ha_eqh_enable&quot;:false}\">\n\t\t\t\t\t\t<div class=\"elementor-container elementor-column-gap-default\">\n\t\t\t\t\t<div class=\"elementor-column elementor-col-33 elementor-top-column elementor-element elementor-element-6c70c82\" data-id=\"6c70c82\" data-element_type=\"column\" data-e-type=\"column\">\n\t\t\t<div class=\"elementor-widget-wrap\">\n\t\t\t\t\t\t\t<\/div>\n\t\t<\/div>\n\t\t\t\t<div class=\"elementor-column elementor-col-33 elementor-top-column elementor-element elementor-element-de650bb\" data-id=\"de650bb\" data-element_type=\"column\" data-e-type=\"column\">\n\t\t\t<div class=\"elementor-widget-wrap elementor-element-populated\">\n\t\t\t\t\t\t<div class=\"elementor-element elementor-element-ed6c247 elementor-widget elementor-widget-text-editor\" data-id=\"ed6c247\" data-element_type=\"widget\" data-e-type=\"widget\" data-widget_type=\"text-editor.default\">\n\t\t\t\t<div class=\"elementor-widget-container\">\n\t\t\t\t\t\t\t\t\t<h4>\u00a0 \u00a0 \u00a0 \u00a0 \u00a0 \u00a0 <img decoding=\"async\" class=\"aligncenter wp-image-885 size-full\" src=\"https:\/\/www.enertrag.fr\/la-croisee-de-chabanne\/wp-content\/uploads\/sites\/19\/2023\/07\/Perrine.jpg\" alt=\"\" width=\"1875\" height=\"1146\" srcset=\"https:\/\/www.enertrag.fr\/la-croisee-de-chabanne\/wp-content\/uploads\/sites\/19\/2023\/07\/Perrine.jpg 1875w, https:\/\/www.enertrag.fr\/la-croisee-de-chabanne\/wp-content\/uploads\/sites\/19\/2023\/07\/Perrine-300x183.jpg 300w, https:\/\/www.enertrag.fr\/la-croisee-de-chabanne\/wp-content\/uploads\/sites\/19\/2023\/07\/Perrine-1024x626.jpg 1024w, https:\/\/www.enertrag.fr\/la-croisee-de-chabanne\/wp-content\/uploads\/sites\/19\/2023\/07\/Perrine-768x469.jpg 768w, https:\/\/www.enertrag.fr\/la-croisee-de-chabanne\/wp-content\/uploads\/sites\/19\/2023\/07\/Perrine-1536x939.jpg 1536w\" sizes=\"(max-width: 1875px) 100vw, 1875px\" \/> \u00a0 \u00a0<\/h4><h4>\u00a0 \u00a0 \u00a0 \u00a0 \u00a0 \u00a0 \u00a0 \u00a0 \u00a0Perrine LECOQ<\/h4><p>\u00a0 \u00a0 \u00a0 \u00a0 \u00a0 \u00a0 \u00a0 \u00a0 \u00a0 \u00a0 \u00a0 \u00a0 Cheffe de projet \u00e9olien<\/p><h5 style=\"text-align: center;\"><a href=\"mailto:sommieresduclain@enertrag.com\">lacroiseedechabanne@enertrag.com<\/a><\/h5>\t\t\t\t\t\t\t\t<\/div>\n\t\t\t\t<\/div>\n\t\t\t\t\t<\/div>\n\t\t<\/div>\n\t\t\t\t<div class=\"elementor-column elementor-col-33 elementor-top-column elementor-element elementor-element-d89d339\" data-id=\"d89d339\" data-element_type=\"column\" data-e-type=\"column\">\n\t\t\t<div class=\"elementor-widget-wrap\">\n\t\t\t\t\t\t\t<\/div>\n\t\t<\/div>\n\t\t\t\t\t<\/div>\n\t\t<\/section>\n\t\t\t\t<section class=\"elementor-section elementor-top-section elementor-element elementor-element-e06a80e elementor-section-boxed elementor-section-height-default elementor-section-height-default\" data-id=\"e06a80e\" data-element_type=\"section\" data-e-type=\"section\" data-settings=\"{&quot;background_background&quot;:&quot;classic&quot;,&quot;_ha_eqh_enable&quot;:false}\">\n\t\t\t\t\t\t<div class=\"elementor-container elementor-column-gap-default\">\n\t\t\t\t\t<div class=\"elementor-column elementor-col-100 elementor-top-column elementor-element elementor-element-7ec625d\" data-id=\"7ec625d\" data-element_type=\"column\" data-e-type=\"column\">\n\t\t\t<div class=\"elementor-widget-wrap elementor-element-populated\">\n\t\t\t\t\t\t<div class=\"elementor-element elementor-element-b51deb4 elementor-align-center elementor-widget elementor-widget-button\" data-id=\"b51deb4\" data-element_type=\"widget\" data-e-type=\"widget\" data-widget_type=\"button.default\">\n\t\t\t\t<div class=\"elementor-widget-container\">\n\t\t\t\t\t\t\t\t\t<div class=\"elementor-button-wrapper\">\n\t\t\t\t\t<a class=\"elementor-button elementor-button-link elementor-size-sm\" href=\"https:\/\/france.enertrag.com\">\n\t\t\t\t\t\t<span class=\"elementor-button-content-wrapper\">\n\t\t\t\t\t\t\t\t\t<span class=\"elementor-button-text\">En savoir plus<\/span>\n\t\t\t\t\t<\/span>\n\t\t\t\t\t<\/a>\n\t\t\t\t<\/div>\n\t\t\t\t\t\t\t\t<\/div>\n\t\t\t\t<\/div>\n\t\t\t\t\t<\/div>\n\t\t<\/div>\n\t\t\t\t\t<\/div>\n\t\t<\/section>\n\t\t\t\t<\/div>\n\t\t","protected":false},"excerpt":{"rendered":"<p>Qui sommes-nous ? ENERTRAG, une \u00e9nergie d\u2018avance La soci\u00e9t\u00e9 Fond\u00e9 en 1992 en Allemagne, ENERTRAG est l\u2019un des principaux producteurs d\u2019\u00e9nergies renouvelables en Europe. En France ENERTRAG emploie pr\u00e8s de 100 personnes, dont des \u00e9quipes d\u00e9di\u00e9es qui sillonnent les territoires fran\u00e7ais. L\u2019entreprise innove et d\u00e9veloppe des solutions d\u2019\u00e9nergies \u00e9olienne, photovolta\u00efque et d\u2019hydrog\u00e8ne. De la naissance [&hellip;]<\/p>\n","protected":false},"author":1,"featured_media":0,"parent":0,"menu_order":0,"comment_status":"closed","ping_status":"closed","template":"","meta":{"_acf_changed":false,"footnotes":""},"class_list":["post-66","page","type-page","status-publish","hentry"],"acf":[],"yoast_head":"<!-- This site is optimized with the Yoast SEO plugin v27.3 - https:\/\/yoast.com\/product\/yoast-seo-wordpress\/ -->\n<title>Qui sommes nous ? - La Crois\u00e9e de Chabanne<\/title>\n<meta name=\"description\" content=\"ENERTRAG est une soci\u00e9t\u00e9 qui d\u00e9veloppe et exploite des parcs \u00e9oliens et photovolta\u00efques ainsi que des projets d&#039;hydrog\u00e8ne vert.\" \/>\n<meta name=\"robots\" content=\"index, follow, max-snippet:-1, max-image-preview:large, max-video-preview:-1\" \/>\n<link rel=\"canonical\" href=\"https:\/\/www.enertrag.fr\/la-croisee-de-chabanne\/qui-sommes-nous\/\" \/>\n<meta property=\"og:locale\" content=\"fr_FR\" \/>\n<meta property=\"og:type\" content=\"article\" \/>\n<meta property=\"og:title\" content=\"Qui sommes nous ? - La Crois\u00e9e de Chabanne\" \/>\n<meta property=\"og:description\" content=\"ENERTRAG est une soci\u00e9t\u00e9 qui d\u00e9veloppe et exploite des parcs \u00e9oliens et photovolta\u00efques ainsi que des projets d&#039;hydrog\u00e8ne vert.\" \/>\n<meta property=\"og:url\" content=\"https:\/\/www.enertrag.fr\/la-croisee-de-chabanne\/qui-sommes-nous\/\" \/>\n<meta property=\"og:site_name\" content=\"La Crois\u00e9e de Chabanne\" \/>\n<meta property=\"article:modified_time\" content=\"2023-07-12T14:01:57+00:00\" \/>\n<meta property=\"og:image\" content=\"https:\/\/www.enertrag.fr\/la-croisee-de-chabanne\/wp-content\/uploads\/sites\/19\/2023\/07\/Image-2-tiers-de-page-scaled.jpg\" \/>\n<meta name=\"twitter:card\" content=\"summary_large_image\" \/>\n<meta name=\"twitter:label1\" content=\"Dur\u00e9e de lecture estim\u00e9e\" \/>\n\t<meta name=\"twitter:data1\" content=\"2 minutes\" \/>\n<script type=\"application\/ld+json\" class=\"yoast-schema-graph\">{\"@context\":\"https:\\\/\\\/schema.org\",\"@graph\":[{\"@type\":\"WebPage\",\"@id\":\"https:\\\/\\\/www.enertrag.fr\\\/la-croisee-de-chabanne\\\/qui-sommes-nous\\\/\",\"url\":\"https:\\\/\\\/www.enertrag.fr\\\/la-croisee-de-chabanne\\\/qui-sommes-nous\\\/\",\"name\":\"Qui sommes nous ? - La Crois\u00e9e de Chabanne\",\"isPartOf\":{\"@id\":\"https:\\\/\\\/www.enertrag.fr\\\/la-croisee-de-chabanne\\\/#website\"},\"primaryImageOfPage\":{\"@id\":\"https:\\\/\\\/www.enertrag.fr\\\/la-croisee-de-chabanne\\\/qui-sommes-nous\\\/#primaryimage\"},\"image\":{\"@id\":\"https:\\\/\\\/www.enertrag.fr\\\/la-croisee-de-chabanne\\\/qui-sommes-nous\\\/#primaryimage\"},\"thumbnailUrl\":\"https:\\\/\\\/www.enertrag.fr\\\/la-croisee-de-chabanne\\\/wp-content\\\/uploads\\\/sites\\\/19\\\/2023\\\/07\\\/Image-2-tiers-de-page-scaled.jpg\",\"datePublished\":\"2023-01-12T15:20:22+00:00\",\"dateModified\":\"2023-07-12T14:01:57+00:00\",\"description\":\"ENERTRAG est une soci\u00e9t\u00e9 qui d\u00e9veloppe et exploite des parcs \u00e9oliens et photovolta\u00efques ainsi que des projets d'hydrog\u00e8ne vert.\",\"breadcrumb\":{\"@id\":\"https:\\\/\\\/www.enertrag.fr\\\/la-croisee-de-chabanne\\\/qui-sommes-nous\\\/#breadcrumb\"},\"inLanguage\":\"fr-FR\",\"potentialAction\":[{\"@type\":\"ReadAction\",\"target\":[\"https:\\\/\\\/www.enertrag.fr\\\/la-croisee-de-chabanne\\\/qui-sommes-nous\\\/\"]}]},{\"@type\":\"ImageObject\",\"inLanguage\":\"fr-FR\",\"@id\":\"https:\\\/\\\/www.enertrag.fr\\\/la-croisee-de-chabanne\\\/qui-sommes-nous\\\/#primaryimage\",\"url\":\"https:\\\/\\\/www.enertrag.fr\\\/la-croisee-de-chabanne\\\/wp-content\\\/uploads\\\/sites\\\/19\\\/2023\\\/07\\\/Image-2-tiers-de-page-scaled.jpg\",\"contentUrl\":\"https:\\\/\\\/www.enertrag.fr\\\/la-croisee-de-chabanne\\\/wp-content\\\/uploads\\\/sites\\\/19\\\/2023\\\/07\\\/Image-2-tiers-de-page-scaled.jpg\",\"width\":2560,\"height\":1565},{\"@type\":\"BreadcrumbList\",\"@id\":\"https:\\\/\\\/www.enertrag.fr\\\/la-croisee-de-chabanne\\\/qui-sommes-nous\\\/#breadcrumb\",\"itemListElement\":[{\"@type\":\"ListItem\",\"position\":1,\"name\":\"Accueil\",\"item\":\"https:\\\/\\\/www.enertrag.fr\\\/la-croisee-de-chabanne\\\/\"},{\"@type\":\"ListItem\",\"position\":2,\"name\":\"Qui sommes nous ?\"}]},{\"@type\":\"WebSite\",\"@id\":\"https:\\\/\\\/www.enertrag.fr\\\/la-croisee-de-chabanne\\\/#website\",\"url\":\"https:\\\/\\\/www.enertrag.fr\\\/la-croisee-de-chabanne\\\/\",\"name\":\"La Crois\u00e9e de Chabanne\",\"description\":\"\",\"publisher\":{\"@id\":\"https:\\\/\\\/www.enertrag.fr\\\/la-croisee-de-chabanne\\\/#organization\"},\"potentialAction\":[{\"@type\":\"SearchAction\",\"target\":{\"@type\":\"EntryPoint\",\"urlTemplate\":\"https:\\\/\\\/www.enertrag.fr\\\/la-croisee-de-chabanne\\\/?s={search_term_string}\"},\"query-input\":{\"@type\":\"PropertyValueSpecification\",\"valueRequired\":true,\"valueName\":\"search_term_string\"}}],\"inLanguage\":\"fr-FR\"},{\"@type\":\"Organization\",\"@id\":\"https:\\\/\\\/www.enertrag.fr\\\/la-croisee-de-chabanne\\\/#organization\",\"name\":\"La Crois\u00e9e de Chabanne\",\"url\":\"https:\\\/\\\/www.enertrag.fr\\\/la-croisee-de-chabanne\\\/\",\"logo\":{\"@type\":\"ImageObject\",\"inLanguage\":\"fr-FR\",\"@id\":\"https:\\\/\\\/www.enertrag.fr\\\/la-croisee-de-chabanne\\\/#\\\/schema\\\/logo\\\/image\\\/\",\"url\":\"https:\\\/\\\/www.enertrag.fr\\\/la-croisee-de-chabanne\\\/wp-content\\\/uploads\\\/sites\\\/19\\\/2023\\\/01\\\/ENERTRAG_Logo.png\",\"contentUrl\":\"https:\\\/\\\/www.enertrag.fr\\\/la-croisee-de-chabanne\\\/wp-content\\\/uploads\\\/sites\\\/19\\\/2023\\\/01\\\/ENERTRAG_Logo.png\",\"width\":500,\"height\":161,\"caption\":\"La Crois\u00e9e de Chabanne\"},\"image\":{\"@id\":\"https:\\\/\\\/www.enertrag.fr\\\/la-croisee-de-chabanne\\\/#\\\/schema\\\/logo\\\/image\\\/\"}}]}<\/script>\n<!-- \/ Yoast SEO plugin. -->","yoast_head_json":{"title":"Qui sommes nous ? - La Crois\u00e9e de Chabanne","description":"ENERTRAG est une soci\u00e9t\u00e9 qui d\u00e9veloppe et exploite des parcs \u00e9oliens et photovolta\u00efques ainsi que des projets d'hydrog\u00e8ne vert.","robots":{"index":"index","follow":"follow","max-snippet":"max-snippet:-1","max-image-preview":"max-image-preview:large","max-video-preview":"max-video-preview:-1"},"canonical":"https:\/\/www.enertrag.fr\/la-croisee-de-chabanne\/qui-sommes-nous\/","og_locale":"fr_FR","og_type":"article","og_title":"Qui sommes nous ? - La Crois\u00e9e de Chabanne","og_description":"ENERTRAG est une soci\u00e9t\u00e9 qui d\u00e9veloppe et exploite des parcs \u00e9oliens et photovolta\u00efques ainsi que des projets d'hydrog\u00e8ne vert.","og_url":"https:\/\/www.enertrag.fr\/la-croisee-de-chabanne\/qui-sommes-nous\/","og_site_name":"La Crois\u00e9e de Chabanne","article_modified_time":"2023-07-12T14:01:57+00:00","og_image":[{"url":"https:\/\/www.enertrag.fr\/la-croisee-de-chabanne\/wp-content\/uploads\/sites\/19\/2023\/07\/Image-2-tiers-de-page-scaled.jpg","type":"","width":"","height":""}],"twitter_card":"summary_large_image","twitter_misc":{"Dur\u00e9e de lecture estim\u00e9e":"2 minutes"},"schema":{"@context":"https:\/\/schema.org","@graph":[{"@type":"WebPage","@id":"https:\/\/www.enertrag.fr\/la-croisee-de-chabanne\/qui-sommes-nous\/","url":"https:\/\/www.enertrag.fr\/la-croisee-de-chabanne\/qui-sommes-nous\/","name":"Qui sommes nous ? - La Crois\u00e9e de Chabanne","isPartOf":{"@id":"https:\/\/www.enertrag.fr\/la-croisee-de-chabanne\/#website"},"primaryImageOfPage":{"@id":"https:\/\/www.enertrag.fr\/la-croisee-de-chabanne\/qui-sommes-nous\/#primaryimage"},"image":{"@id":"https:\/\/www.enertrag.fr\/la-croisee-de-chabanne\/qui-sommes-nous\/#primaryimage"},"thumbnailUrl":"https:\/\/www.enertrag.fr\/la-croisee-de-chabanne\/wp-content\/uploads\/sites\/19\/2023\/07\/Image-2-tiers-de-page-scaled.jpg","datePublished":"2023-01-12T15:20:22+00:00","dateModified":"2023-07-12T14:01:57+00:00","description":"ENERTRAG est une soci\u00e9t\u00e9 qui d\u00e9veloppe et exploite des parcs \u00e9oliens et photovolta\u00efques ainsi que des projets d'hydrog\u00e8ne vert.","breadcrumb":{"@id":"https:\/\/www.enertrag.fr\/la-croisee-de-chabanne\/qui-sommes-nous\/#breadcrumb"},"inLanguage":"fr-FR","potentialAction":[{"@type":"ReadAction","target":["https:\/\/www.enertrag.fr\/la-croisee-de-chabanne\/qui-sommes-nous\/"]}]},{"@type":"ImageObject","inLanguage":"fr-FR","@id":"https:\/\/www.enertrag.fr\/la-croisee-de-chabanne\/qui-sommes-nous\/#primaryimage","url":"https:\/\/www.enertrag.fr\/la-croisee-de-chabanne\/wp-content\/uploads\/sites\/19\/2023\/07\/Image-2-tiers-de-page-scaled.jpg","contentUrl":"https:\/\/www.enertrag.fr\/la-croisee-de-chabanne\/wp-content\/uploads\/sites\/19\/2023\/07\/Image-2-tiers-de-page-scaled.jpg","width":2560,"height":1565},{"@type":"BreadcrumbList","@id":"https:\/\/www.enertrag.fr\/la-croisee-de-chabanne\/qui-sommes-nous\/#breadcrumb","itemListElement":[{"@type":"ListItem","position":1,"name":"Accueil","item":"https:\/\/www.enertrag.fr\/la-croisee-de-chabanne\/"},{"@type":"ListItem","position":2,"name":"Qui sommes nous ?"}]},{"@type":"WebSite","@id":"https:\/\/www.enertrag.fr\/la-croisee-de-chabanne\/#website","url":"https:\/\/www.enertrag.fr\/la-croisee-de-chabanne\/","name":"La Crois\u00e9e de Chabanne","description":"","publisher":{"@id":"https:\/\/www.enertrag.fr\/la-croisee-de-chabanne\/#organization"},"potentialAction":[{"@type":"SearchAction","target":{"@type":"EntryPoint","urlTemplate":"https:\/\/www.enertrag.fr\/la-croisee-de-chabanne\/?s={search_term_string}"},"query-input":{"@type":"PropertyValueSpecification","valueRequired":true,"valueName":"search_term_string"}}],"inLanguage":"fr-FR"},{"@type":"Organization","@id":"https:\/\/www.enertrag.fr\/la-croisee-de-chabanne\/#organization","name":"La Crois\u00e9e de Chabanne","url":"https:\/\/www.enertrag.fr\/la-croisee-de-chabanne\/","logo":{"@type":"ImageObject","inLanguage":"fr-FR","@id":"https:\/\/www.enertrag.fr\/la-croisee-de-chabanne\/#\/schema\/logo\/image\/","url":"https:\/\/www.enertrag.fr\/la-croisee-de-chabanne\/wp-content\/uploads\/sites\/19\/2023\/01\/ENERTRAG_Logo.png","contentUrl":"https:\/\/www.enertrag.fr\/la-croisee-de-chabanne\/wp-content\/uploads\/sites\/19\/2023\/01\/ENERTRAG_Logo.png","width":500,"height":161,"caption":"La Crois\u00e9e de Chabanne"},"image":{"@id":"https:\/\/www.enertrag.fr\/la-croisee-de-chabanne\/#\/schema\/logo\/image\/"}}]}},"_links":{"self":[{"href":"https:\/\/www.enertrag.fr\/la-croisee-de-chabanne\/wp-json\/wp\/v2\/pages\/66","targetHints":{"allow":["GET"]}}],"collection":[{"href":"https:\/\/www.enertrag.fr\/la-croisee-de-chabanne\/wp-json\/wp\/v2\/pages"}],"about":[{"href":"https:\/\/www.enertrag.fr\/la-croisee-de-chabanne\/wp-json\/wp\/v2\/types\/page"}],"author":[{"embeddable":true,"href":"https:\/\/www.enertrag.fr\/la-croisee-de-chabanne\/wp-json\/wp\/v2\/users\/1"}],"replies":[{"embeddable":true,"href":"https:\/\/www.enertrag.fr\/la-croisee-de-chabanne\/wp-json\/wp\/v2\/comments?post=66"}],"version-history":[{"count":0,"href":"https:\/\/www.enertrag.fr\/la-croisee-de-chabanne\/wp-json\/wp\/v2\/pages\/66\/revisions"}],"wp:attachment":[{"href":"https:\/\/www.enertrag.fr\/la-croisee-de-chabanne\/wp-json\/wp\/v2\/media?parent=66"}],"curies":[{"name":"wp","href":"https:\/\/api.w.org\/{rel}","templated":true}]}}