{"id":66,"date":"2023-01-12T16:20:22","date_gmt":"2023-01-12T15:20:22","guid":{"rendered":"http:\/\/dev.parcs-eoliens-enertrag.fr\/haut-des-bois\/?page_id=66"},"modified":"2023-02-27T17:59:58","modified_gmt":"2023-02-27T16:59:58","slug":"qui-sommes-nous","status":"publish","type":"page","link":"https:\/\/www.enertrag.fr\/haut-des-bois\/qui-sommes-nous\/","title":{"rendered":"Qui sommes nous ?"},"content":{"rendered":"\t\t<div data-elementor-type=\"wp-page\" data-elementor-id=\"66\" class=\"elementor elementor-66\" data-elementor-settings=\"{&quot;ha_cmc_init_switcher&quot;:&quot;no&quot;}\" data-elementor-post-type=\"page\">\n\t\t\t\t\t\t<section class=\"elementor-section elementor-top-section elementor-element elementor-element-b0e5e39 elementor-section-boxed elementor-section-height-default elementor-section-height-default\" data-id=\"b0e5e39\" data-element_type=\"section\" data-e-type=\"section\" data-settings=\"{&quot;_ha_eqh_enable&quot;:false}\">\n\t\t\t\t\t\t<div class=\"elementor-container elementor-column-gap-default\">\n\t\t\t\t\t<div class=\"elementor-column elementor-col-100 elementor-top-column elementor-element elementor-element-4dd6d7c\" data-id=\"4dd6d7c\" data-element_type=\"column\" data-e-type=\"column\">\n\t\t\t<div class=\"elementor-widget-wrap elementor-element-populated\">\n\t\t\t\t\t\t<div class=\"elementor-element elementor-element-1bbc81a elementor-widget elementor-widget-heading\" data-id=\"1bbc81a\" data-element_type=\"widget\" data-e-type=\"widget\" data-widget_type=\"heading.default\">\n\t\t\t\t<div class=\"elementor-widget-container\">\n\t\t\t\t\t<h1 class=\"elementor-heading-title elementor-size-default\">Qui sommes-nous ?<\/h1>\t\t\t\t<\/div>\n\t\t\t\t<\/div>\n\t\t\t\t\t<\/div>\n\t\t<\/div>\n\t\t\t\t\t<\/div>\n\t\t<\/section>\n\t\t\t\t<section class=\"elementor-section elementor-top-section elementor-element elementor-element-46d39a0 elementor-section-boxed elementor-section-height-default elementor-section-height-default\" data-id=\"46d39a0\" data-element_type=\"section\" data-e-type=\"section\" data-settings=\"{&quot;_ha_eqh_enable&quot;:false}\">\n\t\t\t\t\t\t<div class=\"elementor-container elementor-column-gap-default\">\n\t\t\t\t\t<div class=\"elementor-column elementor-col-100 elementor-top-column elementor-element elementor-element-837e1c6\" data-id=\"837e1c6\" data-element_type=\"column\" data-e-type=\"column\">\n\t\t\t<div class=\"elementor-widget-wrap elementor-element-populated\">\n\t\t\t\t\t\t<div class=\"elementor-element elementor-element-19abcdb elementor-widget elementor-widget-text-editor\" data-id=\"19abcdb\" data-element_type=\"widget\" data-e-type=\"widget\" data-widget_type=\"text-editor.default\">\n\t\t\t\t<div class=\"elementor-widget-container\">\n\t\t\t\t\t\t\t\t\t<h2>ENERTRAG, une \u00e9nergie d\u2018avance<\/h2>\t\t\t\t\t\t\t\t<\/div>\n\t\t\t\t<\/div>\n\t\t\t\t<div class=\"elementor-element elementor-element-6c2a2d4 elementor-widget elementor-widget-image\" data-id=\"6c2a2d4\" data-element_type=\"widget\" data-e-type=\"widget\" data-widget_type=\"image.default\">\n\t\t\t\t<div class=\"elementor-widget-container\">\n\t\t\t\t\t\t\t\t\t\t\t\t\t\t\t<img fetchpriority=\"high\" decoding=\"async\" width=\"2560\" height=\"1695\" src=\"https:\/\/www.enertrag.fr\/haut-des-bois\/wp-content\/uploads\/sites\/8\/2023\/02\/Enertrag_Dauerthal_Luftbild_03-scaled.jpg\" class=\"attachment-full size-full wp-image-632\" alt=\"\" srcset=\"https:\/\/www.enertrag.fr\/haut-des-bois\/wp-content\/uploads\/sites\/8\/2023\/02\/Enertrag_Dauerthal_Luftbild_03-scaled.jpg 2560w, https:\/\/www.enertrag.fr\/haut-des-bois\/wp-content\/uploads\/sites\/8\/2023\/02\/Enertrag_Dauerthal_Luftbild_03-300x199.jpg 300w, https:\/\/www.enertrag.fr\/haut-des-bois\/wp-content\/uploads\/sites\/8\/2023\/02\/Enertrag_Dauerthal_Luftbild_03-1024x678.jpg 1024w, https:\/\/www.enertrag.fr\/haut-des-bois\/wp-content\/uploads\/sites\/8\/2023\/02\/Enertrag_Dauerthal_Luftbild_03-768x509.jpg 768w, https:\/\/www.enertrag.fr\/haut-des-bois\/wp-content\/uploads\/sites\/8\/2023\/02\/Enertrag_Dauerthal_Luftbild_03-1536x1017.jpg 1536w, https:\/\/www.enertrag.fr\/haut-des-bois\/wp-content\/uploads\/sites\/8\/2023\/02\/Enertrag_Dauerthal_Luftbild_03-2048x1356.jpg 2048w\" sizes=\"(max-width: 2560px) 100vw, 2560px\" \/>\t\t\t\t\t\t\t\t\t\t\t\t\t\t\t<\/div>\n\t\t\t\t<\/div>\n\t\t\t\t<div class=\"elementor-element elementor-element-e75779a elementor-widget elementor-widget-text-editor\" data-id=\"e75779a\" data-element_type=\"widget\" data-e-type=\"widget\" data-widget_type=\"text-editor.default\">\n\t\t\t\t<div class=\"elementor-widget-container\">\n\t\t\t\t\t\t\t\t\t<h3>La soci\u00e9t\u00e9<\/h3><p>Fond\u00e9 en 1992 en Allemagne, ENERTRAG est l\u2019un des principaux producteurs d\u2019\u00e9nergies renouvelables en Europe.<br \/>En France ENERTRAG emploie pr\u00e8s de 100 personnes, dont des \u00e9quipes d\u00e9di\u00e9es qui sillonnent les territoires fran\u00e7ais.<br \/>L\u2019entreprise innove et d\u00e9veloppe des solutions d\u2019\u00e9nergies \u00e9olienne, photovolta\u00efque et d\u2019hydrog\u00e8ne. De la naissance d\u2019un projet \u00e0 la production d\u2019\u00e9lectricit\u00e9 d\u2019origine renouvelable et jusqu\u2019au d\u00e9mant\u00e8lement, ENERTRAG couvre chacune des \u00e9tapes de la cha\u00eene de production de l\u2019\u00e9nergie. ENERTRAG d\u00e9veloppe et commercialise \u00e9galement des technologies et des produits qui permettent de rendre ses installations encore plus intelligentes.<br \/>Gr\u00e2ce \u00e0 son exp\u00e9rience, ENERTRAG contribue \u00e0 la transition \u00e9nerg\u00e9tique des territoires.<\/p>\t\t\t\t\t\t\t\t<\/div>\n\t\t\t\t<\/div>\n\t\t\t\t\t<\/div>\n\t\t<\/div>\n\t\t\t\t\t<\/div>\n\t\t<\/section>\n\t\t\t\t<section class=\"elementor-section elementor-top-section elementor-element elementor-element-5a48527 elementor-section-boxed elementor-section-height-default elementor-section-height-default\" data-id=\"5a48527\" data-element_type=\"section\" data-e-type=\"section\" data-settings=\"{&quot;_ha_eqh_enable&quot;:false}\">\n\t\t\t\t\t\t<div class=\"elementor-container elementor-column-gap-default\">\n\t\t\t\t\t<div class=\"elementor-column elementor-col-100 elementor-top-column elementor-element elementor-element-06543fc\" data-id=\"06543fc\" data-element_type=\"column\" data-e-type=\"column\">\n\t\t\t<div class=\"elementor-widget-wrap elementor-element-populated\">\n\t\t\t\t\t\t<div class=\"elementor-element elementor-element-111cebf elementor-widget elementor-widget-spacer\" data-id=\"111cebf\" data-element_type=\"widget\" data-e-type=\"widget\" data-widget_type=\"spacer.default\">\n\t\t\t\t<div class=\"elementor-widget-container\">\n\t\t\t\t\t\t\t<div class=\"elementor-spacer\">\n\t\t\t<div class=\"elementor-spacer-inner\"><\/div>\n\t\t<\/div>\n\t\t\t\t\t\t<\/div>\n\t\t\t\t<\/div>\n\t\t\t\t<div class=\"elementor-element elementor-element-4e01c25 elementor-widget elementor-widget-heading\" data-id=\"4e01c25\" data-element_type=\"widget\" data-e-type=\"widget\" data-widget_type=\"heading.default\">\n\t\t\t\t<div class=\"elementor-widget-container\">\n\t\t\t\t\t<h2 class=\"elementor-heading-title elementor-size-default\">Votre chef de projet d\u00e9di\u00e9<\/h2>\t\t\t\t<\/div>\n\t\t\t\t<\/div>\n\t\t\t\t\t<\/div>\n\t\t<\/div>\n\t\t\t\t\t<\/div>\n\t\t<\/section>\n\t\t\t\t<section class=\"elementor-section elementor-top-section elementor-element elementor-element-99ea102 elementor-section-boxed elementor-section-height-default elementor-section-height-default\" data-id=\"99ea102\" data-element_type=\"section\" data-e-type=\"section\" data-settings=\"{&quot;_ha_eqh_enable&quot;:false}\">\n\t\t\t\t\t\t<div class=\"elementor-container elementor-column-gap-default\">\n\t\t\t\t\t<div class=\"elementor-column elementor-col-100 elementor-top-column elementor-element elementor-element-71f4641\" data-id=\"71f4641\" data-element_type=\"column\" data-e-type=\"column\">\n\t\t\t<div class=\"elementor-widget-wrap elementor-element-populated\">\n\t\t\t\t\t\t<div class=\"elementor-element elementor-element-ed6c247 elementor-widget elementor-widget-text-editor\" data-id=\"ed6c247\" data-element_type=\"widget\" data-e-type=\"widget\" data-widget_type=\"text-editor.default\">\n\t\t\t\t<div class=\"elementor-widget-container\">\n\t\t\t\t\t\t\t\t\t<h3 style=\"text-align: center;\"><strong>Florian Checco<\/strong><br \/>Chef de Projets \u00e9oliens<br \/><br \/><a href=\"mailto:florian.checco@enertrag.com\">florian.checco@enertrag.com<\/a><\/h3>\t\t\t\t\t\t\t\t<\/div>\n\t\t\t\t<\/div>\n\t\t\t\t\t<\/div>\n\t\t<\/div>\n\t\t\t\t\t<\/div>\n\t\t<\/section>\n\t\t\t\t<section class=\"elementor-section elementor-top-section elementor-element elementor-element-e06a80e elementor-section-boxed elementor-section-height-default elementor-section-height-default\" data-id=\"e06a80e\" data-element_type=\"section\" data-e-type=\"section\" data-settings=\"{&quot;background_background&quot;:&quot;classic&quot;,&quot;_ha_eqh_enable&quot;:false}\">\n\t\t\t\t\t\t<div class=\"elementor-container elementor-column-gap-default\">\n\t\t\t\t\t<div class=\"elementor-column elementor-col-100 elementor-top-column elementor-element elementor-element-7ec625d\" data-id=\"7ec625d\" data-element_type=\"column\" data-e-type=\"column\">\n\t\t\t<div class=\"elementor-widget-wrap elementor-element-populated\">\n\t\t\t\t\t\t<div class=\"elementor-element elementor-element-b51deb4 elementor-align-center elementor-widget elementor-widget-button\" data-id=\"b51deb4\" data-element_type=\"widget\" data-e-type=\"widget\" data-widget_type=\"button.default\">\n\t\t\t\t<div class=\"elementor-widget-container\">\n\t\t\t\t\t\t\t\t\t<div class=\"elementor-button-wrapper\">\n\t\t\t\t\t<a class=\"elementor-button elementor-button-link elementor-size-sm\" href=\"https:\/\/france.enertrag.com\">\n\t\t\t\t\t\t<span class=\"elementor-button-content-wrapper\">\n\t\t\t\t\t\t\t\t\t<span class=\"elementor-button-text\">En savoir plus<\/span>\n\t\t\t\t\t<\/span>\n\t\t\t\t\t<\/a>\n\t\t\t\t<\/div>\n\t\t\t\t\t\t\t\t<\/div>\n\t\t\t\t<\/div>\n\t\t\t\t\t<\/div>\n\t\t<\/div>\n\t\t\t\t\t<\/div>\n\t\t<\/section>\n\t\t\t\t<\/div>\n\t\t","protected":false},"excerpt":{"rendered":"<p>Qui sommes-nous ? ENERTRAG, une \u00e9nergie d\u2018avance La soci\u00e9t\u00e9 Fond\u00e9 en 1992 en Allemagne, ENERTRAG est l\u2019un des principaux producteurs d\u2019\u00e9nergies renouvelables en Europe.En France ENERTRAG emploie pr\u00e8s de 100 personnes, dont des \u00e9quipes d\u00e9di\u00e9es qui sillonnent les territoires fran\u00e7ais.L\u2019entreprise innove et d\u00e9veloppe des solutions d\u2019\u00e9nergies \u00e9olienne, photovolta\u00efque et d\u2019hydrog\u00e8ne. De la naissance d\u2019un projet [&hellip;]<\/p>\n","protected":false},"author":1,"featured_media":0,"parent":0,"menu_order":0,"comment_status":"closed","ping_status":"closed","template":"","meta":{"_acf_changed":false,"footnotes":""},"class_list":["post-66","page","type-page","status-publish","hentry"],"acf":[],"yoast_head":"<!-- This site is optimized with the Yoast SEO plugin v27.4 - https:\/\/yoast.com\/product\/yoast-seo-wordpress\/ -->\n<title>Qui sommes nous ? - Hauts des Bois<\/title>\n<meta name=\"robots\" content=\"index, follow, max-snippet:-1, max-image-preview:large, max-video-preview:-1\" \/>\n<link rel=\"canonical\" href=\"https:\/\/www.enertrag.fr\/haut-des-bois\/qui-sommes-nous\/\" \/>\n<meta property=\"og:locale\" content=\"fr_FR\" \/>\n<meta property=\"og:type\" content=\"article\" \/>\n<meta property=\"og:title\" content=\"Qui sommes nous ? - Hauts des Bois\" \/>\n<meta property=\"og:description\" content=\"Qui sommes-nous ? ENERTRAG, une \u00e9nergie d\u2018avance La soci\u00e9t\u00e9 Fond\u00e9 en 1992 en Allemagne, ENERTRAG est l\u2019un des principaux producteurs d\u2019\u00e9nergies renouvelables en Europe.En France ENERTRAG emploie pr\u00e8s de 100 personnes, dont des \u00e9quipes d\u00e9di\u00e9es qui sillonnent les territoires fran\u00e7ais.L\u2019entreprise innove et d\u00e9veloppe des solutions d\u2019\u00e9nergies \u00e9olienne, photovolta\u00efque et d\u2019hydrog\u00e8ne. De la naissance d\u2019un projet [&hellip;]\" \/>\n<meta property=\"og:url\" content=\"https:\/\/www.enertrag.fr\/haut-des-bois\/qui-sommes-nous\/\" \/>\n<meta property=\"og:site_name\" content=\"Hauts des Bois\" \/>\n<meta property=\"article:modified_time\" content=\"2023-02-27T16:59:58+00:00\" \/>\n<meta property=\"og:image\" content=\"http:\/\/dev.parcs-eoliens-enertrag.fr\/haut-des-bois\/wp-content\/uploads\/sites\/8\/2023\/02\/Enertrag_Dauerthal_Luftbild_03-scaled.jpg\" \/>\n<meta name=\"twitter:card\" content=\"summary_large_image\" \/>\n<meta name=\"twitter:label1\" content=\"Dur\u00e9e de lecture estim\u00e9e\" \/>\n\t<meta name=\"twitter:data1\" content=\"1 minute\" \/>\n<script type=\"application\/ld+json\" class=\"yoast-schema-graph\">{\"@context\":\"https:\\\/\\\/schema.org\",\"@graph\":[{\"@type\":\"WebPage\",\"@id\":\"https:\\\/\\\/www.enertrag.fr\\\/haut-des-bois\\\/qui-sommes-nous\\\/\",\"url\":\"https:\\\/\\\/www.enertrag.fr\\\/haut-des-bois\\\/qui-sommes-nous\\\/\",\"name\":\"Qui sommes nous ? - Hauts des Bois\",\"isPartOf\":{\"@id\":\"https:\\\/\\\/www.enertrag.fr\\\/haut-des-bois\\\/#website\"},\"primaryImageOfPage\":{\"@id\":\"https:\\\/\\\/www.enertrag.fr\\\/haut-des-bois\\\/qui-sommes-nous\\\/#primaryimage\"},\"image\":{\"@id\":\"https:\\\/\\\/www.enertrag.fr\\\/haut-des-bois\\\/qui-sommes-nous\\\/#primaryimage\"},\"thumbnailUrl\":\"http:\\\/\\\/dev.parcs-eoliens-enertrag.fr\\\/haut-des-bois\\\/wp-content\\\/uploads\\\/sites\\\/8\\\/2023\\\/02\\\/Enertrag_Dauerthal_Luftbild_03-scaled.jpg\",\"datePublished\":\"2023-01-12T15:20:22+00:00\",\"dateModified\":\"2023-02-27T16:59:58+00:00\",\"breadcrumb\":{\"@id\":\"https:\\\/\\\/www.enertrag.fr\\\/haut-des-bois\\\/qui-sommes-nous\\\/#breadcrumb\"},\"inLanguage\":\"fr-FR\",\"potentialAction\":[{\"@type\":\"ReadAction\",\"target\":[\"https:\\\/\\\/www.enertrag.fr\\\/haut-des-bois\\\/qui-sommes-nous\\\/\"]}]},{\"@type\":\"ImageObject\",\"inLanguage\":\"fr-FR\",\"@id\":\"https:\\\/\\\/www.enertrag.fr\\\/haut-des-bois\\\/qui-sommes-nous\\\/#primaryimage\",\"url\":\"http:\\\/\\\/dev.parcs-eoliens-enertrag.fr\\\/haut-des-bois\\\/wp-content\\\/uploads\\\/sites\\\/8\\\/2023\\\/02\\\/Enertrag_Dauerthal_Luftbild_03-scaled.jpg\",\"contentUrl\":\"http:\\\/\\\/dev.parcs-eoliens-enertrag.fr\\\/haut-des-bois\\\/wp-content\\\/uploads\\\/sites\\\/8\\\/2023\\\/02\\\/Enertrag_Dauerthal_Luftbild_03-scaled.jpg\"},{\"@type\":\"BreadcrumbList\",\"@id\":\"https:\\\/\\\/www.enertrag.fr\\\/haut-des-bois\\\/qui-sommes-nous\\\/#breadcrumb\",\"itemListElement\":[{\"@type\":\"ListItem\",\"position\":1,\"name\":\"Accueil\",\"item\":\"https:\\\/\\\/www.enertrag.fr\\\/haut-des-bois\\\/\"},{\"@type\":\"ListItem\",\"position\":2,\"name\":\"Qui sommes nous ?\"}]},{\"@type\":\"WebSite\",\"@id\":\"https:\\\/\\\/www.enertrag.fr\\\/haut-des-bois\\\/#website\",\"url\":\"https:\\\/\\\/www.enertrag.fr\\\/haut-des-bois\\\/\",\"name\":\"Hauts des Bois\",\"description\":\"\",\"publisher\":{\"@id\":\"https:\\\/\\\/www.enertrag.fr\\\/haut-des-bois\\\/#organization\"},\"potentialAction\":[{\"@type\":\"SearchAction\",\"target\":{\"@type\":\"EntryPoint\",\"urlTemplate\":\"https:\\\/\\\/www.enertrag.fr\\\/haut-des-bois\\\/?s={search_term_string}\"},\"query-input\":{\"@type\":\"PropertyValueSpecification\",\"valueRequired\":true,\"valueName\":\"search_term_string\"}}],\"inLanguage\":\"fr-FR\"},{\"@type\":\"Organization\",\"@id\":\"https:\\\/\\\/www.enertrag.fr\\\/haut-des-bois\\\/#organization\",\"name\":\"Hauts des Bois\",\"url\":\"https:\\\/\\\/www.enertrag.fr\\\/haut-des-bois\\\/\",\"logo\":{\"@type\":\"ImageObject\",\"inLanguage\":\"fr-FR\",\"@id\":\"https:\\\/\\\/www.enertrag.fr\\\/haut-des-bois\\\/#\\\/schema\\\/logo\\\/image\\\/\",\"url\":\"https:\\\/\\\/www.enertrag.fr\\\/haut-des-bois\\\/wp-content\\\/uploads\\\/sites\\\/8\\\/2023\\\/01\\\/ENERTRAG_Logo.png\",\"contentUrl\":\"https:\\\/\\\/www.enertrag.fr\\\/haut-des-bois\\\/wp-content\\\/uploads\\\/sites\\\/8\\\/2023\\\/01\\\/ENERTRAG_Logo.png\",\"width\":500,\"height\":161,\"caption\":\"Hauts des Bois\"},\"image\":{\"@id\":\"https:\\\/\\\/www.enertrag.fr\\\/haut-des-bois\\\/#\\\/schema\\\/logo\\\/image\\\/\"}}]}<\/script>\n<!-- \/ Yoast SEO plugin. -->","yoast_head_json":{"title":"Qui sommes nous ? - Hauts des Bois","robots":{"index":"index","follow":"follow","max-snippet":"max-snippet:-1","max-image-preview":"max-image-preview:large","max-video-preview":"max-video-preview:-1"},"canonical":"https:\/\/www.enertrag.fr\/haut-des-bois\/qui-sommes-nous\/","og_locale":"fr_FR","og_type":"article","og_title":"Qui sommes nous ? - Hauts des Bois","og_description":"Qui sommes-nous ? ENERTRAG, une \u00e9nergie d\u2018avance La soci\u00e9t\u00e9 Fond\u00e9 en 1992 en Allemagne, ENERTRAG est l\u2019un des principaux producteurs d\u2019\u00e9nergies renouvelables en Europe.En France ENERTRAG emploie pr\u00e8s de 100 personnes, dont des \u00e9quipes d\u00e9di\u00e9es qui sillonnent les territoires fran\u00e7ais.L\u2019entreprise innove et d\u00e9veloppe des solutions d\u2019\u00e9nergies \u00e9olienne, photovolta\u00efque et d\u2019hydrog\u00e8ne. De la naissance d\u2019un projet [&hellip;]","og_url":"https:\/\/www.enertrag.fr\/haut-des-bois\/qui-sommes-nous\/","og_site_name":"Hauts des Bois","article_modified_time":"2023-02-27T16:59:58+00:00","og_image":[{"url":"http:\/\/dev.parcs-eoliens-enertrag.fr\/haut-des-bois\/wp-content\/uploads\/sites\/8\/2023\/02\/Enertrag_Dauerthal_Luftbild_03-scaled.jpg","type":"","width":"","height":""}],"twitter_card":"summary_large_image","twitter_misc":{"Dur\u00e9e de lecture estim\u00e9e":"1 minute"},"schema":{"@context":"https:\/\/schema.org","@graph":[{"@type":"WebPage","@id":"https:\/\/www.enertrag.fr\/haut-des-bois\/qui-sommes-nous\/","url":"https:\/\/www.enertrag.fr\/haut-des-bois\/qui-sommes-nous\/","name":"Qui sommes nous ? - Hauts des Bois","isPartOf":{"@id":"https:\/\/www.enertrag.fr\/haut-des-bois\/#website"},"primaryImageOfPage":{"@id":"https:\/\/www.enertrag.fr\/haut-des-bois\/qui-sommes-nous\/#primaryimage"},"image":{"@id":"https:\/\/www.enertrag.fr\/haut-des-bois\/qui-sommes-nous\/#primaryimage"},"thumbnailUrl":"http:\/\/dev.parcs-eoliens-enertrag.fr\/haut-des-bois\/wp-content\/uploads\/sites\/8\/2023\/02\/Enertrag_Dauerthal_Luftbild_03-scaled.jpg","datePublished":"2023-01-12T15:20:22+00:00","dateModified":"2023-02-27T16:59:58+00:00","breadcrumb":{"@id":"https:\/\/www.enertrag.fr\/haut-des-bois\/qui-sommes-nous\/#breadcrumb"},"inLanguage":"fr-FR","potentialAction":[{"@type":"ReadAction","target":["https:\/\/www.enertrag.fr\/haut-des-bois\/qui-sommes-nous\/"]}]},{"@type":"ImageObject","inLanguage":"fr-FR","@id":"https:\/\/www.enertrag.fr\/haut-des-bois\/qui-sommes-nous\/#primaryimage","url":"http:\/\/dev.parcs-eoliens-enertrag.fr\/haut-des-bois\/wp-content\/uploads\/sites\/8\/2023\/02\/Enertrag_Dauerthal_Luftbild_03-scaled.jpg","contentUrl":"http:\/\/dev.parcs-eoliens-enertrag.fr\/haut-des-bois\/wp-content\/uploads\/sites\/8\/2023\/02\/Enertrag_Dauerthal_Luftbild_03-scaled.jpg"},{"@type":"BreadcrumbList","@id":"https:\/\/www.enertrag.fr\/haut-des-bois\/qui-sommes-nous\/#breadcrumb","itemListElement":[{"@type":"ListItem","position":1,"name":"Accueil","item":"https:\/\/www.enertrag.fr\/haut-des-bois\/"},{"@type":"ListItem","position":2,"name":"Qui sommes nous ?"}]},{"@type":"WebSite","@id":"https:\/\/www.enertrag.fr\/haut-des-bois\/#website","url":"https:\/\/www.enertrag.fr\/haut-des-bois\/","name":"Hauts des Bois","description":"","publisher":{"@id":"https:\/\/www.enertrag.fr\/haut-des-bois\/#organization"},"potentialAction":[{"@type":"SearchAction","target":{"@type":"EntryPoint","urlTemplate":"https:\/\/www.enertrag.fr\/haut-des-bois\/?s={search_term_string}"},"query-input":{"@type":"PropertyValueSpecification","valueRequired":true,"valueName":"search_term_string"}}],"inLanguage":"fr-FR"},{"@type":"Organization","@id":"https:\/\/www.enertrag.fr\/haut-des-bois\/#organization","name":"Hauts des Bois","url":"https:\/\/www.enertrag.fr\/haut-des-bois\/","logo":{"@type":"ImageObject","inLanguage":"fr-FR","@id":"https:\/\/www.enertrag.fr\/haut-des-bois\/#\/schema\/logo\/image\/","url":"https:\/\/www.enertrag.fr\/haut-des-bois\/wp-content\/uploads\/sites\/8\/2023\/01\/ENERTRAG_Logo.png","contentUrl":"https:\/\/www.enertrag.fr\/haut-des-bois\/wp-content\/uploads\/sites\/8\/2023\/01\/ENERTRAG_Logo.png","width":500,"height":161,"caption":"Hauts des Bois"},"image":{"@id":"https:\/\/www.enertrag.fr\/haut-des-bois\/#\/schema\/logo\/image\/"}}]}},"_links":{"self":[{"href":"https:\/\/www.enertrag.fr\/haut-des-bois\/wp-json\/wp\/v2\/pages\/66","targetHints":{"allow":["GET"]}}],"collection":[{"href":"https:\/\/www.enertrag.fr\/haut-des-bois\/wp-json\/wp\/v2\/pages"}],"about":[{"href":"https:\/\/www.enertrag.fr\/haut-des-bois\/wp-json\/wp\/v2\/types\/page"}],"author":[{"embeddable":true,"href":"https:\/\/www.enertrag.fr\/haut-des-bois\/wp-json\/wp\/v2\/users\/1"}],"replies":[{"embeddable":true,"href":"https:\/\/www.enertrag.fr\/haut-des-bois\/wp-json\/wp\/v2\/comments?post=66"}],"version-history":[{"count":0,"href":"https:\/\/www.enertrag.fr\/haut-des-bois\/wp-json\/wp\/v2\/pages\/66\/revisions"}],"wp:attachment":[{"href":"https:\/\/www.enertrag.fr\/haut-des-bois\/wp-json\/wp\/v2\/media?parent=66"}],"curies":[{"name":"wp","href":"https:\/\/api.w.org\/{rel}","templated":true}]}}