{"id":69,"date":"2023-01-12T16:23:03","date_gmt":"2023-01-12T15:23:03","guid":{"rendered":"http:\/\/dev.parcs-eoliens-enertrag.fr\/matrice\/?page_id=69"},"modified":"2024-09-09T10:47:17","modified_gmt":"2024-09-09T08:47:17","slug":"actualites","status":"publish","type":"page","link":"https:\/\/www.enertrag.fr\/chezy-en-orxois\/actualites\/","title":{"rendered":"Actualit\u00e9s"},"content":{"rendered":"\t\t<div data-elementor-type=\"wp-page\" data-elementor-id=\"69\" class=\"elementor elementor-69\" data-elementor-settings=\"{&quot;ha_cmc_init_switcher&quot;:&quot;no&quot;}\" data-elementor-post-type=\"page\">\n\t\t\t\t<div class=\"elementor-element elementor-element-b5a378f e-flex e-con-boxed e-con e-parent\" data-id=\"b5a378f\" data-element_type=\"container\" data-e-type=\"container\" data-settings=\"{&quot;_ha_eqh_enable&quot;:false}\">\n\t\t\t\t\t<div class=\"e-con-inner\">\n\t\t<div class=\"elementor-element elementor-element-43b391c e-con-full e-flex e-con e-child\" data-id=\"43b391c\" data-element_type=\"container\" data-e-type=\"container\" data-settings=\"{&quot;_ha_eqh_enable&quot;:false}\">\n\t\t\t\t<\/div>\n\t\t<div class=\"elementor-element elementor-element-ea4ae63 e-con-full e-flex e-con e-child\" data-id=\"ea4ae63\" data-element_type=\"container\" data-e-type=\"container\" data-settings=\"{&quot;_ha_eqh_enable&quot;:false}\">\n\t\t\t\t<\/div>\n\t\t\t\t\t<\/div>\n\t\t\t\t<\/div>\n\t\t\t\t<section class=\"elementor-section elementor-top-section elementor-element elementor-element-c90b2e0 elementor-section-boxed elementor-section-height-default elementor-section-height-default\" data-id=\"c90b2e0\" data-element_type=\"section\" data-e-type=\"section\" data-settings=\"{&quot;_ha_eqh_enable&quot;:false}\">\n\t\t\t\t\t\t<div class=\"elementor-container elementor-column-gap-default\">\n\t\t\t\t\t<div class=\"elementor-column elementor-col-100 elementor-top-column elementor-element elementor-element-16738a4\" data-id=\"16738a4\" data-element_type=\"column\" data-e-type=\"column\">\n\t\t\t<div class=\"elementor-widget-wrap elementor-element-populated\">\n\t\t\t\t\t\t<div class=\"elementor-element elementor-element-1204dba elementor-widget elementor-widget-heading\" data-id=\"1204dba\" data-element_type=\"widget\" data-e-type=\"widget\" data-widget_type=\"heading.default\">\n\t\t\t\t<div class=\"elementor-widget-container\">\n\t\t\t\t\t<h2 class=\"elementor-heading-title elementor-size-default\">Actualit\u00e9s<\/h2>\t\t\t\t<\/div>\n\t\t\t\t<\/div>\n\t\t\t\t\t<\/div>\n\t\t<\/div>\n\t\t\t\t\t<\/div>\n\t\t<\/section>\n\t\t\t\t<section class=\"elementor-section elementor-top-section elementor-element elementor-element-a585b9a elementor-section-boxed elementor-section-height-default elementor-section-height-default\" data-id=\"a585b9a\" data-element_type=\"section\" data-e-type=\"section\" data-settings=\"{&quot;background_background&quot;:&quot;classic&quot;,&quot;_ha_eqh_enable&quot;:false}\">\n\t\t\t\t\t\t<div class=\"elementor-container elementor-column-gap-default\">\n\t\t\t\t\t<div class=\"elementor-column elementor-col-100 elementor-top-column elementor-element elementor-element-a1762a7\" data-id=\"a1762a7\" data-element_type=\"column\" data-e-type=\"column\">\n\t\t\t<div class=\"elementor-widget-wrap elementor-element-populated\">\n\t\t\t\t\t\t<div class=\"elementor-element elementor-element-683b38d elementor-posts--align-left elementor-grid-3 elementor-grid-tablet-2 elementor-grid-mobile-1 elementor-posts--thumbnail-top elementor-widget elementor-widget-posts\" data-id=\"683b38d\" data-element_type=\"widget\" data-e-type=\"widget\" data-settings=\"{&quot;pagination_type&quot;:&quot;load_more_infinite_scroll&quot;,&quot;classic_columns&quot;:&quot;3&quot;,&quot;classic_columns_tablet&quot;:&quot;2&quot;,&quot;classic_columns_mobile&quot;:&quot;1&quot;,&quot;classic_row_gap&quot;:{&quot;unit&quot;:&quot;px&quot;,&quot;size&quot;:35,&quot;sizes&quot;:[]},&quot;classic_row_gap_tablet&quot;:{&quot;unit&quot;:&quot;px&quot;,&quot;size&quot;:&quot;&quot;,&quot;sizes&quot;:[]},&quot;classic_row_gap_mobile&quot;:{&quot;unit&quot;:&quot;px&quot;,&quot;size&quot;:&quot;&quot;,&quot;sizes&quot;:[]},&quot;load_more_spinner&quot;:{&quot;value&quot;:&quot;fas fa-spinner&quot;,&quot;library&quot;:&quot;fa-solid&quot;}}\" data-widget_type=\"posts.classic\">\n\t\t\t\t<div class=\"elementor-widget-container\">\n\t\t\t\t\t\t\t<div class=\"elementor-posts-container elementor-posts elementor-posts--skin-classic elementor-grid\" role=\"list\">\n\t\t\t\t<article class=\"elementor-post elementor-grid-item post-74 post type-post status-publish format-standard has-post-thumbnail hentry category-non-classe\" role=\"listitem\">\n\t\t\t\t<a class=\"elementor-post__thumbnail__link\" href=\"https:\/\/www.enertrag.fr\/chezy-en-orxois\/blog\/2023\/01\/12\/tout-comprendre-des-infrasons\/\" tabindex=\"-1\" >\n\t\t\t<div class=\"elementor-post__thumbnail\"><img fetchpriority=\"high\" decoding=\"async\" width=\"421\" height=\"189\" src=\"https:\/\/www.enertrag.fr\/chezy-en-orxois\/wp-content\/uploads\/sites\/53\/2024\/06\/placement4.png\" class=\"attachment-full size-full wp-image-877\" alt=\"\" srcset=\"https:\/\/www.enertrag.fr\/chezy-en-orxois\/wp-content\/uploads\/sites\/53\/2024\/06\/placement4.png 421w, https:\/\/www.enertrag.fr\/chezy-en-orxois\/wp-content\/uploads\/sites\/53\/2024\/06\/placement4-300x135.png 300w\" sizes=\"(max-width: 421px) 100vw, 421px\" \/><\/div>\n\t\t<\/a>\n\t\t\t\t<div class=\"elementor-post__text\">\n\t\t\t\t<h3 class=\"elementor-post__title\">\n\t\t\t<a href=\"https:\/\/www.enertrag.fr\/chezy-en-orxois\/blog\/2023\/01\/12\/tout-comprendre-des-infrasons\/\" >\n\t\t\t\tRetour sur le premier forum d\u2019information\t\t\t<\/a>\n\t\t<\/h3>\n\t\t\t\t<div class=\"elementor-post__excerpt\">\n\t\t\t<p>L\u2019\u00e9quipe d\u2019ENERTRAG a donn\u00e9 rendez-vous aux habitantes et habitants de Ch\u00e9zy-en-Orxois \u00e0 l\u2019occasion d\u2019un premier forum d\u2019information sur la Commune. De &#8230;<\/p>\t\t<\/div>\n\t\t\t\t\t<div class=\"elementor-post__read-more-wrapper\">\n\t\t\n\t\t<a class=\"elementor-post__read-more\" href=\"https:\/\/www.enertrag.fr\/chezy-en-orxois\/blog\/2023\/01\/12\/tout-comprendre-des-infrasons\/\" aria-label=\"En savoir plus sur Retour sur le premier forum d\u2019information\" tabindex=\"-1\" >\n\t\t\tLire la suite\t\t<\/a>\n\n\t\t\t\t\t<\/div>\n\t\t\t\t<\/div>\n\t\t\t\t<\/article>\n\t\t\t\t<article class=\"elementor-post elementor-grid-item post-72 post type-post status-publish format-standard has-post-thumbnail hentry category-non-classe\" role=\"listitem\">\n\t\t\t\t<a class=\"elementor-post__thumbnail__link\" href=\"https:\/\/www.enertrag.fr\/chezy-en-orxois\/blog\/2023\/01\/12\/leolien-une-energie-qui-prend-soin-de-son-environnement\/\" tabindex=\"-1\" >\n\t\t\t<div class=\"elementor-post__thumbnail\"><img decoding=\"async\" width=\"421\" height=\"189\" src=\"https:\/\/www.enertrag.fr\/chezy-en-orxois\/wp-content\/uploads\/sites\/53\/2024\/06\/placement2.png\" class=\"attachment-full size-full wp-image-875\" alt=\"\" srcset=\"https:\/\/www.enertrag.fr\/chezy-en-orxois\/wp-content\/uploads\/sites\/53\/2024\/06\/placement2.png 421w, https:\/\/www.enertrag.fr\/chezy-en-orxois\/wp-content\/uploads\/sites\/53\/2024\/06\/placement2-300x135.png 300w\" sizes=\"(max-width: 421px) 100vw, 421px\" \/><\/div>\n\t\t<\/a>\n\t\t\t\t<div class=\"elementor-post__text\">\n\t\t\t\t<h3 class=\"elementor-post__title\">\n\t\t\t<a href=\"https:\/\/www.enertrag.fr\/chezy-en-orxois\/blog\/2023\/01\/12\/leolien-une-energie-qui-prend-soin-de-son-environnement\/\" >\n\t\t\t\tDistribution de la premi\u00e8re lettre d\u2019information !\t\t\t<\/a>\n\t\t<\/h3>\n\t\t\t\t<div class=\"elementor-post__excerpt\">\n\t\t\t<p>Une premi\u00e8re lettre d\u2019information a \u00e9t\u00e9 distribu\u00e9e \u00e0 la fin du mois de juin afin de vous informer des actualit\u00e9s du projet et vous inviter<\/p>\t\t<\/div>\n\t\t\t\t\t<div class=\"elementor-post__read-more-wrapper\">\n\t\t\n\t\t<a class=\"elementor-post__read-more\" href=\"https:\/\/www.enertrag.fr\/chezy-en-orxois\/blog\/2023\/01\/12\/leolien-une-energie-qui-prend-soin-de-son-environnement\/\" aria-label=\"En savoir plus sur Distribution de la premi\u00e8re lettre d\u2019information !\" tabindex=\"-1\" >\n\t\t\tLire la suite\t\t<\/a>\n\n\t\t\t\t\t<\/div>\n\t\t\t\t<\/div>\n\t\t\t\t<\/article>\n\t\t\t\t<article class=\"elementor-post elementor-grid-item post-1 post type-post status-publish format-standard has-post-thumbnail hentry category-non-classe\" role=\"listitem\">\n\t\t\t\t<a class=\"elementor-post__thumbnail__link\" href=\"https:\/\/www.enertrag.fr\/chezy-en-orxois\/blog\/2023\/01\/10\/bonjour-tout-le-monde\/\" tabindex=\"-1\" >\n\t\t\t<div class=\"elementor-post__thumbnail\"><img decoding=\"async\" width=\"421\" height=\"189\" src=\"https:\/\/www.enertrag.fr\/chezy-en-orxois\/wp-content\/uploads\/sites\/53\/2024\/06\/placement3.png\" class=\"attachment-full size-full wp-image-876\" alt=\"\" srcset=\"https:\/\/www.enertrag.fr\/chezy-en-orxois\/wp-content\/uploads\/sites\/53\/2024\/06\/placement3.png 421w, https:\/\/www.enertrag.fr\/chezy-en-orxois\/wp-content\/uploads\/sites\/53\/2024\/06\/placement3-300x135.png 300w\" sizes=\"(max-width: 421px) 100vw, 421px\" \/><\/div>\n\t\t<\/a>\n\t\t\t\t<div class=\"elementor-post__text\">\n\t\t\t\t<h3 class=\"elementor-post__title\">\n\t\t\t<a href=\"https:\/\/www.enertrag.fr\/chezy-en-orxois\/blog\/2023\/01\/10\/bonjour-tout-le-monde\/\" >\n\t\t\t\tRetour sur le premier forum d\u2019information\t\t\t<\/a>\n\t\t<\/h3>\n\t\t\t\t<div class=\"elementor-post__excerpt\">\n\t\t\t<p>L\u2019\u00e9quipe d\u2019ENERTRAG a donn\u00e9 rendez-vous aux habitantes et habitants de Ch\u00e9zy-en-Orxois \u00e0 l\u2019occasion d\u2019un premier forum d\u2019information sur la Commune. De &#8230;<\/p>\t\t<\/div>\n\t\t\t\t\t<div class=\"elementor-post__read-more-wrapper\">\n\t\t\n\t\t<a class=\"elementor-post__read-more\" href=\"https:\/\/www.enertrag.fr\/chezy-en-orxois\/blog\/2023\/01\/10\/bonjour-tout-le-monde\/\" aria-label=\"En savoir plus sur Retour sur le premier forum d\u2019information\" tabindex=\"-1\" >\n\t\t\tLire la suite\t\t<\/a>\n\n\t\t\t\t\t<\/div>\n\t\t\t\t<\/div>\n\t\t\t\t<\/article>\n\t\t\t\t<\/div>\n\t\t\t\t\t<span class=\"e-load-more-spinner\">\n\t\t\t\t<i aria-hidden=\"true\" class=\"fas fa-spinner\"><\/i>\t\t\t<\/span>\n\t\t\n\t\t\t\t\t\t<\/div>\n\t\t\t\t<\/div>\n\t\t\t\t\t<\/div>\n\t\t<\/div>\n\t\t\t\t\t<\/div>\n\t\t<\/section>\n\t\t\t\t<\/div>\n\t\t","protected":false},"excerpt":{"rendered":"<p>Actualit\u00e9s<\/p>\n","protected":false},"author":1,"featured_media":0,"parent":0,"menu_order":0,"comment_status":"closed","ping_status":"closed","template":"","meta":{"_acf_changed":false,"footnotes":""},"class_list":["post-69","page","type-page","status-publish","hentry"],"acf":[],"yoast_head":"<!-- This site is optimized with the Yoast SEO plugin v27.4 - https:\/\/yoast.com\/product\/yoast-seo-wordpress\/ -->\n<title>Actualit\u00e9s - Projet \u00e9olien des Epeigners<\/title>\n<meta name=\"robots\" content=\"index, follow, max-snippet:-1, max-image-preview:large, max-video-preview:-1\" \/>\n<link rel=\"canonical\" href=\"https:\/\/www.enertrag.fr\/chezy-en-orxois\/actualites\/\" \/>\n<meta property=\"og:locale\" content=\"fr_FR\" \/>\n<meta property=\"og:type\" content=\"article\" \/>\n<meta property=\"og:title\" content=\"Actualit\u00e9s - Projet \u00e9olien des Epeigners\" \/>\n<meta property=\"og:description\" content=\"Actualit\u00e9s\" \/>\n<meta property=\"og:url\" content=\"https:\/\/www.enertrag.fr\/chezy-en-orxois\/actualites\/\" \/>\n<meta property=\"og:site_name\" content=\"Projet \u00e9olien des Epeigners\" \/>\n<meta property=\"article:modified_time\" content=\"2024-09-09T08:47:17+00:00\" \/>\n<meta name=\"twitter:card\" content=\"summary_large_image\" \/>\n<meta name=\"twitter:label1\" content=\"Dur\u00e9e de lecture estim\u00e9e\" \/>\n\t<meta name=\"twitter:data1\" content=\"2 minutes\" \/>\n<script type=\"application\/ld+json\" class=\"yoast-schema-graph\">{\"@context\":\"https:\\\/\\\/schema.org\",\"@graph\":[{\"@type\":\"WebPage\",\"@id\":\"https:\\\/\\\/www.enertrag.fr\\\/chezy-en-orxois\\\/actualites\\\/\",\"url\":\"https:\\\/\\\/www.enertrag.fr\\\/chezy-en-orxois\\\/actualites\\\/\",\"name\":\"Actualit\u00e9s - Projet \u00e9olien des Epeigners\",\"isPartOf\":{\"@id\":\"https:\\\/\\\/www.enertrag.fr\\\/chezy-en-orxois\\\/#website\"},\"datePublished\":\"2023-01-12T15:23:03+00:00\",\"dateModified\":\"2024-09-09T08:47:17+00:00\",\"breadcrumb\":{\"@id\":\"https:\\\/\\\/www.enertrag.fr\\\/chezy-en-orxois\\\/actualites\\\/#breadcrumb\"},\"inLanguage\":\"fr-FR\",\"potentialAction\":[{\"@type\":\"ReadAction\",\"target\":[\"https:\\\/\\\/www.enertrag.fr\\\/chezy-en-orxois\\\/actualites\\\/\"]}]},{\"@type\":\"BreadcrumbList\",\"@id\":\"https:\\\/\\\/www.enertrag.fr\\\/chezy-en-orxois\\\/actualites\\\/#breadcrumb\",\"itemListElement\":[{\"@type\":\"ListItem\",\"position\":1,\"name\":\"Accueil\",\"item\":\"https:\\\/\\\/www.enertrag.fr\\\/chezy-en-orxois\\\/\"},{\"@type\":\"ListItem\",\"position\":2,\"name\":\"Actualit\u00e9s\"}]},{\"@type\":\"WebSite\",\"@id\":\"https:\\\/\\\/www.enertrag.fr\\\/chezy-en-orxois\\\/#website\",\"url\":\"https:\\\/\\\/www.enertrag.fr\\\/chezy-en-orxois\\\/\",\"name\":\"Projet \u00e9olien des Epeigners\",\"description\":\"\",\"publisher\":{\"@id\":\"https:\\\/\\\/www.enertrag.fr\\\/chezy-en-orxois\\\/#organization\"},\"potentialAction\":[{\"@type\":\"SearchAction\",\"target\":{\"@type\":\"EntryPoint\",\"urlTemplate\":\"https:\\\/\\\/www.enertrag.fr\\\/chezy-en-orxois\\\/?s={search_term_string}\"},\"query-input\":{\"@type\":\"PropertyValueSpecification\",\"valueRequired\":true,\"valueName\":\"search_term_string\"}}],\"inLanguage\":\"fr-FR\"},{\"@type\":\"Organization\",\"@id\":\"https:\\\/\\\/www.enertrag.fr\\\/chezy-en-orxois\\\/#organization\",\"name\":\"Projet \u00e9olien des Epeigners\",\"url\":\"https:\\\/\\\/www.enertrag.fr\\\/chezy-en-orxois\\\/\",\"logo\":{\"@type\":\"ImageObject\",\"inLanguage\":\"fr-FR\",\"@id\":\"https:\\\/\\\/www.enertrag.fr\\\/chezy-en-orxois\\\/#\\\/schema\\\/logo\\\/image\\\/\",\"url\":\"https:\\\/\\\/www.enertrag.fr\\\/chezy-en-orxois\\\/wp-content\\\/uploads\\\/sites\\\/53\\\/2024\\\/06\\\/logo_enertrag_blanc@4x.png\",\"contentUrl\":\"https:\\\/\\\/www.enertrag.fr\\\/chezy-en-orxois\\\/wp-content\\\/uploads\\\/sites\\\/53\\\/2024\\\/06\\\/logo_enertrag_blanc@4x.png\",\"width\":3065,\"height\":801,\"caption\":\"Projet \u00e9olien des Epeigners\"},\"image\":{\"@id\":\"https:\\\/\\\/www.enertrag.fr\\\/chezy-en-orxois\\\/#\\\/schema\\\/logo\\\/image\\\/\"}}]}<\/script>\n<!-- \/ Yoast SEO plugin. -->","yoast_head_json":{"title":"Actualit\u00e9s - Projet \u00e9olien des Epeigners","robots":{"index":"index","follow":"follow","max-snippet":"max-snippet:-1","max-image-preview":"max-image-preview:large","max-video-preview":"max-video-preview:-1"},"canonical":"https:\/\/www.enertrag.fr\/chezy-en-orxois\/actualites\/","og_locale":"fr_FR","og_type":"article","og_title":"Actualit\u00e9s - Projet \u00e9olien des Epeigners","og_description":"Actualit\u00e9s","og_url":"https:\/\/www.enertrag.fr\/chezy-en-orxois\/actualites\/","og_site_name":"Projet \u00e9olien des Epeigners","article_modified_time":"2024-09-09T08:47:17+00:00","twitter_card":"summary_large_image","twitter_misc":{"Dur\u00e9e de lecture estim\u00e9e":"2 minutes"},"schema":{"@context":"https:\/\/schema.org","@graph":[{"@type":"WebPage","@id":"https:\/\/www.enertrag.fr\/chezy-en-orxois\/actualites\/","url":"https:\/\/www.enertrag.fr\/chezy-en-orxois\/actualites\/","name":"Actualit\u00e9s - Projet \u00e9olien des Epeigners","isPartOf":{"@id":"https:\/\/www.enertrag.fr\/chezy-en-orxois\/#website"},"datePublished":"2023-01-12T15:23:03+00:00","dateModified":"2024-09-09T08:47:17+00:00","breadcrumb":{"@id":"https:\/\/www.enertrag.fr\/chezy-en-orxois\/actualites\/#breadcrumb"},"inLanguage":"fr-FR","potentialAction":[{"@type":"ReadAction","target":["https:\/\/www.enertrag.fr\/chezy-en-orxois\/actualites\/"]}]},{"@type":"BreadcrumbList","@id":"https:\/\/www.enertrag.fr\/chezy-en-orxois\/actualites\/#breadcrumb","itemListElement":[{"@type":"ListItem","position":1,"name":"Accueil","item":"https:\/\/www.enertrag.fr\/chezy-en-orxois\/"},{"@type":"ListItem","position":2,"name":"Actualit\u00e9s"}]},{"@type":"WebSite","@id":"https:\/\/www.enertrag.fr\/chezy-en-orxois\/#website","url":"https:\/\/www.enertrag.fr\/chezy-en-orxois\/","name":"Projet \u00e9olien des Epeigners","description":"","publisher":{"@id":"https:\/\/www.enertrag.fr\/chezy-en-orxois\/#organization"},"potentialAction":[{"@type":"SearchAction","target":{"@type":"EntryPoint","urlTemplate":"https:\/\/www.enertrag.fr\/chezy-en-orxois\/?s={search_term_string}"},"query-input":{"@type":"PropertyValueSpecification","valueRequired":true,"valueName":"search_term_string"}}],"inLanguage":"fr-FR"},{"@type":"Organization","@id":"https:\/\/www.enertrag.fr\/chezy-en-orxois\/#organization","name":"Projet \u00e9olien des Epeigners","url":"https:\/\/www.enertrag.fr\/chezy-en-orxois\/","logo":{"@type":"ImageObject","inLanguage":"fr-FR","@id":"https:\/\/www.enertrag.fr\/chezy-en-orxois\/#\/schema\/logo\/image\/","url":"https:\/\/www.enertrag.fr\/chezy-en-orxois\/wp-content\/uploads\/sites\/53\/2024\/06\/logo_enertrag_blanc@4x.png","contentUrl":"https:\/\/www.enertrag.fr\/chezy-en-orxois\/wp-content\/uploads\/sites\/53\/2024\/06\/logo_enertrag_blanc@4x.png","width":3065,"height":801,"caption":"Projet \u00e9olien des Epeigners"},"image":{"@id":"https:\/\/www.enertrag.fr\/chezy-en-orxois\/#\/schema\/logo\/image\/"}}]}},"_links":{"self":[{"href":"https:\/\/www.enertrag.fr\/chezy-en-orxois\/wp-json\/wp\/v2\/pages\/69","targetHints":{"allow":["GET"]}}],"collection":[{"href":"https:\/\/www.enertrag.fr\/chezy-en-orxois\/wp-json\/wp\/v2\/pages"}],"about":[{"href":"https:\/\/www.enertrag.fr\/chezy-en-orxois\/wp-json\/wp\/v2\/types\/page"}],"author":[{"embeddable":true,"href":"https:\/\/www.enertrag.fr\/chezy-en-orxois\/wp-json\/wp\/v2\/users\/1"}],"replies":[{"embeddable":true,"href":"https:\/\/www.enertrag.fr\/chezy-en-orxois\/wp-json\/wp\/v2\/comments?post=69"}],"version-history":[{"count":0,"href":"https:\/\/www.enertrag.fr\/chezy-en-orxois\/wp-json\/wp\/v2\/pages\/69\/revisions"}],"wp:attachment":[{"href":"https:\/\/www.enertrag.fr\/chezy-en-orxois\/wp-json\/wp\/v2\/media?parent=69"}],"curies":[{"name":"wp","href":"https:\/\/api.w.org\/{rel}","templated":true}]}}