{"id":66,"date":"2023-01-12T16:20:22","date_gmt":"2023-01-12T15:20:22","guid":{"rendered":"http:\/\/dev.parcs-eoliens-enertrag.fr\/matrice\/?page_id=66"},"modified":"2025-04-09T10:54:51","modified_gmt":"2025-04-09T08:54:51","slug":"qui-sommes-nous","status":"publish","type":"page","link":"https:\/\/www.enertrag.fr\/chezy-en-orxois\/qui-sommes-nous\/","title":{"rendered":"Qui sommes nous ?"},"content":{"rendered":"\t\t<div data-elementor-type=\"wp-page\" data-elementor-id=\"66\" class=\"elementor elementor-66\" data-elementor-settings=\"{&quot;ha_cmc_init_switcher&quot;:&quot;no&quot;}\" data-elementor-post-type=\"page\">\n\t\t\t\t<div class=\"elementor-element elementor-element-28e712b e-con-full e-flex e-con e-parent\" data-id=\"28e712b\" data-element_type=\"container\" data-e-type=\"container\" data-settings=\"{&quot;background_background&quot;:&quot;classic&quot;,&quot;_ha_eqh_enable&quot;:false}\">\n\t\t<div class=\"elementor-element elementor-element-8e50e80 e-con-full e-flex e-con e-child\" data-id=\"8e50e80\" data-element_type=\"container\" data-e-type=\"container\" data-settings=\"{&quot;animation&quot;:&quot;none&quot;,&quot;_ha_eqh_enable&quot;:false}\">\n\t\t\t\t<div class=\"elementor-element elementor-element-028032f elementor-invisible elementor-widget elementor-widget-heading\" data-id=\"028032f\" data-element_type=\"widget\" data-e-type=\"widget\" data-settings=\"{&quot;_animation&quot;:&quot;fadeInUp&quot;}\" data-widget_type=\"heading.default\">\n\t\t\t\t<div class=\"elementor-widget-container\">\n\t\t\t\t\t<h1 class=\"elementor-heading-title elementor-size-default\">Nous fa\u00e7onnons la prochaine \u00e9tape \nde la trannsition \u00e9nerg\u00e9tique.<\/h1>\t\t\t\t<\/div>\n\t\t\t\t<\/div>\n\t\t\t\t<div class=\"elementor-element elementor-element-5399bcb elementor-invisible elementor-widget elementor-widget-heading\" data-id=\"5399bcb\" data-element_type=\"widget\" data-e-type=\"widget\" data-settings=\"{&quot;_animation&quot;:&quot;fadeInUp&quot;}\" data-widget_type=\"heading.default\">\n\t\t\t\t<div class=\"elementor-widget-container\">\n\t\t\t\t\t<h2 class=\"elementor-heading-title elementor-size-default\">Ensemble. Avec passion. Une \u00e9nergie d\u2019avance.<\/h2>\t\t\t\t<\/div>\n\t\t\t\t<\/div>\n\t\t\t\t<\/div>\n\t\t\t\t<\/div>\n\t\t<div class=\"elementor-element elementor-element-df90896 e-flex e-con-boxed e-con e-parent\" data-id=\"df90896\" data-element_type=\"container\" data-e-type=\"container\" data-settings=\"{&quot;_ha_eqh_enable&quot;:false}\">\n\t\t\t\t\t<div class=\"e-con-inner\">\n\t\t<div class=\"elementor-element elementor-element-6e0d80e e-con-full e-flex e-con e-child\" data-id=\"6e0d80e\" data-element_type=\"container\" data-e-type=\"container\" data-settings=\"{&quot;background_background&quot;:&quot;classic&quot;,&quot;_ha_eqh_enable&quot;:false}\">\n\t\t\t\t<div class=\"elementor-element elementor-element-9c2602d elementor-widget elementor-widget-image\" data-id=\"9c2602d\" data-element_type=\"widget\" data-e-type=\"widget\" data-widget_type=\"image.default\">\n\t\t\t\t<div class=\"elementor-widget-container\">\n\t\t\t\t\t\t\t\t\t\t\t\t\t\t\t<img fetchpriority=\"high\" decoding=\"async\" width=\"683\" height=\"1024\" src=\"https:\/\/www.enertrag.fr\/chezy-en-orxois\/wp-content\/uploads\/sites\/53\/2025\/04\/@Arnaud_MALLEZ_110225_0060-HD-683x1024.jpg\" class=\"attachment-large size-large wp-image-1405\" alt=\"\" srcset=\"https:\/\/www.enertrag.fr\/chezy-en-orxois\/wp-content\/uploads\/sites\/53\/2025\/04\/@Arnaud_MALLEZ_110225_0060-HD-683x1024.jpg 683w, https:\/\/www.enertrag.fr\/chezy-en-orxois\/wp-content\/uploads\/sites\/53\/2025\/04\/@Arnaud_MALLEZ_110225_0060-HD-200x300.jpg 200w, https:\/\/www.enertrag.fr\/chezy-en-orxois\/wp-content\/uploads\/sites\/53\/2025\/04\/@Arnaud_MALLEZ_110225_0060-HD-768x1152.jpg 768w, https:\/\/www.enertrag.fr\/chezy-en-orxois\/wp-content\/uploads\/sites\/53\/2025\/04\/@Arnaud_MALLEZ_110225_0060-HD-1024x1536.jpg 1024w, https:\/\/www.enertrag.fr\/chezy-en-orxois\/wp-content\/uploads\/sites\/53\/2025\/04\/@Arnaud_MALLEZ_110225_0060-HD-1365x2048.jpg 1365w, https:\/\/www.enertrag.fr\/chezy-en-orxois\/wp-content\/uploads\/sites\/53\/2025\/04\/@Arnaud_MALLEZ_110225_0060-HD-scaled.jpg 1707w\" sizes=\"(max-width: 683px) 100vw, 683px\" \/>\t\t\t\t\t\t\t\t\t\t\t\t\t\t\t<\/div>\n\t\t\t\t<\/div>\n\t\t\t\t<\/div>\n\t\t<div class=\"elementor-element elementor-element-7c7fa9d e-con-full e-flex e-con e-child\" data-id=\"7c7fa9d\" data-element_type=\"container\" data-e-type=\"container\" data-settings=\"{&quot;background_background&quot;:&quot;gradient&quot;,&quot;_ha_eqh_enable&quot;:false}\">\n\t\t\t\t<div class=\"elementor-element elementor-element-528d926 elementor-widget elementor-widget-heading\" data-id=\"528d926\" data-element_type=\"widget\" data-e-type=\"widget\" data-widget_type=\"heading.default\">\n\t\t\t\t<div class=\"elementor-widget-container\">\n\t\t\t\t\t<h4 class=\"elementor-heading-title elementor-size-default\">Votre contact d\u00e9di\u00e9<\/h4>\t\t\t\t<\/div>\n\t\t\t\t<\/div>\n\t\t\t\t<div class=\"elementor-element elementor-element-a24b57c elementor-widget elementor-widget-text-editor\" data-id=\"a24b57c\" data-element_type=\"widget\" data-e-type=\"widget\" data-widget_type=\"text-editor.default\">\n\t\t\t\t<div class=\"elementor-widget-container\">\n\t\t\t\t\t\t\t\t\t<p>H\u00e9lie de Saint Laurent<\/p><p>Chef de projet \u00e9olien<\/p><p>helie.desaintlaurent@enertrag.com<\/p>\t\t\t\t\t\t\t\t<\/div>\n\t\t\t\t<\/div>\n\t\t\t\t<\/div>\n\t\t\t\t\t<\/div>\n\t\t\t\t<\/div>\n\t\t<div class=\"elementor-element elementor-element-3625bd9 e-flex e-con-boxed e-con e-parent\" data-id=\"3625bd9\" data-element_type=\"container\" data-e-type=\"container\" data-settings=\"{&quot;background_background&quot;:&quot;classic&quot;,&quot;_ha_eqh_enable&quot;:false}\">\n\t\t\t\t\t<div class=\"e-con-inner\">\n\t\t\t\t<div class=\"elementor-element elementor-element-fb0b8e2 elementor-widget__width-initial elementor-widget elementor-widget-text-editor\" data-id=\"fb0b8e2\" data-element_type=\"widget\" data-e-type=\"widget\" data-widget_type=\"text-editor.default\">\n\t\t\t\t<div class=\"elementor-widget-container\">\n\t\t\t\t\t\t\t\t\t<h1>Notre mission<\/h1><p>\u201c<i>Nos installations sont un levier extraordinaire\u00a0<\/i><b><i>pour dynamiser nos campagnes<\/i><\/b><i>, am\u00e9liorer le cadre de vie et favoriser un mod\u00e8le \u00e9nerg\u00e9tique local, durable et d\u00e9carbon\u00e9.<\/i><\/p><p><i>En int\u00e9grant les attentes de chaque acteur, <\/i><b><i>nous\u00a0<\/i><\/b><b><i>co-construisons<\/i><\/b><i>\u00a0ensemble des projets qui vous ressemblent.<\/i>\u201d<\/p>\t\t\t\t\t\t\t\t<\/div>\n\t\t\t\t<\/div>\n\t\t<div class=\"elementor-element elementor-element-14567c4 e-con-full e-flex e-con e-child\" data-id=\"14567c4\" data-element_type=\"container\" data-e-type=\"container\" data-settings=\"{&quot;_ha_eqh_enable&quot;:false}\">\n\t\t<div class=\"elementor-element elementor-element-3e2172f e-con-full e-flex e-con e-child\" data-id=\"3e2172f\" data-element_type=\"container\" data-e-type=\"container\" data-settings=\"{&quot;_ha_eqh_enable&quot;:false}\">\n\t\t\t\t<div class=\"elementor-element elementor-element-2601ab8 elementor-widget elementor-widget-heading\" data-id=\"2601ab8\" data-element_type=\"widget\" data-e-type=\"widget\" data-widget_type=\"heading.default\">\n\t\t\t\t<div class=\"elementor-widget-container\">\n\t\t\t\t\t<h2 class=\"elementor-heading-title elementor-size-default\">ENERTRAG vous garantit<\/h2>\t\t\t\t<\/div>\n\t\t\t\t<\/div>\n\t\t\t\t<div class=\"elementor-element elementor-element-3c14562 elementor-widget elementor-widget-text-editor\" data-id=\"3c14562\" data-element_type=\"widget\" data-e-type=\"widget\" data-widget_type=\"text-editor.default\">\n\t\t\t\t<div class=\"elementor-widget-container\">\n\t\t\t\t\t\t\t\t\t<p><ul><li><span style=\"font-family: var( --e-global-typography-text-font-family ), Sans-serif; text-align: var(--text-align);\">Une \u00e9tude approfondie de faisabilit\u00e9<\/span><br><\/li><li><span style=\"font-family: var( --e-global-typography-text-font-family ), Sans-serif; text-align: var(--text-align);\">Un accompagnement personnalis\u00e9\u2026<\/span><br><\/li><li><span style=\"font-family: var( --e-global-typography-text-font-family ), Sans-serif; text-align: var(--text-align);\">Des retomb\u00e9es \u00e9conomiques significatives<\/span><br><\/li><li><span style=\"font-family: var( --e-global-typography-text-font-family ), Sans-serif; text-align: var(--text-align);\">Un engagement ferme \u00e0 respecter les normes environnementales<\/span><br><\/li><li><span style=\"font-family: var( --e-global-typography-text-font-family ), Sans-serif; text-align: var(--text-align);\">La garantie d\u2019une contribution \u00e0 la transition \u00e9nerg\u00e9tique<\/span><br><\/li><li><span style=\"font-family: var( --e-global-typography-text-font-family ), Sans-serif; text-align: var(--text-align);\">Une analyse transparente des avantages et inconv\u00e9nients du projet<\/span><br><\/li><li><span style=\"font-family: var( --e-global-typography-text-font-family ), Sans-serif; text-align: var(--text-align);\">La possibilit\u00e9 d\u2019int\u00e9grer le projet<\/span><br><\/li><\/ul><\/p>\t\t\t\t\t\t\t\t<\/div>\n\t\t\t\t<\/div>\n\t\t\t\t<\/div>\n\t\t<div class=\"elementor-element elementor-element-e4842c0 e-con-full e-flex e-con e-child\" data-id=\"e4842c0\" data-element_type=\"container\" data-e-type=\"container\" data-settings=\"{&quot;_ha_eqh_enable&quot;:false}\">\n\t\t\t\t<div class=\"elementor-element elementor-element-147c9ef elementor-widget elementor-widget-image\" data-id=\"147c9ef\" data-element_type=\"widget\" data-e-type=\"widget\" data-widget_type=\"image.default\">\n\t\t\t\t<div class=\"elementor-widget-container\">\n\t\t\t\t\t\t\t\t\t\t\t\t\t\t\t<img decoding=\"async\" width=\"584\" height=\"417\" src=\"https:\/\/www.enertrag.fr\/chezy-en-orxois\/wp-content\/uploads\/sites\/53\/2024\/06\/public.jpg\" class=\"attachment-large size-large wp-image-907\" alt=\"\" srcset=\"https:\/\/www.enertrag.fr\/chezy-en-orxois\/wp-content\/uploads\/sites\/53\/2024\/06\/public.jpg 584w, https:\/\/www.enertrag.fr\/chezy-en-orxois\/wp-content\/uploads\/sites\/53\/2024\/06\/public-300x214.jpg 300w\" sizes=\"(max-width: 584px) 100vw, 584px\" \/>\t\t\t\t\t\t\t\t\t\t\t\t\t\t\t<\/div>\n\t\t\t\t<\/div>\n\t\t\t\t<\/div>\n\t\t\t\t<\/div>\n\t\t\t\t\t<\/div>\n\t\t\t\t<\/div>\n\t\t<div class=\"elementor-element elementor-element-d30d534 e-flex e-con-boxed e-con e-parent\" data-id=\"d30d534\" data-element_type=\"container\" data-e-type=\"container\" data-settings=\"{&quot;_ha_eqh_enable&quot;:false}\">\n\t\t\t\t\t<div class=\"e-con-inner\">\n\t\t\t\t<div class=\"elementor-element elementor-element-dd6055c elementor-widget elementor-widget-heading\" data-id=\"dd6055c\" data-element_type=\"widget\" data-e-type=\"widget\" data-widget_type=\"heading.default\">\n\t\t\t\t<div class=\"elementor-widget-container\">\n\t\t\t\t\t<h2 class=\"elementor-heading-title elementor-size-default\">Notre histoire<\/h2>\t\t\t\t<\/div>\n\t\t\t\t<\/div>\n\t\t\t\t<div class=\"elementor-element elementor-element-769cfe8 elementor-widget elementor-widget-text-editor\" data-id=\"769cfe8\" data-element_type=\"widget\" data-e-type=\"widget\" data-widget_type=\"text-editor.default\">\n\t\t\t\t<div class=\"elementor-widget-container\">\n\t\t\t\t\t\t\t\t\t<p>Tout a commence\u0301 en Allemagne avec Jo\u0308rg Mu\u0308ller, fondateur d\u2019ENERTRAG. Ancien inge\u0301nieur dans le nucle\u0301aire, il s&rsquo;est tourne\u0301 vers les e\u0301nergies renouvelables a\u0300 une e\u0301poque ou\u0300 personne n\u2019y croyait. Pour que la transition e\u0301nerge\u0301tique soit re\u0301ussie, il croyait fermement a\u0300 l\u2019hydroge\u0300ne vert comme cle\u0301 pour stocker l\u2019e\u0301lectricite\u0301 produite. Il installa sa premie\u0300re e\u0301olienne en 1992 et cre\u0301a Enertrag AG en 1998 en Allemagne de l&rsquo;Est, a\u0300 Dauerthal. Il sera a\u0300 l\u2019origine de la cre\u0301ation de la premie\u0300re centrale hydroge\u0300ne hybride dans le monde en 2011. Son expertise et sa vision novatrice ont permis a\u0300 ENERTRAG de devenir un acteur important et reconnu de la filie\u0300re des e\u0301nergies renouvelables en Europe et dans le reste du monde. Pr\u00e9sent en France depuis 2001, ENERTRAG s\u2019est install\u00e9e dans le Val d\u2019Oise \u00e0 Cergy puis \u00e0 Neuville-sur-Oise depuis 2021. Ce sont pr\u00e8s de 120 collaborateurs motiv\u00e9s et engag\u00e9s qui \u0153uvrent au quotidien au sein d\u2019ENERTRAG afin de d\u00e9velopper les \u00e9nergies renouvelables !<\/p>\t\t\t\t\t\t\t\t<\/div>\n\t\t\t\t<\/div>\n\t\t\t\t\t<\/div>\n\t\t\t\t<\/div>\n\t\t<div class=\"elementor-element elementor-element-96a09bf e-grid e-con-boxed e-con e-parent\" data-id=\"96a09bf\" data-element_type=\"container\" data-e-type=\"container\" data-settings=\"{&quot;_ha_eqh_enable&quot;:false}\">\n\t\t\t\t\t<div class=\"e-con-inner\">\n\t\t<div class=\"elementor-element elementor-element-072974f e-con-full e-flex e-con e-child\" data-id=\"072974f\" data-element_type=\"container\" data-e-type=\"container\" data-settings=\"{&quot;background_background&quot;:&quot;classic&quot;,&quot;_ha_eqh_enable&quot;:false}\">\n\t\t<div class=\"elementor-element elementor-element-3539d1b e-con-full e-flex e-con e-child\" data-id=\"3539d1b\" data-element_type=\"container\" data-e-type=\"container\" data-settings=\"{&quot;background_background&quot;:&quot;classic&quot;,&quot;_ha_eqh_enable&quot;:false}\">\n\t\t\t\t<div class=\"elementor-element elementor-element-163ad44 elementor-widget elementor-widget-heading\" data-id=\"163ad44\" data-element_type=\"widget\" data-e-type=\"widget\" data-widget_type=\"heading.default\">\n\t\t\t\t<div class=\"elementor-widget-container\">\n\t\t\t\t\t<h2 class=\"elementor-heading-title elementor-size-default\">Nous recrutons des profils vari\u00e9s toute l\u2019ann\u00e9e.\nRejoignez-nous !<\/h2>\t\t\t\t<\/div>\n\t\t\t\t<\/div>\n\t\t\t\t<div class=\"elementor-element elementor-element-c23cb5c elementor-align-left btn_blanc elementor-tablet-align-center elementor-widget elementor-widget-button\" data-id=\"c23cb5c\" data-element_type=\"widget\" data-e-type=\"widget\" data-widget_type=\"button.default\">\n\t\t\t\t<div class=\"elementor-widget-container\">\n\t\t\t\t\t\t\t\t\t<div class=\"elementor-button-wrapper\">\n\t\t\t\t\t<a class=\"elementor-button elementor-button-link elementor-size-sm\" href=\"https:\/\/enertrag.com\/fr\/carriere\">\n\t\t\t\t\t\t<span class=\"elementor-button-content-wrapper\">\n\t\t\t\t\t\t<span class=\"elementor-button-icon\">\n\t\t\t\t<i aria-hidden=\"true\" class=\"hm hm-arrow-right\"><\/i>\t\t\t<\/span>\n\t\t\t\t\t\t\t\t\t<span class=\"elementor-button-text\">Voir nos offres<\/span>\n\t\t\t\t\t<\/span>\n\t\t\t\t\t<\/a>\n\t\t\t\t<\/div>\n\t\t\t\t\t\t\t\t<\/div>\n\t\t\t\t<\/div>\n\t\t\t\t<\/div>\n\t\t\t\t<\/div>\n\t\t\t\t\t<\/div>\n\t\t\t\t<\/div>\n\t\t\t\t<\/div>\n\t\t","protected":false},"excerpt":{"rendered":"<p>Nous fa\u00e7onnons la prochaine \u00e9tape de la trannsition \u00e9nerg\u00e9tique. Ensemble. Avec passion. Une \u00e9nergie d\u2019avance. Votre contact d\u00e9di\u00e9 H\u00e9lie de Saint Laurent Chef de projet \u00e9olien helie.desaintlaurent@enertrag.com Notre mission \u201cNos installations sont un levier extraordinaire\u00a0pour dynamiser nos campagnes, am\u00e9liorer le cadre de vie et favoriser un mod\u00e8le \u00e9nerg\u00e9tique local, durable et d\u00e9carbon\u00e9. En int\u00e9grant les [&hellip;]<\/p>\n","protected":false},"author":1,"featured_media":0,"parent":0,"menu_order":0,"comment_status":"closed","ping_status":"closed","template":"","meta":{"_acf_changed":false,"footnotes":""},"class_list":["post-66","page","type-page","status-publish","hentry"],"acf":[],"yoast_head":"<!-- This site is optimized with the Yoast SEO plugin v27.4 - https:\/\/yoast.com\/product\/yoast-seo-wordpress\/ -->\n<title>Qui sommes nous ? - Projet \u00e9olien des Epeigners<\/title>\n<meta name=\"robots\" content=\"index, follow, max-snippet:-1, max-image-preview:large, max-video-preview:-1\" \/>\n<link rel=\"canonical\" href=\"https:\/\/www.enertrag.fr\/chezy-en-orxois\/qui-sommes-nous\/\" \/>\n<meta property=\"og:locale\" content=\"fr_FR\" \/>\n<meta property=\"og:type\" content=\"article\" \/>\n<meta property=\"og:title\" content=\"Qui sommes nous ? - Projet \u00e9olien des Epeigners\" \/>\n<meta property=\"og:description\" content=\"Nous fa\u00e7onnons la prochaine \u00e9tape de la trannsition \u00e9nerg\u00e9tique. Ensemble. Avec passion. Une \u00e9nergie d\u2019avance. Votre contact d\u00e9di\u00e9 H\u00e9lie de Saint Laurent Chef de projet \u00e9olien helie.desaintlaurent@enertrag.com Notre mission \u201cNos installations sont un levier extraordinaire\u00a0pour dynamiser nos campagnes, am\u00e9liorer le cadre de vie et favoriser un mod\u00e8le \u00e9nerg\u00e9tique local, durable et d\u00e9carbon\u00e9. En int\u00e9grant les [&hellip;]\" \/>\n<meta property=\"og:url\" content=\"https:\/\/www.enertrag.fr\/chezy-en-orxois\/qui-sommes-nous\/\" \/>\n<meta property=\"og:site_name\" content=\"Projet \u00e9olien des Epeigners\" \/>\n<meta property=\"article:modified_time\" content=\"2025-04-09T08:54:51+00:00\" \/>\n<meta property=\"og:image\" content=\"https:\/\/www.enertrag.fr\/chezy-en-orxois\/wp-content\/uploads\/sites\/53\/2025\/04\/@Arnaud_MALLEZ_110225_0060-HD-scaled.jpg\" \/>\n\t<meta property=\"og:image:width\" content=\"1707\" \/>\n\t<meta property=\"og:image:height\" content=\"2560\" \/>\n\t<meta property=\"og:image:type\" content=\"image\/jpeg\" \/>\n<meta name=\"twitter:card\" content=\"summary_large_image\" \/>\n<meta name=\"twitter:label1\" content=\"Dur\u00e9e de lecture estim\u00e9e\" \/>\n\t<meta name=\"twitter:data1\" content=\"4 minutes\" \/>\n<script type=\"application\/ld+json\" class=\"yoast-schema-graph\">{\"@context\":\"https:\\\/\\\/schema.org\",\"@graph\":[{\"@type\":\"WebPage\",\"@id\":\"https:\\\/\\\/www.enertrag.fr\\\/chezy-en-orxois\\\/qui-sommes-nous\\\/\",\"url\":\"https:\\\/\\\/www.enertrag.fr\\\/chezy-en-orxois\\\/qui-sommes-nous\\\/\",\"name\":\"Qui sommes nous ? - Projet \u00e9olien des Epeigners\",\"isPartOf\":{\"@id\":\"https:\\\/\\\/www.enertrag.fr\\\/chezy-en-orxois\\\/#website\"},\"primaryImageOfPage\":{\"@id\":\"https:\\\/\\\/www.enertrag.fr\\\/chezy-en-orxois\\\/qui-sommes-nous\\\/#primaryimage\"},\"image\":{\"@id\":\"https:\\\/\\\/www.enertrag.fr\\\/chezy-en-orxois\\\/qui-sommes-nous\\\/#primaryimage\"},\"thumbnailUrl\":\"https:\\\/\\\/www.enertrag.fr\\\/chezy-en-orxois\\\/wp-content\\\/uploads\\\/sites\\\/53\\\/2025\\\/04\\\/@Arnaud_MALLEZ_110225_0060-HD-683x1024.jpg\",\"datePublished\":\"2023-01-12T15:20:22+00:00\",\"dateModified\":\"2025-04-09T08:54:51+00:00\",\"breadcrumb\":{\"@id\":\"https:\\\/\\\/www.enertrag.fr\\\/chezy-en-orxois\\\/qui-sommes-nous\\\/#breadcrumb\"},\"inLanguage\":\"fr-FR\",\"potentialAction\":[{\"@type\":\"ReadAction\",\"target\":[\"https:\\\/\\\/www.enertrag.fr\\\/chezy-en-orxois\\\/qui-sommes-nous\\\/\"]}]},{\"@type\":\"ImageObject\",\"inLanguage\":\"fr-FR\",\"@id\":\"https:\\\/\\\/www.enertrag.fr\\\/chezy-en-orxois\\\/qui-sommes-nous\\\/#primaryimage\",\"url\":\"https:\\\/\\\/www.enertrag.fr\\\/chezy-en-orxois\\\/wp-content\\\/uploads\\\/sites\\\/53\\\/2025\\\/04\\\/@Arnaud_MALLEZ_110225_0060-HD-scaled.jpg\",\"contentUrl\":\"https:\\\/\\\/www.enertrag.fr\\\/chezy-en-orxois\\\/wp-content\\\/uploads\\\/sites\\\/53\\\/2025\\\/04\\\/@Arnaud_MALLEZ_110225_0060-HD-scaled.jpg\",\"width\":1707,\"height\":2560},{\"@type\":\"BreadcrumbList\",\"@id\":\"https:\\\/\\\/www.enertrag.fr\\\/chezy-en-orxois\\\/qui-sommes-nous\\\/#breadcrumb\",\"itemListElement\":[{\"@type\":\"ListItem\",\"position\":1,\"name\":\"Accueil\",\"item\":\"https:\\\/\\\/www.enertrag.fr\\\/chezy-en-orxois\\\/\"},{\"@type\":\"ListItem\",\"position\":2,\"name\":\"Qui sommes nous ?\"}]},{\"@type\":\"WebSite\",\"@id\":\"https:\\\/\\\/www.enertrag.fr\\\/chezy-en-orxois\\\/#website\",\"url\":\"https:\\\/\\\/www.enertrag.fr\\\/chezy-en-orxois\\\/\",\"name\":\"Projet \u00e9olien des Epeigners\",\"description\":\"\",\"publisher\":{\"@id\":\"https:\\\/\\\/www.enertrag.fr\\\/chezy-en-orxois\\\/#organization\"},\"potentialAction\":[{\"@type\":\"SearchAction\",\"target\":{\"@type\":\"EntryPoint\",\"urlTemplate\":\"https:\\\/\\\/www.enertrag.fr\\\/chezy-en-orxois\\\/?s={search_term_string}\"},\"query-input\":{\"@type\":\"PropertyValueSpecification\",\"valueRequired\":true,\"valueName\":\"search_term_string\"}}],\"inLanguage\":\"fr-FR\"},{\"@type\":\"Organization\",\"@id\":\"https:\\\/\\\/www.enertrag.fr\\\/chezy-en-orxois\\\/#organization\",\"name\":\"Projet \u00e9olien des Epeigners\",\"url\":\"https:\\\/\\\/www.enertrag.fr\\\/chezy-en-orxois\\\/\",\"logo\":{\"@type\":\"ImageObject\",\"inLanguage\":\"fr-FR\",\"@id\":\"https:\\\/\\\/www.enertrag.fr\\\/chezy-en-orxois\\\/#\\\/schema\\\/logo\\\/image\\\/\",\"url\":\"https:\\\/\\\/www.enertrag.fr\\\/chezy-en-orxois\\\/wp-content\\\/uploads\\\/sites\\\/53\\\/2024\\\/06\\\/logo_enertrag_blanc@4x.png\",\"contentUrl\":\"https:\\\/\\\/www.enertrag.fr\\\/chezy-en-orxois\\\/wp-content\\\/uploads\\\/sites\\\/53\\\/2024\\\/06\\\/logo_enertrag_blanc@4x.png\",\"width\":3065,\"height\":801,\"caption\":\"Projet \u00e9olien des Epeigners\"},\"image\":{\"@id\":\"https:\\\/\\\/www.enertrag.fr\\\/chezy-en-orxois\\\/#\\\/schema\\\/logo\\\/image\\\/\"}}]}<\/script>\n<!-- \/ Yoast SEO plugin. -->","yoast_head_json":{"title":"Qui sommes nous ? - Projet \u00e9olien des Epeigners","robots":{"index":"index","follow":"follow","max-snippet":"max-snippet:-1","max-image-preview":"max-image-preview:large","max-video-preview":"max-video-preview:-1"},"canonical":"https:\/\/www.enertrag.fr\/chezy-en-orxois\/qui-sommes-nous\/","og_locale":"fr_FR","og_type":"article","og_title":"Qui sommes nous ? - Projet \u00e9olien des Epeigners","og_description":"Nous fa\u00e7onnons la prochaine \u00e9tape de la trannsition \u00e9nerg\u00e9tique. Ensemble. Avec passion. Une \u00e9nergie d\u2019avance. Votre contact d\u00e9di\u00e9 H\u00e9lie de Saint Laurent Chef de projet \u00e9olien helie.desaintlaurent@enertrag.com Notre mission \u201cNos installations sont un levier extraordinaire\u00a0pour dynamiser nos campagnes, am\u00e9liorer le cadre de vie et favoriser un mod\u00e8le \u00e9nerg\u00e9tique local, durable et d\u00e9carbon\u00e9. En int\u00e9grant les [&hellip;]","og_url":"https:\/\/www.enertrag.fr\/chezy-en-orxois\/qui-sommes-nous\/","og_site_name":"Projet \u00e9olien des Epeigners","article_modified_time":"2025-04-09T08:54:51+00:00","og_image":[{"width":1707,"height":2560,"url":"https:\/\/www.enertrag.fr\/chezy-en-orxois\/wp-content\/uploads\/sites\/53\/2025\/04\/@Arnaud_MALLEZ_110225_0060-HD-scaled.jpg","type":"image\/jpeg"}],"twitter_card":"summary_large_image","twitter_misc":{"Dur\u00e9e de lecture estim\u00e9e":"4 minutes"},"schema":{"@context":"https:\/\/schema.org","@graph":[{"@type":"WebPage","@id":"https:\/\/www.enertrag.fr\/chezy-en-orxois\/qui-sommes-nous\/","url":"https:\/\/www.enertrag.fr\/chezy-en-orxois\/qui-sommes-nous\/","name":"Qui sommes nous ? - Projet \u00e9olien des Epeigners","isPartOf":{"@id":"https:\/\/www.enertrag.fr\/chezy-en-orxois\/#website"},"primaryImageOfPage":{"@id":"https:\/\/www.enertrag.fr\/chezy-en-orxois\/qui-sommes-nous\/#primaryimage"},"image":{"@id":"https:\/\/www.enertrag.fr\/chezy-en-orxois\/qui-sommes-nous\/#primaryimage"},"thumbnailUrl":"https:\/\/www.enertrag.fr\/chezy-en-orxois\/wp-content\/uploads\/sites\/53\/2025\/04\/@Arnaud_MALLEZ_110225_0060-HD-683x1024.jpg","datePublished":"2023-01-12T15:20:22+00:00","dateModified":"2025-04-09T08:54:51+00:00","breadcrumb":{"@id":"https:\/\/www.enertrag.fr\/chezy-en-orxois\/qui-sommes-nous\/#breadcrumb"},"inLanguage":"fr-FR","potentialAction":[{"@type":"ReadAction","target":["https:\/\/www.enertrag.fr\/chezy-en-orxois\/qui-sommes-nous\/"]}]},{"@type":"ImageObject","inLanguage":"fr-FR","@id":"https:\/\/www.enertrag.fr\/chezy-en-orxois\/qui-sommes-nous\/#primaryimage","url":"https:\/\/www.enertrag.fr\/chezy-en-orxois\/wp-content\/uploads\/sites\/53\/2025\/04\/@Arnaud_MALLEZ_110225_0060-HD-scaled.jpg","contentUrl":"https:\/\/www.enertrag.fr\/chezy-en-orxois\/wp-content\/uploads\/sites\/53\/2025\/04\/@Arnaud_MALLEZ_110225_0060-HD-scaled.jpg","width":1707,"height":2560},{"@type":"BreadcrumbList","@id":"https:\/\/www.enertrag.fr\/chezy-en-orxois\/qui-sommes-nous\/#breadcrumb","itemListElement":[{"@type":"ListItem","position":1,"name":"Accueil","item":"https:\/\/www.enertrag.fr\/chezy-en-orxois\/"},{"@type":"ListItem","position":2,"name":"Qui sommes nous ?"}]},{"@type":"WebSite","@id":"https:\/\/www.enertrag.fr\/chezy-en-orxois\/#website","url":"https:\/\/www.enertrag.fr\/chezy-en-orxois\/","name":"Projet \u00e9olien des Epeigners","description":"","publisher":{"@id":"https:\/\/www.enertrag.fr\/chezy-en-orxois\/#organization"},"potentialAction":[{"@type":"SearchAction","target":{"@type":"EntryPoint","urlTemplate":"https:\/\/www.enertrag.fr\/chezy-en-orxois\/?s={search_term_string}"},"query-input":{"@type":"PropertyValueSpecification","valueRequired":true,"valueName":"search_term_string"}}],"inLanguage":"fr-FR"},{"@type":"Organization","@id":"https:\/\/www.enertrag.fr\/chezy-en-orxois\/#organization","name":"Projet \u00e9olien des Epeigners","url":"https:\/\/www.enertrag.fr\/chezy-en-orxois\/","logo":{"@type":"ImageObject","inLanguage":"fr-FR","@id":"https:\/\/www.enertrag.fr\/chezy-en-orxois\/#\/schema\/logo\/image\/","url":"https:\/\/www.enertrag.fr\/chezy-en-orxois\/wp-content\/uploads\/sites\/53\/2024\/06\/logo_enertrag_blanc@4x.png","contentUrl":"https:\/\/www.enertrag.fr\/chezy-en-orxois\/wp-content\/uploads\/sites\/53\/2024\/06\/logo_enertrag_blanc@4x.png","width":3065,"height":801,"caption":"Projet \u00e9olien des Epeigners"},"image":{"@id":"https:\/\/www.enertrag.fr\/chezy-en-orxois\/#\/schema\/logo\/image\/"}}]}},"_links":{"self":[{"href":"https:\/\/www.enertrag.fr\/chezy-en-orxois\/wp-json\/wp\/v2\/pages\/66","targetHints":{"allow":["GET"]}}],"collection":[{"href":"https:\/\/www.enertrag.fr\/chezy-en-orxois\/wp-json\/wp\/v2\/pages"}],"about":[{"href":"https:\/\/www.enertrag.fr\/chezy-en-orxois\/wp-json\/wp\/v2\/types\/page"}],"author":[{"embeddable":true,"href":"https:\/\/www.enertrag.fr\/chezy-en-orxois\/wp-json\/wp\/v2\/users\/1"}],"replies":[{"embeddable":true,"href":"https:\/\/www.enertrag.fr\/chezy-en-orxois\/wp-json\/wp\/v2\/comments?post=66"}],"version-history":[{"count":0,"href":"https:\/\/www.enertrag.fr\/chezy-en-orxois\/wp-json\/wp\/v2\/pages\/66\/revisions"}],"wp:attachment":[{"href":"https:\/\/www.enertrag.fr\/chezy-en-orxois\/wp-json\/wp\/v2\/media?parent=66"}],"curies":[{"name":"wp","href":"https:\/\/api.w.org\/{rel}","templated":true}]}}