{"id":5,"date":"2023-01-10T12:26:09","date_gmt":"2023-01-10T11:26:09","guid":{"rendered":"http:\/\/dev.parcs-eoliens-enertrag.fr\/testy\/?page_id=5"},"modified":"2025-04-09T10:36:40","modified_gmt":"2025-04-09T08:36:40","slug":"attente","status":"publish","type":"page","link":"https:\/\/www.enertrag.fr\/chezy-en-orxois\/","title":{"rendered":"Accueil"},"content":{"rendered":"\t\t<div data-elementor-type=\"wp-page\" data-elementor-id=\"5\" class=\"elementor elementor-5\" data-elementor-settings=\"{&quot;ha_cmc_init_switcher&quot;:&quot;no&quot;}\" data-elementor-post-type=\"page\">\n\t\t\t\t\t\t<section class=\"elementor-section elementor-top-section elementor-element elementor-element-11af55b elementor-section-full_width elementor-section-height-full elementor-section-height-default elementor-section-items-middle\" data-id=\"11af55b\" data-element_type=\"section\" data-e-type=\"section\" data-settings=\"{&quot;background_background&quot;:&quot;classic&quot;,&quot;_ha_eqh_enable&quot;:false}\">\n\t\t\t\t\t\t<div class=\"elementor-container elementor-column-gap-default\">\n\t\t\t\t\t<div class=\"elementor-column elementor-col-100 elementor-top-column elementor-element elementor-element-fa42153\" data-id=\"fa42153\" data-element_type=\"column\" data-e-type=\"column\" data-settings=\"{&quot;animation&quot;:&quot;none&quot;}\">\n\t\t\t<div class=\"elementor-widget-wrap elementor-element-populated\">\n\t\t\t\t\t\t<div class=\"elementor-element elementor-element-2363a02 elementor-invisible elementor-widget elementor-widget-heading\" data-id=\"2363a02\" data-element_type=\"widget\" data-e-type=\"widget\" data-settings=\"{&quot;_animation&quot;:&quot;fadeInUp&quot;}\" data-widget_type=\"heading.default\">\n\t\t\t\t<div class=\"elementor-widget-container\">\n\t\t\t\t\t<h1 class=\"elementor-heading-title elementor-size-default\">Projet \u00e9olien des <br>Epeigniers <\/h1>\t\t\t\t<\/div>\n\t\t\t\t<\/div>\n\t\t\t\t\t<\/div>\n\t\t<\/div>\n\t\t\t\t\t<\/div>\n\t\t<\/section>\n\t\t<div class=\"elementor-element elementor-element-f777843 e-flex e-con-boxed e-con e-parent\" data-id=\"f777843\" data-element_type=\"container\" data-e-type=\"container\" data-settings=\"{&quot;_ha_eqh_enable&quot;:false}\">\n\t\t\t\t\t<div class=\"e-con-inner\">\n\t\t\t\t<div class=\"elementor-element elementor-element-0914e81 elementor-widget elementor-widget-video\" data-id=\"0914e81\" data-element_type=\"widget\" data-e-type=\"widget\" data-settings=\"{&quot;youtube_url&quot;:&quot;https:\\\/\\\/www.youtube.com\\\/watch?v=xDCMhcKs040&quot;,&quot;video_type&quot;:&quot;youtube&quot;,&quot;controls&quot;:&quot;yes&quot;}\" data-widget_type=\"video.default\">\n\t\t\t\t<div class=\"elementor-widget-container\">\n\t\t\t\t\t\t\t<div class=\"elementor-wrapper elementor-open-inline\">\n\t\t\t<div class=\"elementor-video\"><\/div>\t\t<\/div>\n\t\t\t\t\t\t<\/div>\n\t\t\t\t<\/div>\n\t\t\t\t\t<\/div>\n\t\t\t\t<\/div>\n\t\t\t\t<section class=\"elementor-section elementor-top-section elementor-element elementor-element-c97c833 elementor-section-boxed elementor-section-height-default elementor-section-height-default\" data-id=\"c97c833\" data-element_type=\"section\" data-e-type=\"section\" data-settings=\"{&quot;background_background&quot;:&quot;classic&quot;,&quot;_ha_eqh_enable&quot;:false}\">\n\t\t\t\t\t\t<div class=\"elementor-container elementor-column-gap-default\">\n\t\t\t\t\t<div class=\"elementor-column elementor-col-100 elementor-top-column elementor-element elementor-element-3f0f230\" data-id=\"3f0f230\" data-element_type=\"column\" data-e-type=\"column\">\n\t\t\t<div class=\"elementor-widget-wrap elementor-element-populated\">\n\t\t\t\t\t\t<div class=\"elementor-element elementor-element-4d66b2a elementor-widget elementor-widget-text-editor\" data-id=\"4d66b2a\" data-element_type=\"widget\" data-e-type=\"widget\" data-widget_type=\"text-editor.default\">\n\t\t\t\t<div class=\"elementor-widget-container\">\n\t\t\t\t\t\t\t\t\t<p><span data-contrast=\"auto\">Depuis 2021, ENERTRAG s\u2019engage aux c\u00f4t\u00e9s des habitants et des \u00e9lus pour d\u00e9velopper un projet \u00e9olien ambitieux et respectueux du territoire \u00e0 Ch\u00e9zy-en-Orxois. Gr\u00e2ce aux \u00e9tudes approfondies men\u00e9es en 2024 et \u00e0 une concertation active.<\/span><span data-ccp-props=\"{&quot;201341983&quot;:0,&quot;335559739&quot;:0,&quot;335559740&quot;:240,&quot;469777462&quot;:[284],&quot;469777927&quot;:[0],&quot;469777928&quot;:[1]}\">&nbsp;<\/span><\/p>\n<p><span data-ccp-props=\"{&quot;201341983&quot;:0,&quot;335559739&quot;:0,&quot;335559740&quot;:240,&quot;469777462&quot;:[284],&quot;469777927&quot;:[0],&quot;469777928&quot;:[1]}\">&nbsp;<\/span><span data-contrast=\"auto\">Les r\u00e9sultats des \u00e9tudes ont permis de d\u00e9finir une premi\u00e8re implantation des \u00e9oliennes, con\u00e7ue pour allier performance \u00e9nerg\u00e9tique et harmonie avec le paysage local. Cette proposition a \u00e9t\u00e9 d\u00e9voil\u00e9 et discut\u00e9 avec les habitants et les \u00e9lus lors d\u2019une r\u00e9union publique en f\u00e9vrier 2025. Ce moment cl\u00e9 d\u2019\u00e9change et de dialogue a \u00e9t\u00e9 l\u2019occasion de poursuivre ensemble la co-construction du projet.<\/span><span data-ccp-props=\"{&quot;201341983&quot;:0,&quot;335559739&quot;:0,&quot;335559740&quot;:240,&quot;469777462&quot;:[284],&quot;469777927&quot;:[0],&quot;469777928&quot;:[1]}\">&nbsp;<\/span><\/p>\n<p><span data-contrast=\"auto\">Actuellement, nous finalisons le dossier de demande d\u2019autorisation environnementale, en int\u00e9grant les contributions et les attentes du territoire. Bien plus qu\u2019un projet \u00e9nerg\u00e9tique, cette initiative repr\u00e9sente une v\u00e9ritable opportunit\u00e9 pour Ch\u00e9zy-en-Orxois : dynamiser son \u00e9conomie locale, renforcer son attractivit\u00e9 et donner aux acteurs du territoire les moyens de concr\u00e9tiser leurs propres projets. Ensemble, faisons de cette transition \u00e9nerg\u00e9tique un levier de d\u00e9veloppement au service de tous !<\/span><span data-ccp-props=\"{&quot;201341983&quot;:0,&quot;335559739&quot;:0,&quot;335559740&quot;:240,&quot;469777462&quot;:[284],&quot;469777927&quot;:[0],&quot;469777928&quot;:[1]}\">&nbsp;<\/span><\/p>\t\t\t\t\t\t\t\t<\/div>\n\t\t\t\t<\/div>\n\t\t\t\t<div class=\"elementor-element elementor-element-ad352ab elementor-align-right btn_blanc elementor-tablet-align-center elementor-widget elementor-widget-button\" data-id=\"ad352ab\" data-element_type=\"widget\" data-e-type=\"widget\" data-widget_type=\"button.default\">\n\t\t\t\t<div class=\"elementor-widget-container\">\n\t\t\t\t\t\t\t\t\t<div class=\"elementor-button-wrapper\">\n\t\t\t\t\t<a class=\"elementor-button elementor-button-link elementor-size-sm\" href=\"https:\/\/www.enertrag.fr\/chezy-en-orxois\/le-projet\">\n\t\t\t\t\t\t<span class=\"elementor-button-content-wrapper\">\n\t\t\t\t\t\t<span class=\"elementor-button-icon\">\n\t\t\t\t<i aria-hidden=\"true\" class=\"hm hm-arrow-right\"><\/i>\t\t\t<\/span>\n\t\t\t\t\t\t\t\t\t<span class=\"elementor-button-text\">D\u00e9couvrir le projet<\/span>\n\t\t\t\t\t<\/span>\n\t\t\t\t\t<\/a>\n\t\t\t\t<\/div>\n\t\t\t\t\t\t\t\t<\/div>\n\t\t\t\t<\/div>\n\t\t\t\t\t<\/div>\n\t\t<\/div>\n\t\t\t\t\t<\/div>\n\t\t<\/section>\n\t\t<div class=\"elementor-element elementor-element-ff46b04 e-flex e-con-boxed e-con e-parent\" data-id=\"ff46b04\" data-element_type=\"container\" data-e-type=\"container\" data-settings=\"{&quot;_ha_eqh_enable&quot;:false}\">\n\t\t\t\t\t<div class=\"e-con-inner\">\n\t\t\t\t\t<\/div>\n\t\t\t\t<\/div>\n\t\t\t\t<\/div>\n\t\t","protected":false},"excerpt":{"rendered":"<p>Projet \u00e9olien des Epeigniers https:\/\/www.youtube.com\/watch?v=xDCMhcKs040 Depuis 2021, ENERTRAG s\u2019engage aux c\u00f4t\u00e9s des habitants et des \u00e9lus pour d\u00e9velopper un projet \u00e9olien ambitieux et respectueux du territoire \u00e0 Ch\u00e9zy-en-Orxois. Gr\u00e2ce aux \u00e9tudes approfondies men\u00e9es en 2024 et \u00e0 une concertation active.&nbsp; &nbsp;Les r\u00e9sultats des \u00e9tudes ont permis de d\u00e9finir une premi\u00e8re implantation des \u00e9oliennes, con\u00e7ue pour [&hellip;]<\/p>\n","protected":false},"author":1,"featured_media":0,"parent":0,"menu_order":0,"comment_status":"closed","ping_status":"closed","template":"","meta":{"_acf_changed":false,"footnotes":""},"class_list":["post-5","page","type-page","status-publish","hentry"],"acf":[],"yoast_head":"<!-- This site is optimized with the Yoast SEO plugin v27.4 - https:\/\/yoast.com\/product\/yoast-seo-wordpress\/ -->\n<title>Accueil - Projet \u00e9olien des Epeigners<\/title>\n<meta name=\"robots\" content=\"index, follow, max-snippet:-1, max-image-preview:large, max-video-preview:-1\" \/>\n<link rel=\"canonical\" href=\"https:\/\/www.enertrag.fr\/chezy-en-orxois\/\" \/>\n<meta property=\"og:locale\" content=\"fr_FR\" \/>\n<meta property=\"og:type\" content=\"article\" \/>\n<meta property=\"og:title\" content=\"Accueil - Projet \u00e9olien des Epeigners\" \/>\n<meta property=\"og:description\" content=\"Projet \u00e9olien des Epeigniers https:\/\/www.youtube.com\/watch?v=xDCMhcKs040 Depuis 2021, ENERTRAG s\u2019engage aux c\u00f4t\u00e9s des habitants et des \u00e9lus pour d\u00e9velopper un projet \u00e9olien ambitieux et respectueux du territoire \u00e0 Ch\u00e9zy-en-Orxois. Gr\u00e2ce aux \u00e9tudes approfondies men\u00e9es en 2024 et \u00e0 une concertation active.&nbsp; &nbsp;Les r\u00e9sultats des \u00e9tudes ont permis de d\u00e9finir une premi\u00e8re implantation des \u00e9oliennes, con\u00e7ue pour [&hellip;]\" \/>\n<meta property=\"og:url\" content=\"https:\/\/www.enertrag.fr\/chezy-en-orxois\/\" \/>\n<meta property=\"og:site_name\" content=\"Projet \u00e9olien des Epeigners\" \/>\n<meta property=\"article:modified_time\" content=\"2025-04-09T08:36:40+00:00\" \/>\n<meta name=\"twitter:card\" content=\"summary_large_image\" \/>\n<meta name=\"twitter:label1\" content=\"Dur\u00e9e de lecture estim\u00e9e\" \/>\n\t<meta name=\"twitter:data1\" content=\"1 minute\" \/>\n<script type=\"application\/ld+json\" class=\"yoast-schema-graph\">{\"@context\":\"https:\\\/\\\/schema.org\",\"@graph\":[{\"@type\":\"WebPage\",\"@id\":\"https:\\\/\\\/www.enertrag.fr\\\/chezy-en-orxois\\\/\",\"url\":\"https:\\\/\\\/www.enertrag.fr\\\/chezy-en-orxois\\\/\",\"name\":\"Accueil - Projet \u00e9olien des Epeigners\",\"isPartOf\":{\"@id\":\"https:\\\/\\\/www.enertrag.fr\\\/chezy-en-orxois\\\/#website\"},\"datePublished\":\"2023-01-10T11:26:09+00:00\",\"dateModified\":\"2025-04-09T08:36:40+00:00\",\"breadcrumb\":{\"@id\":\"https:\\\/\\\/www.enertrag.fr\\\/chezy-en-orxois\\\/#breadcrumb\"},\"inLanguage\":\"fr-FR\",\"potentialAction\":[{\"@type\":\"ReadAction\",\"target\":[\"https:\\\/\\\/www.enertrag.fr\\\/chezy-en-orxois\\\/\"]}]},{\"@type\":\"BreadcrumbList\",\"@id\":\"https:\\\/\\\/www.enertrag.fr\\\/chezy-en-orxois\\\/#breadcrumb\",\"itemListElement\":[{\"@type\":\"ListItem\",\"position\":1,\"name\":\"Accueil\",\"item\":\"https:\\\/\\\/www.enertrag.fr\\\/chezy-en-orxois\\\/\"},{\"@type\":\"ListItem\",\"position\":2,\"name\":\"Accueil\"}]},{\"@type\":\"WebSite\",\"@id\":\"https:\\\/\\\/www.enertrag.fr\\\/chezy-en-orxois\\\/#website\",\"url\":\"https:\\\/\\\/www.enertrag.fr\\\/chezy-en-orxois\\\/\",\"name\":\"Projet \u00e9olien des Epeigners\",\"description\":\"\",\"publisher\":{\"@id\":\"https:\\\/\\\/www.enertrag.fr\\\/chezy-en-orxois\\\/#organization\"},\"potentialAction\":[{\"@type\":\"SearchAction\",\"target\":{\"@type\":\"EntryPoint\",\"urlTemplate\":\"https:\\\/\\\/www.enertrag.fr\\\/chezy-en-orxois\\\/?s={search_term_string}\"},\"query-input\":{\"@type\":\"PropertyValueSpecification\",\"valueRequired\":true,\"valueName\":\"search_term_string\"}}],\"inLanguage\":\"fr-FR\"},{\"@type\":\"Organization\",\"@id\":\"https:\\\/\\\/www.enertrag.fr\\\/chezy-en-orxois\\\/#organization\",\"name\":\"Projet \u00e9olien des Epeigners\",\"url\":\"https:\\\/\\\/www.enertrag.fr\\\/chezy-en-orxois\\\/\",\"logo\":{\"@type\":\"ImageObject\",\"inLanguage\":\"fr-FR\",\"@id\":\"https:\\\/\\\/www.enertrag.fr\\\/chezy-en-orxois\\\/#\\\/schema\\\/logo\\\/image\\\/\",\"url\":\"https:\\\/\\\/www.enertrag.fr\\\/chezy-en-orxois\\\/wp-content\\\/uploads\\\/sites\\\/53\\\/2024\\\/06\\\/logo_enertrag_blanc@4x.png\",\"contentUrl\":\"https:\\\/\\\/www.enertrag.fr\\\/chezy-en-orxois\\\/wp-content\\\/uploads\\\/sites\\\/53\\\/2024\\\/06\\\/logo_enertrag_blanc@4x.png\",\"width\":3065,\"height\":801,\"caption\":\"Projet \u00e9olien des Epeigners\"},\"image\":{\"@id\":\"https:\\\/\\\/www.enertrag.fr\\\/chezy-en-orxois\\\/#\\\/schema\\\/logo\\\/image\\\/\"}}]}<\/script>\n<!-- \/ Yoast SEO plugin. -->","yoast_head_json":{"title":"Accueil - Projet \u00e9olien des Epeigners","robots":{"index":"index","follow":"follow","max-snippet":"max-snippet:-1","max-image-preview":"max-image-preview:large","max-video-preview":"max-video-preview:-1"},"canonical":"https:\/\/www.enertrag.fr\/chezy-en-orxois\/","og_locale":"fr_FR","og_type":"article","og_title":"Accueil - Projet \u00e9olien des Epeigners","og_description":"Projet \u00e9olien des Epeigniers https:\/\/www.youtube.com\/watch?v=xDCMhcKs040 Depuis 2021, ENERTRAG s\u2019engage aux c\u00f4t\u00e9s des habitants et des \u00e9lus pour d\u00e9velopper un projet \u00e9olien ambitieux et respectueux du territoire \u00e0 Ch\u00e9zy-en-Orxois. Gr\u00e2ce aux \u00e9tudes approfondies men\u00e9es en 2024 et \u00e0 une concertation active.&nbsp; &nbsp;Les r\u00e9sultats des \u00e9tudes ont permis de d\u00e9finir une premi\u00e8re implantation des \u00e9oliennes, con\u00e7ue pour [&hellip;]","og_url":"https:\/\/www.enertrag.fr\/chezy-en-orxois\/","og_site_name":"Projet \u00e9olien des Epeigners","article_modified_time":"2025-04-09T08:36:40+00:00","twitter_card":"summary_large_image","twitter_misc":{"Dur\u00e9e de lecture estim\u00e9e":"1 minute"},"schema":{"@context":"https:\/\/schema.org","@graph":[{"@type":"WebPage","@id":"https:\/\/www.enertrag.fr\/chezy-en-orxois\/","url":"https:\/\/www.enertrag.fr\/chezy-en-orxois\/","name":"Accueil - Projet \u00e9olien des Epeigners","isPartOf":{"@id":"https:\/\/www.enertrag.fr\/chezy-en-orxois\/#website"},"datePublished":"2023-01-10T11:26:09+00:00","dateModified":"2025-04-09T08:36:40+00:00","breadcrumb":{"@id":"https:\/\/www.enertrag.fr\/chezy-en-orxois\/#breadcrumb"},"inLanguage":"fr-FR","potentialAction":[{"@type":"ReadAction","target":["https:\/\/www.enertrag.fr\/chezy-en-orxois\/"]}]},{"@type":"BreadcrumbList","@id":"https:\/\/www.enertrag.fr\/chezy-en-orxois\/#breadcrumb","itemListElement":[{"@type":"ListItem","position":1,"name":"Accueil","item":"https:\/\/www.enertrag.fr\/chezy-en-orxois\/"},{"@type":"ListItem","position":2,"name":"Accueil"}]},{"@type":"WebSite","@id":"https:\/\/www.enertrag.fr\/chezy-en-orxois\/#website","url":"https:\/\/www.enertrag.fr\/chezy-en-orxois\/","name":"Projet \u00e9olien des Epeigners","description":"","publisher":{"@id":"https:\/\/www.enertrag.fr\/chezy-en-orxois\/#organization"},"potentialAction":[{"@type":"SearchAction","target":{"@type":"EntryPoint","urlTemplate":"https:\/\/www.enertrag.fr\/chezy-en-orxois\/?s={search_term_string}"},"query-input":{"@type":"PropertyValueSpecification","valueRequired":true,"valueName":"search_term_string"}}],"inLanguage":"fr-FR"},{"@type":"Organization","@id":"https:\/\/www.enertrag.fr\/chezy-en-orxois\/#organization","name":"Projet \u00e9olien des Epeigners","url":"https:\/\/www.enertrag.fr\/chezy-en-orxois\/","logo":{"@type":"ImageObject","inLanguage":"fr-FR","@id":"https:\/\/www.enertrag.fr\/chezy-en-orxois\/#\/schema\/logo\/image\/","url":"https:\/\/www.enertrag.fr\/chezy-en-orxois\/wp-content\/uploads\/sites\/53\/2024\/06\/logo_enertrag_blanc@4x.png","contentUrl":"https:\/\/www.enertrag.fr\/chezy-en-orxois\/wp-content\/uploads\/sites\/53\/2024\/06\/logo_enertrag_blanc@4x.png","width":3065,"height":801,"caption":"Projet \u00e9olien des Epeigners"},"image":{"@id":"https:\/\/www.enertrag.fr\/chezy-en-orxois\/#\/schema\/logo\/image\/"}}]}},"_links":{"self":[{"href":"https:\/\/www.enertrag.fr\/chezy-en-orxois\/wp-json\/wp\/v2\/pages\/5","targetHints":{"allow":["GET"]}}],"collection":[{"href":"https:\/\/www.enertrag.fr\/chezy-en-orxois\/wp-json\/wp\/v2\/pages"}],"about":[{"href":"https:\/\/www.enertrag.fr\/chezy-en-orxois\/wp-json\/wp\/v2\/types\/page"}],"author":[{"embeddable":true,"href":"https:\/\/www.enertrag.fr\/chezy-en-orxois\/wp-json\/wp\/v2\/users\/1"}],"replies":[{"embeddable":true,"href":"https:\/\/www.enertrag.fr\/chezy-en-orxois\/wp-json\/wp\/v2\/comments?post=5"}],"version-history":[{"count":0,"href":"https:\/\/www.enertrag.fr\/chezy-en-orxois\/wp-json\/wp\/v2\/pages\/5\/revisions"}],"wp:attachment":[{"href":"https:\/\/www.enertrag.fr\/chezy-en-orxois\/wp-json\/wp\/v2\/media?parent=5"}],"curies":[{"name":"wp","href":"https:\/\/api.w.org\/{rel}","templated":true}]}}