{"id":803,"date":"2023-12-04T11:35:41","date_gmt":"2023-12-04T10:35:41","guid":{"rendered":"https:\/\/www.enertrag.fr\/bagatelle\/?page_id=803"},"modified":"2023-12-04T15:16:40","modified_gmt":"2023-12-04T14:16:40","slug":"financement-participatif","status":"publish","type":"page","link":"https:\/\/www.enertrag.fr\/bagatelle\/financement-participatif\/","title":{"rendered":"LE FINANCEMENT PARTICIPATIF"},"content":{"rendered":"\t\t<div data-elementor-type=\"wp-page\" data-elementor-id=\"803\" class=\"elementor elementor-803\" data-elementor-settings=\"{&quot;ha_cmc_init_switcher&quot;:&quot;no&quot;}\" data-elementor-post-type=\"page\">\n\t\t\t\t\t\t<section class=\"elementor-section elementor-top-section elementor-element elementor-element-751ed69 elementor-section-boxed elementor-section-height-default elementor-section-height-default\" data-id=\"751ed69\" data-element_type=\"section\" data-e-type=\"section\" data-settings=\"{&quot;_ha_eqh_enable&quot;:false}\">\n\t\t\t\t\t\t<div class=\"elementor-container elementor-column-gap-default\">\n\t\t\t\t\t<div class=\"elementor-column elementor-col-100 elementor-top-column elementor-element elementor-element-2073217\" data-id=\"2073217\" data-element_type=\"column\" data-e-type=\"column\">\n\t\t\t<div class=\"elementor-widget-wrap elementor-element-populated\">\n\t\t\t\t\t\t<div class=\"elementor-element elementor-element-203c53f elementor-widget elementor-widget-heading\" data-id=\"203c53f\" data-element_type=\"widget\" data-e-type=\"widget\" data-widget_type=\"heading.default\">\n\t\t\t\t<div class=\"elementor-widget-container\">\n\t\t\t\t\t<h1 class=\"elementor-heading-title elementor-size-default\">Le financement participatif<\/h1>\t\t\t\t<\/div>\n\t\t\t\t<\/div>\n\t\t\t\t\t<\/div>\n\t\t<\/div>\n\t\t\t\t\t<\/div>\n\t\t<\/section>\n\t\t\t\t<section class=\"elementor-section elementor-top-section elementor-element elementor-element-b80a461 elementor-section-boxed elementor-section-height-default elementor-section-height-default\" data-id=\"b80a461\" data-element_type=\"section\" data-e-type=\"section\" data-settings=\"{&quot;_ha_eqh_enable&quot;:false}\">\n\t\t\t\t\t\t<div class=\"elementor-container elementor-column-gap-default\">\n\t\t\t\t\t<div class=\"elementor-column elementor-col-100 elementor-top-column elementor-element elementor-element-6ed75cd\" data-id=\"6ed75cd\" data-element_type=\"column\" data-e-type=\"column\">\n\t\t\t<div class=\"elementor-widget-wrap elementor-element-populated\">\n\t\t\t\t\t\t<div class=\"elementor-element elementor-element-d863d4a elementor-widget elementor-widget-image\" data-id=\"d863d4a\" data-element_type=\"widget\" data-e-type=\"widget\" data-widget_type=\"image.default\">\n\t\t\t\t<div class=\"elementor-widget-container\">\n\t\t\t\t\t\t\t\t\t\t\t\t\t\t\t<img fetchpriority=\"high\" decoding=\"async\" width=\"2560\" height=\"553\" src=\"https:\/\/www.enertrag.fr\/bagatelle\/wp-content\/uploads\/sites\/39\/2023\/11\/Bandeau-projet-BO-BPjpg-scaled.jpg\" class=\"attachment-full size-full wp-image-764\" alt=\"\" srcset=\"https:\/\/www.enertrag.fr\/bagatelle\/wp-content\/uploads\/sites\/39\/2023\/11\/Bandeau-projet-BO-BPjpg-scaled.jpg 2560w, https:\/\/www.enertrag.fr\/bagatelle\/wp-content\/uploads\/sites\/39\/2023\/11\/Bandeau-projet-BO-BPjpg-300x65.jpg 300w, https:\/\/www.enertrag.fr\/bagatelle\/wp-content\/uploads\/sites\/39\/2023\/11\/Bandeau-projet-BO-BPjpg-1024x221.jpg 1024w, https:\/\/www.enertrag.fr\/bagatelle\/wp-content\/uploads\/sites\/39\/2023\/11\/Bandeau-projet-BO-BPjpg-768x166.jpg 768w, https:\/\/www.enertrag.fr\/bagatelle\/wp-content\/uploads\/sites\/39\/2023\/11\/Bandeau-projet-BO-BPjpg-1536x332.jpg 1536w, https:\/\/www.enertrag.fr\/bagatelle\/wp-content\/uploads\/sites\/39\/2023\/11\/Bandeau-projet-BO-BPjpg-2048x443.jpg 2048w\" sizes=\"(max-width: 2560px) 100vw, 2560px\" \/>\t\t\t\t\t\t\t\t\t\t\t\t\t\t\t<\/div>\n\t\t\t\t<\/div>\n\t\t\t\t\t<\/div>\n\t\t<\/div>\n\t\t\t\t\t<\/div>\n\t\t<\/section>\n\t\t\t\t<section class=\"elementor-section elementor-top-section elementor-element elementor-element-cf2e6d2 elementor-section-boxed elementor-section-height-default elementor-section-height-default\" data-id=\"cf2e6d2\" data-element_type=\"section\" data-e-type=\"section\" data-settings=\"{&quot;_ha_eqh_enable&quot;:false}\">\n\t\t\t\t\t\t<div class=\"elementor-container elementor-column-gap-default\">\n\t\t\t\t\t<div class=\"elementor-column elementor-col-66 elementor-top-column elementor-element elementor-element-8f7c729\" data-id=\"8f7c729\" data-element_type=\"column\" data-e-type=\"column\">\n\t\t\t<div class=\"elementor-widget-wrap elementor-element-populated\">\n\t\t\t\t\t\t<div class=\"elementor-element elementor-element-5a3786e elementor-widget elementor-widget-text-editor\" data-id=\"5a3786e\" data-element_type=\"widget\" data-e-type=\"widget\" data-widget_type=\"text-editor.default\">\n\t\t\t\t<div class=\"elementor-widget-container\">\n\t\t\t\t\t\t\t\t\t<h2 lang=\"fr-FR\">C&rsquo;est quoi ?<\/h2><p>Le financement participatif, ou crowdfunding, est un \u00e9change de fonds entre individus en dehors des circuits financiers institutionnels, afin de financer un projet via une plateforme en ligne.<\/p><p>\u00a0*Source : (<a style=\"font-family: var( --e-global-typography-text-font-family ), Sans-serif; background-color: #ffffff;\" href=\"https:\/\/www.economie.gouv.fr\/cedef\/financement-participatif\">Qu&rsquo;est-ce que le financement participatif ? | economie.gouv.fr<\/a><\/p>\t\t\t\t\t\t\t\t<\/div>\n\t\t\t\t<\/div>\n\t\t\t\t\t<\/div>\n\t\t<\/div>\n\t\t\t\t<div class=\"elementor-column elementor-col-33 elementor-top-column elementor-element elementor-element-c67b3bf\" data-id=\"c67b3bf\" data-element_type=\"column\" data-e-type=\"column\">\n\t\t\t<div class=\"elementor-widget-wrap elementor-element-populated\">\n\t\t\t\t\t\t<div class=\"elementor-element elementor-element-1cfce40 elementor-widget__width-initial elementor-widget elementor-widget-image\" data-id=\"1cfce40\" data-element_type=\"widget\" data-e-type=\"widget\" data-widget_type=\"image.default\">\n\t\t\t\t<div class=\"elementor-widget-container\">\n\t\t\t\t\t\t\t\t\t\t\t\t\t\t\t<img decoding=\"async\" width=\"318\" height=\"159\" src=\"https:\/\/www.enertrag.fr\/bagatelle\/wp-content\/uploads\/sites\/39\/2023\/12\/Logo-Lendosphere.png\" class=\"attachment-large size-large wp-image-830\" alt=\"\" srcset=\"https:\/\/www.enertrag.fr\/bagatelle\/wp-content\/uploads\/sites\/39\/2023\/12\/Logo-Lendosphere.png 318w, https:\/\/www.enertrag.fr\/bagatelle\/wp-content\/uploads\/sites\/39\/2023\/12\/Logo-Lendosphere-300x150.png 300w\" sizes=\"(max-width: 318px) 100vw, 318px\" \/>\t\t\t\t\t\t\t\t\t\t\t\t\t\t\t<\/div>\n\t\t\t\t<\/div>\n\t\t\t\t<div class=\"elementor-element elementor-element-5d1b662 elementor-widget elementor-widget-text-editor\" data-id=\"5d1b662\" data-element_type=\"widget\" data-e-type=\"widget\" data-widget_type=\"text-editor.default\">\n\t\t\t\t<div class=\"elementor-widget-container\">\n\t\t\t\t\t\t\t\t\t<p lang=\"fr-FR\">Pour mener \u00e0 bien ce projet de financement participatif, ENERTRAG a choisi de collaborer avec la plateforme<a href=\"https:\/\/www.lendosphere.com\/\"> Lendosph\u00e8re.<\/a><\/p>\t\t\t\t\t\t\t\t<\/div>\n\t\t\t\t<\/div>\n\t\t\t\t\t<\/div>\n\t\t<\/div>\n\t\t\t\t\t<\/div>\n\t\t<\/section>\n\t\t\t\t<section class=\"elementor-section elementor-top-section elementor-element elementor-element-486801d elementor-section-boxed elementor-section-height-default elementor-section-height-default\" data-id=\"486801d\" data-element_type=\"section\" data-e-type=\"section\" data-settings=\"{&quot;_ha_eqh_enable&quot;:false}\">\n\t\t\t\t\t\t<div class=\"elementor-container elementor-column-gap-default\">\n\t\t\t\t\t<div class=\"elementor-column elementor-col-100 elementor-top-column elementor-element elementor-element-8e8aef3\" data-id=\"8e8aef3\" data-element_type=\"column\" data-e-type=\"column\">\n\t\t\t<div class=\"elementor-widget-wrap elementor-element-populated\">\n\t\t\t\t\t\t<div class=\"elementor-element elementor-element-8a9eaf0 elementor-widget elementor-widget-text-editor\" data-id=\"8a9eaf0\" data-element_type=\"widget\" data-e-type=\"widget\" data-widget_type=\"text-editor.default\">\n\t\t\t\t<div class=\"elementor-widget-container\">\n\t\t\t\t\t\t\t\t\t<h2 lang=\"fr-FR\">Pourquoi investir dans un projet d&rsquo;\u00e9nergies renouvelables ?<\/h2><p>Soutenir le d\u00e9veloppement d&rsquo;\u00e9nergies renouvelables sert principalement \u00e0 :<\/p><ul><li>Valoriser les ressources \u00e9conomiques et \u00e9nerg\u00e9tiques des territoires<\/li><li>Promouvoir une dynamique collective de transition \u00e9nerg\u00e9tique dans laquelle les habitantes et les habitants s&rsquo;expriment et participent aux prises de d\u00e9cision\u00a0<\/li><li>Renforcer l&rsquo;int\u00e9gration locale des projets d&rsquo;\u00e9nergies renouvelables<\/li><li>Participer \u00e0 un projet qui a du sens pour le territoire<\/li><li>Maintenir et cr\u00e9er des emplois<\/li><li>D\u00e9velopper de nouvelles comp\u00e9tences sur le territoire<\/li><\/ul>\t\t\t\t\t\t\t\t<\/div>\n\t\t\t\t<\/div>\n\t\t\t\t\t<\/div>\n\t\t<\/div>\n\t\t\t\t\t<\/div>\n\t\t<\/section>\n\t\t\t\t<section class=\"elementor-section elementor-top-section elementor-element elementor-element-698604a elementor-section-boxed elementor-section-height-default elementor-section-height-default\" data-id=\"698604a\" data-element_type=\"section\" data-e-type=\"section\" data-settings=\"{&quot;_ha_eqh_enable&quot;:false}\">\n\t\t\t\t\t\t<div class=\"elementor-container elementor-column-gap-default\">\n\t\t\t\t\t<div class=\"elementor-column elementor-col-100 elementor-top-column elementor-element elementor-element-be95471\" data-id=\"be95471\" data-element_type=\"column\" data-e-type=\"column\">\n\t\t\t<div class=\"elementor-widget-wrap elementor-element-populated\">\n\t\t\t\t\t\t<div class=\"elementor-element elementor-element-daaec0d elementor-widget elementor-widget-image\" data-id=\"daaec0d\" data-element_type=\"widget\" data-e-type=\"widget\" data-widget_type=\"image.default\">\n\t\t\t\t<div class=\"elementor-widget-container\">\n\t\t\t\t\t\t\t\t\t\t\t\t\t\t\t<img decoding=\"async\" width=\"2560\" height=\"886\" src=\"https:\/\/www.enertrag.fr\/bagatelle\/wp-content\/uploads\/sites\/39\/2023\/12\/Photomontage-scaled.jpg\" class=\"attachment-full size-full wp-image-911\" alt=\"\" srcset=\"https:\/\/www.enertrag.fr\/bagatelle\/wp-content\/uploads\/sites\/39\/2023\/12\/Photomontage-scaled.jpg 2560w, https:\/\/www.enertrag.fr\/bagatelle\/wp-content\/uploads\/sites\/39\/2023\/12\/Photomontage-300x104.jpg 300w, https:\/\/www.enertrag.fr\/bagatelle\/wp-content\/uploads\/sites\/39\/2023\/12\/Photomontage-1024x354.jpg 1024w, https:\/\/www.enertrag.fr\/bagatelle\/wp-content\/uploads\/sites\/39\/2023\/12\/Photomontage-768x266.jpg 768w, https:\/\/www.enertrag.fr\/bagatelle\/wp-content\/uploads\/sites\/39\/2023\/12\/Photomontage-1536x531.jpg 1536w, https:\/\/www.enertrag.fr\/bagatelle\/wp-content\/uploads\/sites\/39\/2023\/12\/Photomontage-2048x709.jpg 2048w\" sizes=\"(max-width: 2560px) 100vw, 2560px\" \/>\t\t\t\t\t\t\t\t\t\t\t\t\t\t\t<\/div>\n\t\t\t\t<\/div>\n\t\t\t\t<div class=\"elementor-element elementor-element-9fbed29 elementor-widget elementor-widget-text-editor\" data-id=\"9fbed29\" data-element_type=\"widget\" data-e-type=\"widget\" data-widget_type=\"text-editor.default\">\n\t\t\t\t<div class=\"elementor-widget-container\">\n\t\t\t\t\t\t\t\t\t<p lang=\"fr-FR\">Photomontage du projet<\/p>\t\t\t\t\t\t\t\t<\/div>\n\t\t\t\t<\/div>\n\t\t\t\t\t<\/div>\n\t\t<\/div>\n\t\t\t\t\t<\/div>\n\t\t<\/section>\n\t\t\t\t<\/div>\n\t\t","protected":false},"excerpt":{"rendered":"<p>Le financement participatif C&rsquo;est quoi ? Le financement participatif, ou crowdfunding, est un \u00e9change de fonds entre individus en dehors des circuits financiers institutionnels, afin de financer un projet via une plateforme en ligne. \u00a0*Source : (Qu&rsquo;est-ce que le financement participatif ? | economie.gouv.fr Pour mener \u00e0 bien ce projet de financement participatif, ENERTRAG a [&hellip;]<\/p>\n","protected":false},"author":1,"featured_media":0,"parent":0,"menu_order":0,"comment_status":"closed","ping_status":"closed","template":"","meta":{"_acf_changed":false,"footnotes":""},"class_list":["post-803","page","type-page","status-publish","hentry"],"acf":[],"yoast_head":"<!-- This site is optimized with the Yoast SEO plugin v27.5 - https:\/\/yoast.com\/product\/yoast-seo-wordpress\/ -->\n<title>LE FINANCEMENT PARTICIPATIF - Projet photovolta\u00efque au sol de Bagatelle<\/title>\n<meta name=\"robots\" content=\"index, follow, max-snippet:-1, max-image-preview:large, max-video-preview:-1\" \/>\n<link rel=\"canonical\" href=\"https:\/\/www.enertrag.fr\/bagatelle\/financement-participatif\/\" \/>\n<meta property=\"og:locale\" content=\"fr_FR\" \/>\n<meta property=\"og:type\" content=\"article\" \/>\n<meta property=\"og:title\" content=\"LE FINANCEMENT PARTICIPATIF - Projet photovolta\u00efque au sol de Bagatelle\" \/>\n<meta property=\"og:description\" content=\"Le financement participatif C&rsquo;est quoi ? Le financement participatif, ou crowdfunding, est un \u00e9change de fonds entre individus en dehors des circuits financiers institutionnels, afin de financer un projet via une plateforme en ligne. \u00a0*Source : (Qu&rsquo;est-ce que le financement participatif ? | economie.gouv.fr Pour mener \u00e0 bien ce projet de financement participatif, ENERTRAG a [&hellip;]\" \/>\n<meta property=\"og:url\" content=\"https:\/\/www.enertrag.fr\/bagatelle\/financement-participatif\/\" \/>\n<meta property=\"og:site_name\" content=\"Projet photovolta\u00efque au sol de Bagatelle\" \/>\n<meta property=\"article:modified_time\" content=\"2023-12-04T14:16:40+00:00\" \/>\n<meta property=\"og:image\" content=\"https:\/\/www.enertrag.fr\/bagatelle\/wp-content\/uploads\/sites\/39\/2023\/11\/Bandeau-projet-BO-BPjpg-scaled.jpg\" \/>\n<meta name=\"twitter:card\" content=\"summary_large_image\" \/>\n<meta name=\"twitter:label1\" content=\"Dur\u00e9e de lecture estim\u00e9e\" \/>\n\t<meta name=\"twitter:data1\" content=\"2 minutes\" \/>\n<script type=\"application\/ld+json\" class=\"yoast-schema-graph\">{\"@context\":\"https:\\\/\\\/schema.org\",\"@graph\":[{\"@type\":\"WebPage\",\"@id\":\"https:\\\/\\\/www.enertrag.fr\\\/bagatelle\\\/financement-participatif\\\/\",\"url\":\"https:\\\/\\\/www.enertrag.fr\\\/bagatelle\\\/financement-participatif\\\/\",\"name\":\"LE FINANCEMENT PARTICIPATIF - Projet photovolta\u00efque au sol de Bagatelle\",\"isPartOf\":{\"@id\":\"https:\\\/\\\/www.enertrag.fr\\\/bagatelle\\\/#website\"},\"primaryImageOfPage\":{\"@id\":\"https:\\\/\\\/www.enertrag.fr\\\/bagatelle\\\/financement-participatif\\\/#primaryimage\"},\"image\":{\"@id\":\"https:\\\/\\\/www.enertrag.fr\\\/bagatelle\\\/financement-participatif\\\/#primaryimage\"},\"thumbnailUrl\":\"https:\\\/\\\/www.enertrag.fr\\\/bagatelle\\\/wp-content\\\/uploads\\\/sites\\\/39\\\/2023\\\/11\\\/Bandeau-projet-BO-BPjpg-scaled.jpg\",\"datePublished\":\"2023-12-04T10:35:41+00:00\",\"dateModified\":\"2023-12-04T14:16:40+00:00\",\"breadcrumb\":{\"@id\":\"https:\\\/\\\/www.enertrag.fr\\\/bagatelle\\\/financement-participatif\\\/#breadcrumb\"},\"inLanguage\":\"fr-FR\",\"potentialAction\":[{\"@type\":\"ReadAction\",\"target\":[\"https:\\\/\\\/www.enertrag.fr\\\/bagatelle\\\/financement-participatif\\\/\"]}]},{\"@type\":\"ImageObject\",\"inLanguage\":\"fr-FR\",\"@id\":\"https:\\\/\\\/www.enertrag.fr\\\/bagatelle\\\/financement-participatif\\\/#primaryimage\",\"url\":\"https:\\\/\\\/www.enertrag.fr\\\/bagatelle\\\/wp-content\\\/uploads\\\/sites\\\/39\\\/2023\\\/11\\\/Bandeau-projet-BO-BPjpg-scaled.jpg\",\"contentUrl\":\"https:\\\/\\\/www.enertrag.fr\\\/bagatelle\\\/wp-content\\\/uploads\\\/sites\\\/39\\\/2023\\\/11\\\/Bandeau-projet-BO-BPjpg-scaled.jpg\",\"width\":2560,\"height\":553},{\"@type\":\"BreadcrumbList\",\"@id\":\"https:\\\/\\\/www.enertrag.fr\\\/bagatelle\\\/financement-participatif\\\/#breadcrumb\",\"itemListElement\":[{\"@type\":\"ListItem\",\"position\":1,\"name\":\"Accueil\",\"item\":\"https:\\\/\\\/www.enertrag.fr\\\/bagatelle\\\/\"},{\"@type\":\"ListItem\",\"position\":2,\"name\":\"LE FINANCEMENT PARTICIPATIF\"}]},{\"@type\":\"WebSite\",\"@id\":\"https:\\\/\\\/www.enertrag.fr\\\/bagatelle\\\/#website\",\"url\":\"https:\\\/\\\/www.enertrag.fr\\\/bagatelle\\\/\",\"name\":\"Projet photovolta\u00efque au sol de Bagatelle\",\"description\":\"\",\"publisher\":{\"@id\":\"https:\\\/\\\/www.enertrag.fr\\\/bagatelle\\\/#organization\"},\"potentialAction\":[{\"@type\":\"SearchAction\",\"target\":{\"@type\":\"EntryPoint\",\"urlTemplate\":\"https:\\\/\\\/www.enertrag.fr\\\/bagatelle\\\/?s={search_term_string}\"},\"query-input\":{\"@type\":\"PropertyValueSpecification\",\"valueRequired\":true,\"valueName\":\"search_term_string\"}}],\"inLanguage\":\"fr-FR\"},{\"@type\":\"Organization\",\"@id\":\"https:\\\/\\\/www.enertrag.fr\\\/bagatelle\\\/#organization\",\"name\":\"Projet photovolta\u00efque au sol de Bagatelle\",\"url\":\"https:\\\/\\\/www.enertrag.fr\\\/bagatelle\\\/\",\"logo\":{\"@type\":\"ImageObject\",\"inLanguage\":\"fr-FR\",\"@id\":\"https:\\\/\\\/www.enertrag.fr\\\/bagatelle\\\/#\\\/schema\\\/logo\\\/image\\\/\",\"url\":\"https:\\\/\\\/www.enertrag.fr\\\/bagatelle\\\/wp-content\\\/uploads\\\/sites\\\/39\\\/2023\\\/01\\\/ENERTRAG_Logo.png\",\"contentUrl\":\"https:\\\/\\\/www.enertrag.fr\\\/bagatelle\\\/wp-content\\\/uploads\\\/sites\\\/39\\\/2023\\\/01\\\/ENERTRAG_Logo.png\",\"width\":500,\"height\":161,\"caption\":\"Projet photovolta\u00efque au sol de Bagatelle\"},\"image\":{\"@id\":\"https:\\\/\\\/www.enertrag.fr\\\/bagatelle\\\/#\\\/schema\\\/logo\\\/image\\\/\"}}]}<\/script>\n<!-- \/ Yoast SEO plugin. -->","yoast_head_json":{"title":"LE FINANCEMENT PARTICIPATIF - Projet photovolta\u00efque au sol de Bagatelle","robots":{"index":"index","follow":"follow","max-snippet":"max-snippet:-1","max-image-preview":"max-image-preview:large","max-video-preview":"max-video-preview:-1"},"canonical":"https:\/\/www.enertrag.fr\/bagatelle\/financement-participatif\/","og_locale":"fr_FR","og_type":"article","og_title":"LE FINANCEMENT PARTICIPATIF - Projet photovolta\u00efque au sol de Bagatelle","og_description":"Le financement participatif C&rsquo;est quoi ? Le financement participatif, ou crowdfunding, est un \u00e9change de fonds entre individus en dehors des circuits financiers institutionnels, afin de financer un projet via une plateforme en ligne. \u00a0*Source : (Qu&rsquo;est-ce que le financement participatif ? | economie.gouv.fr Pour mener \u00e0 bien ce projet de financement participatif, ENERTRAG a [&hellip;]","og_url":"https:\/\/www.enertrag.fr\/bagatelle\/financement-participatif\/","og_site_name":"Projet photovolta\u00efque au sol de Bagatelle","article_modified_time":"2023-12-04T14:16:40+00:00","og_image":[{"url":"https:\/\/www.enertrag.fr\/bagatelle\/wp-content\/uploads\/sites\/39\/2023\/11\/Bandeau-projet-BO-BPjpg-scaled.jpg","type":"","width":"","height":""}],"twitter_card":"summary_large_image","twitter_misc":{"Dur\u00e9e de lecture estim\u00e9e":"2 minutes"},"schema":{"@context":"https:\/\/schema.org","@graph":[{"@type":"WebPage","@id":"https:\/\/www.enertrag.fr\/bagatelle\/financement-participatif\/","url":"https:\/\/www.enertrag.fr\/bagatelle\/financement-participatif\/","name":"LE FINANCEMENT PARTICIPATIF - Projet photovolta\u00efque au sol de Bagatelle","isPartOf":{"@id":"https:\/\/www.enertrag.fr\/bagatelle\/#website"},"primaryImageOfPage":{"@id":"https:\/\/www.enertrag.fr\/bagatelle\/financement-participatif\/#primaryimage"},"image":{"@id":"https:\/\/www.enertrag.fr\/bagatelle\/financement-participatif\/#primaryimage"},"thumbnailUrl":"https:\/\/www.enertrag.fr\/bagatelle\/wp-content\/uploads\/sites\/39\/2023\/11\/Bandeau-projet-BO-BPjpg-scaled.jpg","datePublished":"2023-12-04T10:35:41+00:00","dateModified":"2023-12-04T14:16:40+00:00","breadcrumb":{"@id":"https:\/\/www.enertrag.fr\/bagatelle\/financement-participatif\/#breadcrumb"},"inLanguage":"fr-FR","potentialAction":[{"@type":"ReadAction","target":["https:\/\/www.enertrag.fr\/bagatelle\/financement-participatif\/"]}]},{"@type":"ImageObject","inLanguage":"fr-FR","@id":"https:\/\/www.enertrag.fr\/bagatelle\/financement-participatif\/#primaryimage","url":"https:\/\/www.enertrag.fr\/bagatelle\/wp-content\/uploads\/sites\/39\/2023\/11\/Bandeau-projet-BO-BPjpg-scaled.jpg","contentUrl":"https:\/\/www.enertrag.fr\/bagatelle\/wp-content\/uploads\/sites\/39\/2023\/11\/Bandeau-projet-BO-BPjpg-scaled.jpg","width":2560,"height":553},{"@type":"BreadcrumbList","@id":"https:\/\/www.enertrag.fr\/bagatelle\/financement-participatif\/#breadcrumb","itemListElement":[{"@type":"ListItem","position":1,"name":"Accueil","item":"https:\/\/www.enertrag.fr\/bagatelle\/"},{"@type":"ListItem","position":2,"name":"LE FINANCEMENT PARTICIPATIF"}]},{"@type":"WebSite","@id":"https:\/\/www.enertrag.fr\/bagatelle\/#website","url":"https:\/\/www.enertrag.fr\/bagatelle\/","name":"Projet photovolta\u00efque au sol de Bagatelle","description":"","publisher":{"@id":"https:\/\/www.enertrag.fr\/bagatelle\/#organization"},"potentialAction":[{"@type":"SearchAction","target":{"@type":"EntryPoint","urlTemplate":"https:\/\/www.enertrag.fr\/bagatelle\/?s={search_term_string}"},"query-input":{"@type":"PropertyValueSpecification","valueRequired":true,"valueName":"search_term_string"}}],"inLanguage":"fr-FR"},{"@type":"Organization","@id":"https:\/\/www.enertrag.fr\/bagatelle\/#organization","name":"Projet photovolta\u00efque au sol de Bagatelle","url":"https:\/\/www.enertrag.fr\/bagatelle\/","logo":{"@type":"ImageObject","inLanguage":"fr-FR","@id":"https:\/\/www.enertrag.fr\/bagatelle\/#\/schema\/logo\/image\/","url":"https:\/\/www.enertrag.fr\/bagatelle\/wp-content\/uploads\/sites\/39\/2023\/01\/ENERTRAG_Logo.png","contentUrl":"https:\/\/www.enertrag.fr\/bagatelle\/wp-content\/uploads\/sites\/39\/2023\/01\/ENERTRAG_Logo.png","width":500,"height":161,"caption":"Projet photovolta\u00efque au sol de Bagatelle"},"image":{"@id":"https:\/\/www.enertrag.fr\/bagatelle\/#\/schema\/logo\/image\/"}}]}},"_links":{"self":[{"href":"https:\/\/www.enertrag.fr\/bagatelle\/wp-json\/wp\/v2\/pages\/803","targetHints":{"allow":["GET"]}}],"collection":[{"href":"https:\/\/www.enertrag.fr\/bagatelle\/wp-json\/wp\/v2\/pages"}],"about":[{"href":"https:\/\/www.enertrag.fr\/bagatelle\/wp-json\/wp\/v2\/types\/page"}],"author":[{"embeddable":true,"href":"https:\/\/www.enertrag.fr\/bagatelle\/wp-json\/wp\/v2\/users\/1"}],"replies":[{"embeddable":true,"href":"https:\/\/www.enertrag.fr\/bagatelle\/wp-json\/wp\/v2\/comments?post=803"}],"version-history":[{"count":0,"href":"https:\/\/www.enertrag.fr\/bagatelle\/wp-json\/wp\/v2\/pages\/803\/revisions"}],"wp:attachment":[{"href":"https:\/\/www.enertrag.fr\/bagatelle\/wp-json\/wp\/v2\/media?parent=803"}],"curies":[{"name":"wp","href":"https:\/\/api.w.org\/{rel}","templated":true}]}}