{"id":5,"date":"2023-01-10T12:26:09","date_gmt":"2023-01-10T11:26:09","guid":{"rendered":"http:\/\/dev.parcs-eoliens-enertrag.fr\/testy\/?page_id=5"},"modified":"2023-12-14T16:50:05","modified_gmt":"2023-12-14T15:50:05","slug":"attente","status":"publish","type":"page","link":"https:\/\/www.enertrag.fr\/bagatelle\/","title":{"rendered":"Accueil"},"content":{"rendered":"\t\t<div data-elementor-type=\"wp-page\" data-elementor-id=\"5\" class=\"elementor elementor-5\" data-elementor-settings=\"{&quot;ha_cmc_init_switcher&quot;:&quot;no&quot;}\" data-elementor-post-type=\"page\">\n\t\t\t\t\t\t<section class=\"elementor-section elementor-top-section elementor-element elementor-element-3a95a101 elementor-section-boxed elementor-section-height-default elementor-section-height-default\" data-id=\"3a95a101\" data-element_type=\"section\" data-e-type=\"section\" data-settings=\"{&quot;background_background&quot;:&quot;classic&quot;,&quot;_ha_eqh_enable&quot;:false}\">\n\t\t\t\t\t\t<div class=\"elementor-container elementor-column-gap-default\">\n\t\t\t\t\t<div class=\"elementor-column elementor-col-100 elementor-top-column elementor-element elementor-element-745acc87\" data-id=\"745acc87\" data-element_type=\"column\" data-e-type=\"column\">\n\t\t\t<div class=\"elementor-widget-wrap elementor-element-populated\">\n\t\t\t\t\t\t<div class=\"elementor-element elementor-element-0143a0d elementor-widget elementor-widget-text-editor\" data-id=\"0143a0d\" data-element_type=\"widget\" data-e-type=\"widget\" id=\"bandeau_h1\" data-widget_type=\"text-editor.default\">\n\t\t\t\t<div class=\"elementor-widget-container\">\n\t\t\t\t\t\t\t\t\t<h1><span>\nPROJET PHOTOVOLTA\u00cfQUE\nAU SOL<\/span> DE BAGATELLE<\/h1\t\t\t\t\t\t\t\t<\/div>\n\t\t\t\t<\/div>\n\t\t\t\t\t<\/div>\n\t\t<\/div>\n\t\t\t\t\t<\/div>\n\t\t<\/section>\n\t\t\t\t<section class=\"elementor-section elementor-top-section elementor-element elementor-element-5fab407e elementor-section-full_width elementor-section-stretched elementor-section-height-default elementor-section-height-default\" data-id=\"5fab407e\" data-element_type=\"section\" data-e-type=\"section\" data-settings=\"{&quot;stretch_section&quot;:&quot;section-stretched&quot;,&quot;_ha_eqh_enable&quot;:false}\">\n\t\t\t\t\t\t<div class=\"elementor-container elementor-column-gap-default\">\n\t\t\t\t\t<div class=\"elementor-column elementor-col-100 elementor-top-column elementor-element elementor-element-7399a403\" data-id=\"7399a403\" data-element_type=\"column\" data-e-type=\"column\">\n\t\t\t<div class=\"elementor-widget-wrap elementor-element-populated\">\n\t\t\t\t\t\t<div class=\"elementor-element elementor-element-4ed70727 elementor-widget elementor-widget-image\" data-id=\"4ed70727\" data-element_type=\"widget\" data-e-type=\"widget\" data-widget_type=\"image.default\">\n\t\t\t\t<div class=\"elementor-widget-container\">\n\t\t\t\t\t\t\t\t\t\t\t\t\t\t\t<img fetchpriority=\"high\" decoding=\"async\" width=\"2560\" height=\"553\" src=\"https:\/\/www.enertrag.fr\/bagatelle\/wp-content\/uploads\/sites\/39\/2023\/11\/Bandeau-BO-BP-scaled.jpg\" class=\"attachment-full size-full wp-image-753\" alt=\"\" srcset=\"https:\/\/www.enertrag.fr\/bagatelle\/wp-content\/uploads\/sites\/39\/2023\/11\/Bandeau-BO-BP-scaled.jpg 2560w, https:\/\/www.enertrag.fr\/bagatelle\/wp-content\/uploads\/sites\/39\/2023\/11\/Bandeau-BO-BP-300x65.jpg 300w, https:\/\/www.enertrag.fr\/bagatelle\/wp-content\/uploads\/sites\/39\/2023\/11\/Bandeau-BO-BP-1024x221.jpg 1024w, https:\/\/www.enertrag.fr\/bagatelle\/wp-content\/uploads\/sites\/39\/2023\/11\/Bandeau-BO-BP-768x166.jpg 768w, https:\/\/www.enertrag.fr\/bagatelle\/wp-content\/uploads\/sites\/39\/2023\/11\/Bandeau-BO-BP-1536x332.jpg 1536w, https:\/\/www.enertrag.fr\/bagatelle\/wp-content\/uploads\/sites\/39\/2023\/11\/Bandeau-BO-BP-2048x443.jpg 2048w\" sizes=\"(max-width: 2560px) 100vw, 2560px\" \/>\t\t\t\t\t\t\t\t\t\t\t\t\t\t\t<\/div>\n\t\t\t\t<\/div>\n\t\t\t\t\t<\/div>\n\t\t<\/div>\n\t\t\t\t\t<\/div>\n\t\t<\/section>\n\t\t\t\t<section class=\"elementor-section elementor-top-section elementor-element elementor-element-df630c5 elementor-section-boxed elementor-section-height-default elementor-section-height-default\" data-id=\"df630c5\" data-element_type=\"section\" data-e-type=\"section\" data-settings=\"{&quot;_ha_eqh_enable&quot;:false}\">\n\t\t\t\t\t\t<div class=\"elementor-container elementor-column-gap-default\">\n\t\t\t\t\t\t<\/div>\n\t\t<\/section>\n\t\t\t\t<section class=\"elementor-section elementor-top-section elementor-element elementor-element-5449e59 elementor-section-boxed elementor-section-height-default elementor-section-height-default\" data-id=\"5449e59\" data-element_type=\"section\" data-e-type=\"section\" data-settings=\"{&quot;_ha_eqh_enable&quot;:false}\">\n\t\t\t\t\t\t<div class=\"elementor-container elementor-column-gap-default\">\n\t\t\t\t\t<div class=\"elementor-column elementor-col-33 elementor-top-column elementor-element elementor-element-ce859f7\" data-id=\"ce859f7\" data-element_type=\"column\" data-e-type=\"column\">\n\t\t\t<div class=\"elementor-widget-wrap elementor-element-populated\">\n\t\t\t\t\t\t<div class=\"elementor-element elementor-element-fbf4f8d elementor-widget__width-initial elementor-widget elementor-widget-image\" data-id=\"fbf4f8d\" data-element_type=\"widget\" data-e-type=\"widget\" data-widget_type=\"image.default\">\n\t\t\t\t<div class=\"elementor-widget-container\">\n\t\t\t\t\t\t\t\t\t\t\t\t\t\t\t<img decoding=\"async\" width=\"768\" height=\"768\" src=\"https:\/\/www.enertrag.fr\/bagatelle\/wp-content\/uploads\/sites\/39\/2023\/07\/Illustration-2023-07-768x768.png\" class=\"attachment-medium_large size-medium_large wp-image-593\" alt=\"\" srcset=\"https:\/\/www.enertrag.fr\/bagatelle\/wp-content\/uploads\/sites\/39\/2023\/07\/Illustration-2023-07-768x768.png 768w, https:\/\/www.enertrag.fr\/bagatelle\/wp-content\/uploads\/sites\/39\/2023\/07\/Illustration-2023-07-300x300.png 300w, https:\/\/www.enertrag.fr\/bagatelle\/wp-content\/uploads\/sites\/39\/2023\/07\/Illustration-2023-07-1024x1024.png 1024w, https:\/\/www.enertrag.fr\/bagatelle\/wp-content\/uploads\/sites\/39\/2023\/07\/Illustration-2023-07-150x150.png 150w, https:\/\/www.enertrag.fr\/bagatelle\/wp-content\/uploads\/sites\/39\/2023\/07\/Illustration-2023-07-1536x1536.png 1536w, https:\/\/www.enertrag.fr\/bagatelle\/wp-content\/uploads\/sites\/39\/2023\/07\/Illustration-2023-07.png 2000w\" sizes=\"(max-width: 768px) 100vw, 768px\" \/>\t\t\t\t\t\t\t\t\t\t\t\t\t\t\t<\/div>\n\t\t\t\t<\/div>\n\t\t\t\t\t<\/div>\n\t\t<\/div>\n\t\t\t\t<div class=\"elementor-column elementor-col-66 elementor-top-column elementor-element elementor-element-a461995\" data-id=\"a461995\" data-element_type=\"column\" data-e-type=\"column\">\n\t\t\t<div class=\"elementor-widget-wrap elementor-element-populated\">\n\t\t\t\t\t\t<div class=\"elementor-element elementor-element-4d66b2a elementor-widget elementor-widget-text-editor\" data-id=\"4d66b2a\" data-element_type=\"widget\" data-e-type=\"widget\" data-widget_type=\"text-editor.default\">\n\t\t\t\t<div class=\"elementor-widget-container\">\n\t\t\t\t\t\t\t\t\t<h2 style=\"text-align: center;\">Le projet en Bref<\/h2><p>Le projet photovolta\u00efque au sol de Bagatelle est le fruit d\u2019un partenariat entre ENERTRAG et Solvay, entreprise<br \/>propri\u00e9taire des terrains d\u2019implantation de la centrale.<\/p><p><br \/>Situ\u00e9 sur les communes de Clamecy et de Surgy, le projet s\u2019inscrit dans le cadre d\u2019une requalification de l\u2019ancien<br \/>site de La Rochette, aujourd\u2019hui en friche, pour produire de l\u2019\u00e9lectricit\u00e9 renouvelable et dans la s\u00e9curisation de<br \/>ce site \u00e0 proximit\u00e9 de l\u2019usine en activit\u00e9 de Solvay.<\/p><p><br \/>Le projet a fait l\u2019objet d\u2019une attention particuli\u00e8re au regard de la biodiversit\u00e9 pr\u00e9sente sur site et des contraintes techniques propres \u00e0 la proximit\u00e9 de l\u2019usine en activit\u00e9 de Solvay et de l\u2019Yonne.<\/p>\t\t\t\t\t\t\t\t<\/div>\n\t\t\t\t<\/div>\n\t\t\t\t\t<\/div>\n\t\t<\/div>\n\t\t\t\t\t<\/div>\n\t\t<\/section>\n\t\t\t\t<section class=\"elementor-section elementor-top-section elementor-element elementor-element-8cb4b8e elementor-section-boxed elementor-section-height-default elementor-section-height-default\" data-id=\"8cb4b8e\" data-element_type=\"section\" data-e-type=\"section\" data-settings=\"{&quot;_ha_eqh_enable&quot;:false}\">\n\t\t\t\t\t\t<div class=\"elementor-container elementor-column-gap-default\">\n\t\t\t\t\t<div class=\"elementor-column elementor-col-100 elementor-top-column elementor-element elementor-element-f06efe2\" data-id=\"f06efe2\" data-element_type=\"column\" data-e-type=\"column\">\n\t\t\t<div class=\"elementor-widget-wrap elementor-element-populated\">\n\t\t\t\t\t\t<div class=\"elementor-element elementor-element-6a5c2f6 elementor-widget elementor-widget-text-editor\" data-id=\"6a5c2f6\" data-element_type=\"widget\" data-e-type=\"widget\" data-widget_type=\"text-editor.default\">\n\t\t\t\t<div class=\"elementor-widget-container\">\n\t\t\t\t\t\t\t\t\t<p>D\u00e8s le 18 d\u00e9cembre 2023, il sera possible de participer au financement du projet via la plateforme Lendosph\u00e8re !<\/p>\t\t\t\t\t\t\t\t<\/div>\n\t\t\t\t<\/div>\n\t\t\t\t\t<\/div>\n\t\t<\/div>\n\t\t\t\t\t<\/div>\n\t\t<\/section>\n\t\t\t\t<section class=\"elementor-section elementor-top-section elementor-element elementor-element-745b72d elementor-section-boxed elementor-section-height-default elementor-section-height-default\" data-id=\"745b72d\" data-element_type=\"section\" data-e-type=\"section\" data-settings=\"{&quot;_ha_eqh_enable&quot;:false}\">\n\t\t\t\t\t\t<div class=\"elementor-container elementor-column-gap-default\">\n\t\t\t\t\t<div class=\"elementor-column elementor-col-100 elementor-top-column elementor-element elementor-element-62de29a\" data-id=\"62de29a\" data-element_type=\"column\" data-e-type=\"column\">\n\t\t\t<div class=\"elementor-widget-wrap elementor-element-populated\">\n\t\t\t\t\t\t<div class=\"elementor-element elementor-element-8ed7c1f elementor-align-center elementor-widget elementor-widget-button\" data-id=\"8ed7c1f\" data-element_type=\"widget\" data-e-type=\"widget\" data-widget_type=\"button.default\">\n\t\t\t\t<div class=\"elementor-widget-container\">\n\t\t\t\t\t\t\t\t\t<div class=\"elementor-button-wrapper\">\n\t\t\t\t\t<a class=\"elementor-button elementor-button-link elementor-size-md\" href=\"https:\/\/www.enertrag.fr\/bagatelle\/le-projet\/\">\n\t\t\t\t\t\t<span class=\"elementor-button-content-wrapper\">\n\t\t\t\t\t\t\t\t\t<span class=\"elementor-button-text\">Je d\u00e9couvre le projet<\/span>\n\t\t\t\t\t<\/span>\n\t\t\t\t\t<\/a>\n\t\t\t\t<\/div>\n\t\t\t\t\t\t\t\t<\/div>\n\t\t\t\t<\/div>\n\t\t\t\t<div class=\"elementor-element elementor-element-a2ca5e2 elementor-align-center elementor-widget elementor-widget-button\" data-id=\"a2ca5e2\" data-element_type=\"widget\" data-e-type=\"widget\" data-widget_type=\"button.default\">\n\t\t\t\t<div class=\"elementor-widget-container\">\n\t\t\t\t\t\t\t\t\t<div class=\"elementor-button-wrapper\">\n\t\t\t\t\t<a class=\"elementor-button elementor-button-link elementor-size-md\" href=\"https:\/\/www.enertrag.fr\/bagatelle\/financement-participatif\/\">\n\t\t\t\t\t\t<span class=\"elementor-button-content-wrapper\">\n\t\t\t\t\t\t\t\t\t<span class=\"elementor-button-text\">\u00c7a m'int\u00e9resse !<\/span>\n\t\t\t\t\t<\/span>\n\t\t\t\t\t<\/a>\n\t\t\t\t<\/div>\n\t\t\t\t\t\t\t\t<\/div>\n\t\t\t\t<\/div>\n\t\t\t\t<div class=\"elementor-element elementor-element-164d1dd elementor-widget elementor-widget-video\" data-id=\"164d1dd\" data-element_type=\"widget\" data-e-type=\"widget\" data-settings=\"{&quot;youtube_url&quot;:&quot;https:\\\/\\\/www.youtube.com\\\/watch?v=JF9ccMkRJwU&quot;,&quot;video_type&quot;:&quot;youtube&quot;,&quot;controls&quot;:&quot;yes&quot;}\" data-widget_type=\"video.default\">\n\t\t\t\t<div class=\"elementor-widget-container\">\n\t\t\t\t\t\t\t<div class=\"elementor-wrapper elementor-open-inline\">\n\t\t\t<div class=\"elementor-video\"><\/div>\t\t<\/div>\n\t\t\t\t\t\t<\/div>\n\t\t\t\t<\/div>\n\t\t\t\t\t<\/div>\n\t\t<\/div>\n\t\t\t\t\t<\/div>\n\t\t<\/section>\n\t\t\t\t<section class=\"elementor-section elementor-top-section elementor-element elementor-element-90202da elementor-section-boxed elementor-section-height-default elementor-section-height-default\" data-id=\"90202da\" data-element_type=\"section\" data-e-type=\"section\" data-settings=\"{&quot;_ha_eqh_enable&quot;:false}\">\n\t\t\t\t\t\t<div class=\"elementor-container elementor-column-gap-default\">\n\t\t\t\t\t<div class=\"elementor-column elementor-col-100 elementor-top-column elementor-element elementor-element-33d2c34\" data-id=\"33d2c34\" data-element_type=\"column\" data-e-type=\"column\">\n\t\t\t<div class=\"elementor-widget-wrap\">\n\t\t\t\t\t\t\t<\/div>\n\t\t<\/div>\n\t\t\t\t\t<\/div>\n\t\t<\/section>\n\t\t\t\t<section class=\"elementor-section elementor-top-section elementor-element elementor-element-704ef9c elementor-section-boxed elementor-section-height-default elementor-section-height-default\" data-id=\"704ef9c\" data-element_type=\"section\" data-e-type=\"section\" data-settings=\"{&quot;_ha_eqh_enable&quot;:false}\">\n\t\t\t\t\t\t<div class=\"elementor-container elementor-column-gap-default\">\n\t\t\t\t\t<div class=\"elementor-column elementor-col-100 elementor-top-column elementor-element elementor-element-4a78545\" data-id=\"4a78545\" data-element_type=\"column\" data-e-type=\"column\">\n\t\t\t<div class=\"elementor-widget-wrap\">\n\t\t\t\t\t\t\t<\/div>\n\t\t<\/div>\n\t\t\t\t\t<\/div>\n\t\t<\/section>\n\t\t\t\t<\/div>\n\t\t","protected":false},"excerpt":{"rendered":"<p>PROJET PHOTOVOLTA\u00cfQUE AU SOL DE BAGATELLE<\/p>\n","protected":false},"author":1,"featured_media":0,"parent":0,"menu_order":0,"comment_status":"closed","ping_status":"closed","template":"","meta":{"_acf_changed":false,"footnotes":""},"class_list":["post-5","page","type-page","status-publish","hentry"],"acf":[],"yoast_head":"<!-- This site is optimized with the Yoast SEO plugin v27.5 - https:\/\/yoast.com\/product\/yoast-seo-wordpress\/ -->\n<title>Accueil - Projet photovolta\u00efque au sol de Bagatelle<\/title>\n<meta name=\"robots\" content=\"index, follow, max-snippet:-1, max-image-preview:large, max-video-preview:-1\" \/>\n<link rel=\"canonical\" href=\"https:\/\/www.enertrag.fr\/bagatelle\/\" \/>\n<meta property=\"og:locale\" content=\"fr_FR\" \/>\n<meta property=\"og:type\" content=\"article\" \/>\n<meta property=\"og:title\" content=\"Accueil - Projet photovolta\u00efque au sol de Bagatelle\" \/>\n<meta property=\"og:description\" content=\"PROJET PHOTOVOLTA\u00cfQUE AU SOL DE BAGATELLE\" \/>\n<meta property=\"og:url\" content=\"https:\/\/www.enertrag.fr\/bagatelle\/\" \/>\n<meta property=\"og:site_name\" content=\"Projet photovolta\u00efque au sol de Bagatelle\" \/>\n<meta property=\"article:modified_time\" content=\"2023-12-14T15:50:05+00:00\" \/>\n<meta property=\"og:image\" content=\"https:\/\/www.enertrag.fr\/bagatelle\/wp-content\/uploads\/sites\/39\/2023\/11\/Bandeau-BO-BP-scaled.jpg\" \/>\n<meta name=\"twitter:card\" content=\"summary_large_image\" \/>\n<meta name=\"twitter:label1\" content=\"Dur\u00e9e de lecture estim\u00e9e\" \/>\n\t<meta name=\"twitter:data1\" content=\"2 minutes\" \/>\n<script type=\"application\/ld+json\" class=\"yoast-schema-graph\">{\"@context\":\"https:\\\/\\\/schema.org\",\"@graph\":[{\"@type\":\"WebPage\",\"@id\":\"https:\\\/\\\/www.enertrag.fr\\\/bagatelle\\\/\",\"url\":\"https:\\\/\\\/www.enertrag.fr\\\/bagatelle\\\/\",\"name\":\"Accueil - Projet photovolta\u00efque au sol de Bagatelle\",\"isPartOf\":{\"@id\":\"https:\\\/\\\/www.enertrag.fr\\\/bagatelle\\\/#website\"},\"primaryImageOfPage\":{\"@id\":\"https:\\\/\\\/www.enertrag.fr\\\/bagatelle\\\/#primaryimage\"},\"image\":{\"@id\":\"https:\\\/\\\/www.enertrag.fr\\\/bagatelle\\\/#primaryimage\"},\"thumbnailUrl\":\"https:\\\/\\\/www.enertrag.fr\\\/bagatelle\\\/wp-content\\\/uploads\\\/sites\\\/39\\\/2023\\\/11\\\/Bandeau-BO-BP-scaled.jpg\",\"datePublished\":\"2023-01-10T11:26:09+00:00\",\"dateModified\":\"2023-12-14T15:50:05+00:00\",\"breadcrumb\":{\"@id\":\"https:\\\/\\\/www.enertrag.fr\\\/bagatelle\\\/#breadcrumb\"},\"inLanguage\":\"fr-FR\",\"potentialAction\":[{\"@type\":\"ReadAction\",\"target\":[\"https:\\\/\\\/www.enertrag.fr\\\/bagatelle\\\/\"]}]},{\"@type\":\"ImageObject\",\"inLanguage\":\"fr-FR\",\"@id\":\"https:\\\/\\\/www.enertrag.fr\\\/bagatelle\\\/#primaryimage\",\"url\":\"https:\\\/\\\/www.enertrag.fr\\\/bagatelle\\\/wp-content\\\/uploads\\\/sites\\\/39\\\/2023\\\/11\\\/Bandeau-BO-BP-scaled.jpg\",\"contentUrl\":\"https:\\\/\\\/www.enertrag.fr\\\/bagatelle\\\/wp-content\\\/uploads\\\/sites\\\/39\\\/2023\\\/11\\\/Bandeau-BO-BP-scaled.jpg\",\"width\":2560,\"height\":553},{\"@type\":\"BreadcrumbList\",\"@id\":\"https:\\\/\\\/www.enertrag.fr\\\/bagatelle\\\/#breadcrumb\",\"itemListElement\":[{\"@type\":\"ListItem\",\"position\":1,\"name\":\"Accueil\",\"item\":\"https:\\\/\\\/www.enertrag.fr\\\/bagatelle\\\/\"},{\"@type\":\"ListItem\",\"position\":2,\"name\":\"Accueil\"}]},{\"@type\":\"WebSite\",\"@id\":\"https:\\\/\\\/www.enertrag.fr\\\/bagatelle\\\/#website\",\"url\":\"https:\\\/\\\/www.enertrag.fr\\\/bagatelle\\\/\",\"name\":\"Projet photovolta\u00efque au sol de Bagatelle\",\"description\":\"\",\"publisher\":{\"@id\":\"https:\\\/\\\/www.enertrag.fr\\\/bagatelle\\\/#organization\"},\"potentialAction\":[{\"@type\":\"SearchAction\",\"target\":{\"@type\":\"EntryPoint\",\"urlTemplate\":\"https:\\\/\\\/www.enertrag.fr\\\/bagatelle\\\/?s={search_term_string}\"},\"query-input\":{\"@type\":\"PropertyValueSpecification\",\"valueRequired\":true,\"valueName\":\"search_term_string\"}}],\"inLanguage\":\"fr-FR\"},{\"@type\":\"Organization\",\"@id\":\"https:\\\/\\\/www.enertrag.fr\\\/bagatelle\\\/#organization\",\"name\":\"Projet photovolta\u00efque au sol de Bagatelle\",\"url\":\"https:\\\/\\\/www.enertrag.fr\\\/bagatelle\\\/\",\"logo\":{\"@type\":\"ImageObject\",\"inLanguage\":\"fr-FR\",\"@id\":\"https:\\\/\\\/www.enertrag.fr\\\/bagatelle\\\/#\\\/schema\\\/logo\\\/image\\\/\",\"url\":\"https:\\\/\\\/www.enertrag.fr\\\/bagatelle\\\/wp-content\\\/uploads\\\/sites\\\/39\\\/2023\\\/01\\\/ENERTRAG_Logo.png\",\"contentUrl\":\"https:\\\/\\\/www.enertrag.fr\\\/bagatelle\\\/wp-content\\\/uploads\\\/sites\\\/39\\\/2023\\\/01\\\/ENERTRAG_Logo.png\",\"width\":500,\"height\":161,\"caption\":\"Projet photovolta\u00efque au sol de Bagatelle\"},\"image\":{\"@id\":\"https:\\\/\\\/www.enertrag.fr\\\/bagatelle\\\/#\\\/schema\\\/logo\\\/image\\\/\"}}]}<\/script>\n<!-- \/ Yoast SEO plugin. -->","yoast_head_json":{"title":"Accueil - Projet photovolta\u00efque au sol de Bagatelle","robots":{"index":"index","follow":"follow","max-snippet":"max-snippet:-1","max-image-preview":"max-image-preview:large","max-video-preview":"max-video-preview:-1"},"canonical":"https:\/\/www.enertrag.fr\/bagatelle\/","og_locale":"fr_FR","og_type":"article","og_title":"Accueil - Projet photovolta\u00efque au sol de Bagatelle","og_description":"PROJET PHOTOVOLTA\u00cfQUE AU SOL DE BAGATELLE","og_url":"https:\/\/www.enertrag.fr\/bagatelle\/","og_site_name":"Projet photovolta\u00efque au sol de Bagatelle","article_modified_time":"2023-12-14T15:50:05+00:00","og_image":[{"url":"https:\/\/www.enertrag.fr\/bagatelle\/wp-content\/uploads\/sites\/39\/2023\/11\/Bandeau-BO-BP-scaled.jpg","type":"","width":"","height":""}],"twitter_card":"summary_large_image","twitter_misc":{"Dur\u00e9e de lecture estim\u00e9e":"2 minutes"},"schema":{"@context":"https:\/\/schema.org","@graph":[{"@type":"WebPage","@id":"https:\/\/www.enertrag.fr\/bagatelle\/","url":"https:\/\/www.enertrag.fr\/bagatelle\/","name":"Accueil - Projet photovolta\u00efque au sol de Bagatelle","isPartOf":{"@id":"https:\/\/www.enertrag.fr\/bagatelle\/#website"},"primaryImageOfPage":{"@id":"https:\/\/www.enertrag.fr\/bagatelle\/#primaryimage"},"image":{"@id":"https:\/\/www.enertrag.fr\/bagatelle\/#primaryimage"},"thumbnailUrl":"https:\/\/www.enertrag.fr\/bagatelle\/wp-content\/uploads\/sites\/39\/2023\/11\/Bandeau-BO-BP-scaled.jpg","datePublished":"2023-01-10T11:26:09+00:00","dateModified":"2023-12-14T15:50:05+00:00","breadcrumb":{"@id":"https:\/\/www.enertrag.fr\/bagatelle\/#breadcrumb"},"inLanguage":"fr-FR","potentialAction":[{"@type":"ReadAction","target":["https:\/\/www.enertrag.fr\/bagatelle\/"]}]},{"@type":"ImageObject","inLanguage":"fr-FR","@id":"https:\/\/www.enertrag.fr\/bagatelle\/#primaryimage","url":"https:\/\/www.enertrag.fr\/bagatelle\/wp-content\/uploads\/sites\/39\/2023\/11\/Bandeau-BO-BP-scaled.jpg","contentUrl":"https:\/\/www.enertrag.fr\/bagatelle\/wp-content\/uploads\/sites\/39\/2023\/11\/Bandeau-BO-BP-scaled.jpg","width":2560,"height":553},{"@type":"BreadcrumbList","@id":"https:\/\/www.enertrag.fr\/bagatelle\/#breadcrumb","itemListElement":[{"@type":"ListItem","position":1,"name":"Accueil","item":"https:\/\/www.enertrag.fr\/bagatelle\/"},{"@type":"ListItem","position":2,"name":"Accueil"}]},{"@type":"WebSite","@id":"https:\/\/www.enertrag.fr\/bagatelle\/#website","url":"https:\/\/www.enertrag.fr\/bagatelle\/","name":"Projet photovolta\u00efque au sol de Bagatelle","description":"","publisher":{"@id":"https:\/\/www.enertrag.fr\/bagatelle\/#organization"},"potentialAction":[{"@type":"SearchAction","target":{"@type":"EntryPoint","urlTemplate":"https:\/\/www.enertrag.fr\/bagatelle\/?s={search_term_string}"},"query-input":{"@type":"PropertyValueSpecification","valueRequired":true,"valueName":"search_term_string"}}],"inLanguage":"fr-FR"},{"@type":"Organization","@id":"https:\/\/www.enertrag.fr\/bagatelle\/#organization","name":"Projet photovolta\u00efque au sol de Bagatelle","url":"https:\/\/www.enertrag.fr\/bagatelle\/","logo":{"@type":"ImageObject","inLanguage":"fr-FR","@id":"https:\/\/www.enertrag.fr\/bagatelle\/#\/schema\/logo\/image\/","url":"https:\/\/www.enertrag.fr\/bagatelle\/wp-content\/uploads\/sites\/39\/2023\/01\/ENERTRAG_Logo.png","contentUrl":"https:\/\/www.enertrag.fr\/bagatelle\/wp-content\/uploads\/sites\/39\/2023\/01\/ENERTRAG_Logo.png","width":500,"height":161,"caption":"Projet photovolta\u00efque au sol de Bagatelle"},"image":{"@id":"https:\/\/www.enertrag.fr\/bagatelle\/#\/schema\/logo\/image\/"}}]}},"_links":{"self":[{"href":"https:\/\/www.enertrag.fr\/bagatelle\/wp-json\/wp\/v2\/pages\/5","targetHints":{"allow":["GET"]}}],"collection":[{"href":"https:\/\/www.enertrag.fr\/bagatelle\/wp-json\/wp\/v2\/pages"}],"about":[{"href":"https:\/\/www.enertrag.fr\/bagatelle\/wp-json\/wp\/v2\/types\/page"}],"author":[{"embeddable":true,"href":"https:\/\/www.enertrag.fr\/bagatelle\/wp-json\/wp\/v2\/users\/1"}],"replies":[{"embeddable":true,"href":"https:\/\/www.enertrag.fr\/bagatelle\/wp-json\/wp\/v2\/comments?post=5"}],"version-history":[{"count":0,"href":"https:\/\/www.enertrag.fr\/bagatelle\/wp-json\/wp\/v2\/pages\/5\/revisions"}],"wp:attachment":[{"href":"https:\/\/www.enertrag.fr\/bagatelle\/wp-json\/wp\/v2\/media?parent=5"}],"curies":[{"name":"wp","href":"https:\/\/api.w.org\/{rel}","templated":true}]}}